{"id":108292,"date":"2024-12-15T16:14:51","date_gmt":"2024-12-15T16:14:51","guid":{"rendered":"https:\/\/www.otiumhome.fi\/?p=108292"},"modified":"2025-12-14T09:25:44","modified_gmt":"2025-12-14T09:25:44","slug":"puutarhan-sailytyskaappi-musta-198x555x80-cm-polyrottinki","status":"publish","type":"product","link":"https:\/\/www.otiumhome.fi\/index.php\/tuote\/puutarhan-sailytyskaappi-musta-198x555x80-cm-polyrottinki\/","title":{"rendered":"Puutarhan s\u00e4ilytyskaappi musta 198&#215;55,5&#215;80 cm polyrottinki"},"content":{"rendered":"<p>T\u00e4m\u00e4 puutarhan s\u00e4ilytyskaappi on suunniteltu koristeelliseksi ja k\u00e4yt\u00e4nn\u00f6lliseksi lis\u00e4ksi nykyiseen sisustukseesi.<\/p>\n<\/p>\n<ul>\n<li>Kest\u00e4v\u00e4 materiaali: Polyrottinki on poikkeuksellisen kest\u00e4v\u00e4 materiaali ja kest\u00e4\u00e4 hyvin erilaisia s\u00e4\u00e4olosuhteita. Se vaatii my\u00f6s v\u00e4h\u00e4n huoltoa. Ovenkahvat on valmistettu tihe\u00e4st\u00e4 ja tukevasta akaasiapuusta.<\/li>\n<li>Vakaa runko: Jauhemaalattu ter\u00e4srunko varmistaa tukevuuden ja vakauden.<\/li>\n<li>Runsaasti s\u00e4ilytystilaa: T\u00e4m\u00e4 ty\u00f6kalupakki tarjoaa runsaasti tilaa t\u00e4rkeiden tavaroiden j\u00e4rjest\u00e4miseen ja s\u00e4ilytt\u00e4miseen.<\/li>\n<\/ul>\n<p>Huomautus:<\/p>\n<ul>\n<li>Jokaisen tuotteen mukana tulee kokoamisohje laatikossa helppoa kokoamista varten.<\/li>\n<\/ul>\n<ul>\n<li>V\u00e4ri: Musta<\/li>\n<li>Materiaali: PE-rottinki, pulverimaalattu ter\u00e4s, massiiviakaasiapuu<\/li>\n<li>Mitat: 198 x 55,5 x 80 cm (L x S x K)<\/li>\n<\/ul>\n","protected":false},"excerpt":{"rendered":"<ul>\n<li>V\u00e4ri: Musta<\/li>\n<li>Materiaali: PE-rottinki, pulverimaalattu ter\u00e4s, massiiviakaasiapuu<\/li>\n<li>Mitat: 198 x 55,5 x 80 cm (L x S x K)<\/li>\n<\/ul>\n","protected":false},"featured_media":100000108292,"comment_status":"closed","ping_status":"closed","template":"","meta":[],"product_brand":[],"product_cat":[84,8635],"product_tag":[],"class_list":{"0":"post-108292","1":"product","2":"type-product","3":"status-publish","4":"has-post-thumbnail","6":"product_cat-huonekalut","7":"product_cat-sailytys-lukkokaapit","9":"first","10":"instock","11":"taxable","12":"shipping-taxable","13":"purchasable","14":"product-type-simple"},"_links":{"self":[{"href":"https:\/\/www.otiumhome.fi\/index.php\/wp-json\/wp\/v2\/product\/108292","targetHints":{"allow":["GET"]}}],"collection":[{"href":"https:\/\/www.otiumhome.fi\/index.php\/wp-json\/wp\/v2\/product"}],"about":[{"href":"https:\/\/www.otiumhome.fi\/index.php\/wp-json\/wp\/v2\/types\/product"}],"replies":[{"embeddable":true,"href":"https:\/\/www.otiumhome.fi\/index.php\/wp-json\/wp\/v2\/comments?post=108292"}],"wp:featuredmedia":[{"embeddable":true,"href":"https:\/\/www.otiumhome.fi\/index.php\/wp-json\/"}],"wp:attachment":[{"href":"https:\/\/www.otiumhome.fi\/index.php\/wp-json\/wp\/v2\/media?parent=108292"}],"wp:term":[{"taxonomy":"product_brand","embeddable":true,"href":"https:\/\/www.otiumhome.fi\/index.php\/wp-json\/wp\/v2\/product_brand?post=108292"},{"taxonomy":"product_cat","embeddable":true,"href":"https:\/\/www.otiumhome.fi\/index.php\/wp-json\/wp\/v2\/product_cat?post=108292"},{"taxonomy":"product_tag","embeddable":true,"href":"https:\/\/www.otiumhome.fi\/index.php\/wp-json\/wp\/v2\/product_tag?post=108292"}],"curies":[{"name":"wp","href":"https:\/\/api.w.org\/{rel}","templated":true}]}}