{"id":108233,"date":"2024-12-15T16:14:46","date_gmt":"2024-12-15T16:14:46","guid":{"rendered":"https:\/\/www.otiumhome.fi\/?p=108233"},"modified":"2025-06-06T16:35:34","modified_gmt":"2025-06-06T16:35:34","slug":"esittelykaappi-tummanruskea-46x24x140-cm-taysi-keisaripuu","status":"publish","type":"product","link":"https:\/\/www.otiumhome.fi\/index.php\/tuote\/esittelykaappi-tummanruskea-46x24x140-cm-taysi-keisaripuu\/","title":{"rendered":"Esittelykaappi tummanruskea 46x24x140 cm t\u00e4ysi keisaripuu"},"content":{"rendered":"<p>T\u00e4m\u00e4 k\u00e4yt\u00e4nn\u00f6llinen puinen esittelykaappi on todellinen katseiden vangitsija kotisi sisustuksessa.<\/p>\n<\/p>\n<p>T\u00e4ydest\u00e4 keisaripuusta valmistetun kaapin rakenne on vakaa ja kest\u00e4v\u00e4, joten se tarjoaa vuosien k\u00e4ytt\u00f6ajan. Kaapissa on kaksi ovea ja kolme yl\u00e4hylly\u00e4, joten se tarjoaa reilusti tilaa s\u00e4ilytykseen ja esittelyyn. Se on my\u00f6s helppo puhdistaa ja hoitaa.<\/p>\n<ul>\n<li>V\u00e4ri: tummanruskea<\/li>\n<li>Materiaali: t\u00e4ysi keisaripuu, vaneri<\/li>\n<li>Koko: 46 x 24 x 140 cm (L x S x K)<\/li>\n<li>Oven koko (yksi): 21 x 54 cm (L x K)<\/li>\n<li>Asennus vaaditaan: kyll\u00e4<\/li>\n<li>Maksimikantavuus (yhteens\u00e4): 50 kg<\/li>\n<li>Enimm\u00e4iskantavuus per hylly: 10 kg<\/li>\n<li><strong>VAROITUS:<\/strong> Kaatumisen est\u00e4miseksi t\u00e4t\u00e4 tuotetta on k\u00e4ytett\u00e4v\u00e4 mukana toimitetun sein\u00e4kiinnityslaitteen kanssa<\/li>\n<li>Legal Documents:\n<p><span>Lis\u00e4tietoja huonekalujesi kaatumisen est\u00e4misest\u00e4 voit l\u00f6yt\u00e4\u00e4 <span style=\"text-decoration: underline\"><strong><a title=\"https:\/\/bit.ly\/3bVwkQp\" href=\"https:\/\/bit.ly\/3bVwkQp\" target=\"_blank\">t\u00e4\u00e4lt\u00e4<\/a><\/strong><\/span><\/span><\/p>\n<\/li>\n<\/ul>\n","protected":false},"excerpt":{"rendered":"<ul>\n<li>V\u00e4ri: tummanruskea<\/li>\n<li>Materiaali: t\u00e4ysi keisaripuu, vaneri<\/li>\n<li>Koko: 46 x 24 x 140 cm (L x S x K)<\/li>\n<li>Oven koko (yksi): 21 x 54 cm (L x K)<\/li>\n<li>Asennus vaaditaan: kyll\u00e4<\/li>\n<li>Maksimikantavuus (yhteens\u00e4): 50 kg<\/li>\n<li>Enimm\u00e4iskantavuus per hylly: 10 kg<\/li>\n<li><strong>VAROITUS:<\/strong> Kaatumisen est\u00e4miseksi t\u00e4t\u00e4 tuotetta on k\u00e4ytett\u00e4v\u00e4 mukana toimitetun sein\u00e4kiinnityslaitteen kanssa<\/li>\n<li>Legal Documents:\n<p><span>Lis\u00e4tietoja huonekalujesi kaatumisen est\u00e4misest\u00e4 voit l\u00f6yt\u00e4\u00e4 <span style=\"text-decoration: underline\"><strong><a title=\"https:\/\/bit.ly\/3bVwkQp\" href=\"https:\/\/bit.ly\/3bVwkQp\" target=\"_blank\">t\u00e4\u00e4lt\u00e4<\/a><\/strong><\/span><\/span><\/p>\n<\/li>\n<\/ul>\n","protected":false},"featured_media":100000108233,"comment_status":"closed","ping_status":"closed","template":"","meta":[],"product_brand":[],"product_cat":[84,8635],"product_tag":[],"class_list":{"0":"post-108233","1":"product","2":"type-product","3":"status-publish","4":"has-post-thumbnail","6":"product_cat-huonekalut","7":"product_cat-sailytys-lukkokaapit","9":"first","10":"instock","11":"taxable","12":"shipping-taxable","13":"purchasable","14":"product-type-simple"},"_links":{"self":[{"href":"https:\/\/www.otiumhome.fi\/index.php\/wp-json\/wp\/v2\/product\/108233","targetHints":{"allow":["GET"]}}],"collection":[{"href":"https:\/\/www.otiumhome.fi\/index.php\/wp-json\/wp\/v2\/product"}],"about":[{"href":"https:\/\/www.otiumhome.fi\/index.php\/wp-json\/wp\/v2\/types\/product"}],"replies":[{"embeddable":true,"href":"https:\/\/www.otiumhome.fi\/index.php\/wp-json\/wp\/v2\/comments?post=108233"}],"wp:featuredmedia":[{"embeddable":true,"href":"https:\/\/www.otiumhome.fi\/index.php\/wp-json\/"}],"wp:attachment":[{"href":"https:\/\/www.otiumhome.fi\/index.php\/wp-json\/wp\/v2\/media?parent=108233"}],"wp:term":[{"taxonomy":"product_brand","embeddable":true,"href":"https:\/\/www.otiumhome.fi\/index.php\/wp-json\/wp\/v2\/product_brand?post=108233"},{"taxonomy":"product_cat","embeddable":true,"href":"https:\/\/www.otiumhome.fi\/index.php\/wp-json\/wp\/v2\/product_cat?post=108233"},{"taxonomy":"product_tag","embeddable":true,"href":"https:\/\/www.otiumhome.fi\/index.php\/wp-json\/wp\/v2\/product_tag?post=108233"}],"curies":[{"name":"wp","href":"https:\/\/api.w.org\/{rel}","templated":true}]}}