{"id":108014,"date":"2024-12-15T16:13:52","date_gmt":"2024-12-15T16:13:52","guid":{"rendered":"https:\/\/www.otiumhome.fi\/?p=108014"},"modified":"2025-06-06T16:34:13","modified_gmt":"2025-06-06T16:34:13","slug":"tv-seinakaappi-artesaani-tammi-60x26x185-cm-tekninen-puu","status":"publish","type":"product","link":"https:\/\/www.otiumhome.fi\/index.php\/tuote\/tv-seinakaappi-artesaani-tammi-60x26x185-cm-tekninen-puu\/","title":{"rendered":"TV-sein\u00e4kaappi artesaani tammi 60x26x18,5 cm tekninen puu"},"content":{"rendered":"<p>T\u00e4m\u00e4 k\u00e4tev\u00e4 sein\u00e4kaappi on helppo kiinnitt\u00e4\u00e4 sein\u00e4\u00e4n. Se on koristeellinen ja k\u00e4yt\u00e4nn\u00f6llinen lis\u00e4 kotisi sisustukseesi.<\/p>\n<\/p>\n<ul>\n<li>Tukeva runko: Tekninen puu on poikkeuksellisen laadukasta ja sile\u00e4pintaista. Se on my\u00f6s luja, vakaa ja kosteudelle vastustuskykyinen.<\/li>\n<li>Runsaasti s\u00e4ilytystilaa: T\u00e4ss\u00e4 TV-sein\u00e4kaapissa on kaksi laatikkoa, jotka tarjoavat kotiisi runsaasti s\u00e4ilytystilaa viem\u00e4tt\u00e4 paljon lattiatilaa. Voit j\u00e4rjest\u00e4\u00e4 siihen my\u00f6s tavaroita, kuten mediasoittimia, lehti\u00e4 ja muita.<\/li>\n<li>Tyylik\u00e4s suunnittelu: Yksinkertainen suunnittelu saa t\u00e4m\u00e4n kelluvan TV-yksik\u00f6n sopimaan mihin tahansa huoneeseen ja mink\u00e4 tahansa tyylisten kalusteiden kanssa. Se lis\u00e4\u00e4 ripauksen eleganssia ja eloisuutta kotiisi.<\/li>\n<\/ul>\n<p>Hyv\u00e4 tiet\u00e4\u00e4:<\/p>\n<ul>\n<li>Sein\u00e4\u00e4n kiinnitett\u00e4v\u00e4t ruuvit ja tulpat eiv\u00e4t sis\u00e4lly toimitukseen. Suosittelemme etsim\u00e4\u00e4n ja k\u00e4ytt\u00e4m\u00e4\u00e4n sein\u00e4\u00e4si sopivia ruuveja ja tulppia. Jos olet ep\u00e4varma, kysy ammattilaisen neuvoa. Lue ja noudata ohjeiden jokaista vaihetta.<\/li>\n<\/ul>\n<ul>\n<li>V\u00e4ri: artisaanitammi<\/li>\n<li>Materiaali: Tekninen puu<\/li>\n<li>Mitat: 60 x 26 x 18,5 cm (L x S x K)<\/li>\n<li>Maksimikantavuus (yhteens\u00e4): 50 kg<\/li>\n<li>Asennus vaaditaan: Kyll\u00e4<\/li>\n<\/ul>\n","protected":false},"excerpt":{"rendered":"<ul>\n<li>V\u00e4ri: artisaanitammi<\/li>\n<li>Materiaali: Tekninen puu<\/li>\n<li>Mitat: 60 x 26 x 18,5 cm (L x S x K)<\/li>\n<li>Maksimikantavuus (yhteens\u00e4): 50 kg<\/li>\n<li>Asennus vaaditaan: Kyll\u00e4<\/li>\n<\/ul>\n","protected":false},"featured_media":100000108014,"comment_status":"closed","ping_status":"closed","template":"","meta":[],"product_brand":[],"product_cat":[84,8634],"product_tag":[],"class_list":{"0":"post-108014","1":"product","2":"type-product","3":"status-publish","4":"has-post-thumbnail","6":"product_cat-huonekalut","7":"product_cat-seinahyllyt","9":"first","10":"instock","11":"taxable","12":"shipping-taxable","13":"purchasable","14":"product-type-simple"},"_links":{"self":[{"href":"https:\/\/www.otiumhome.fi\/index.php\/wp-json\/wp\/v2\/product\/108014","targetHints":{"allow":["GET"]}}],"collection":[{"href":"https:\/\/www.otiumhome.fi\/index.php\/wp-json\/wp\/v2\/product"}],"about":[{"href":"https:\/\/www.otiumhome.fi\/index.php\/wp-json\/wp\/v2\/types\/product"}],"replies":[{"embeddable":true,"href":"https:\/\/www.otiumhome.fi\/index.php\/wp-json\/wp\/v2\/comments?post=108014"}],"wp:featuredmedia":[{"embeddable":true,"href":"https:\/\/www.otiumhome.fi\/index.php\/wp-json\/"}],"wp:attachment":[{"href":"https:\/\/www.otiumhome.fi\/index.php\/wp-json\/wp\/v2\/media?parent=108014"}],"wp:term":[{"taxonomy":"product_brand","embeddable":true,"href":"https:\/\/www.otiumhome.fi\/index.php\/wp-json\/wp\/v2\/product_brand?post=108014"},{"taxonomy":"product_cat","embeddable":true,"href":"https:\/\/www.otiumhome.fi\/index.php\/wp-json\/wp\/v2\/product_cat?post=108014"},{"taxonomy":"product_tag","embeddable":true,"href":"https:\/\/www.otiumhome.fi\/index.php\/wp-json\/wp\/v2\/product_tag?post=108014"}],"curies":[{"name":"wp","href":"https:\/\/api.w.org\/{rel}","templated":true}]}}