{"id":107807,"date":"2024-12-15T16:13:35","date_gmt":"2024-12-15T16:13:35","guid":{"rendered":"https:\/\/www.otiumhome.fi\/?p=107807"},"modified":"2026-01-31T10:05:24","modified_gmt":"2026-01-31T10:05:24","slug":"cd-seinahylly-valkoinen-75x18x18-cm-tekninen-puu","status":"publish","type":"product","link":"https:\/\/www.otiumhome.fi\/index.php\/tuote\/cd-seinahylly-valkoinen-75x18x18-cm-tekninen-puu\/","title":{"rendered":"CD-sein\u00e4hylly valkoinen 75x18x18 cm tekninen puu"},"content":{"rendered":"<p>Pid\u00e4 kaikki arvokkaat CD- ja DVD-levysi turvassa t\u00e4ss\u00e4 tilavassa CD-sein\u00e4hyllyss\u00e4. Se on tyylik\u00e4s ja k\u00e4yt\u00e4nn\u00f6llinen sek\u00e4 t\u00e4ydellinen pit\u00e4m\u00e4\u00e4n musiikkikokoelmasi j\u00e4rjestyksess\u00e4.<\/p>\n<\/p>\n<p>Kolmessa avoimessa lokerossa on runsaasti s\u00e4ilytystilaa levyj\u00e4 varten, ja ne ovat my\u00f6s ihanteellisia tarvikkeiden s\u00e4ilytt\u00e4miseen. Vahvasta teknisest\u00e4 puusta valmistettu s\u00e4ilytyshylly on eritt\u00e4in tukeva ja kest\u00e4v\u00e4. CD-hylly on helppo puhdistaa ja asentaa sein\u00e4lle.<\/p>\n<\/p>\n<p>Erinomainen s\u00e4ilytysratkaisu kodin j\u00e4rjestyksess\u00e4 pit\u00e4miseen. T\u00e4m\u00e4 CD-hylly on juuri se mit\u00e4 tarvitset!<\/p>\n<ul>\n<li>V\u00e4ri: valkoinen<\/li>\n<li>Materiaali: tekninen puu<\/li>\n<li>Mitat: 75 x 18 x 18 cm (L x S x K)<\/li>\n<li>S\u00e4ilytyslokeroiden m\u00e4\u00e4r\u00e4: 3<\/li>\n<li>Maksimikantavuus (yhteens\u00e4): 40 kg<\/li>\n<li>Asennus vaaditaan: kyll\u00e4<\/li>\n<li><strong>Huomio: <\/strong>Sein\u00e4\u00e4n kiinnitett\u00e4v\u00e4t ruuvit ja tulpat eiv\u00e4t sis\u00e4lly toimitukseen. Etsi ja k\u00e4yt\u00e4 sein\u00e4\u00e4si sopivia ruuveja ja tulppia. Jos olet ep\u00e4varma, kysy ammattilaisen neuvoa. Lue ja seuraa asennusohjeiden jokaista vaihetta huolella.<\/li>\n<\/ul>\n","protected":false},"excerpt":{"rendered":"<ul>\n<li>V\u00e4ri: valkoinen<\/li>\n<li>Materiaali: tekninen puu<\/li>\n<li>Mitat: 75 x 18 x 18 cm (L x S x K)<\/li>\n<li>S\u00e4ilytyslokeroiden m\u00e4\u00e4r\u00e4: 3<\/li>\n<li>Maksimikantavuus (yhteens\u00e4): 40 kg<\/li>\n<li>Asennus vaaditaan: kyll\u00e4<\/li>\n<li><strong>Huomio: <\/strong>Sein\u00e4\u00e4n kiinnitett\u00e4v\u00e4t ruuvit ja tulpat eiv\u00e4t sis\u00e4lly toimitukseen. Etsi ja k\u00e4yt\u00e4 sein\u00e4\u00e4si sopivia ruuveja ja tulppia. Jos olet ep\u00e4varma, kysy ammattilaisen neuvoa. Lue ja seuraa asennusohjeiden jokaista vaihetta huolella.<\/li>\n<\/ul>\n","protected":false},"featured_media":100000107807,"comment_status":"closed","ping_status":"closed","template":"","meta":[],"product_brand":[],"product_cat":[84,8634],"product_tag":[],"class_list":{"0":"post-107807","1":"product","2":"type-product","3":"status-publish","4":"has-post-thumbnail","6":"product_cat-huonekalut","7":"product_cat-seinahyllyt","9":"first","10":"instock","11":"taxable","12":"shipping-taxable","13":"purchasable","14":"product-type-simple"},"_links":{"self":[{"href":"https:\/\/www.otiumhome.fi\/index.php\/wp-json\/wp\/v2\/product\/107807","targetHints":{"allow":["GET"]}}],"collection":[{"href":"https:\/\/www.otiumhome.fi\/index.php\/wp-json\/wp\/v2\/product"}],"about":[{"href":"https:\/\/www.otiumhome.fi\/index.php\/wp-json\/wp\/v2\/types\/product"}],"replies":[{"embeddable":true,"href":"https:\/\/www.otiumhome.fi\/index.php\/wp-json\/wp\/v2\/comments?post=107807"}],"wp:featuredmedia":[{"embeddable":true,"href":"https:\/\/www.otiumhome.fi\/index.php\/wp-json\/"}],"wp:attachment":[{"href":"https:\/\/www.otiumhome.fi\/index.php\/wp-json\/wp\/v2\/media?parent=107807"}],"wp:term":[{"taxonomy":"product_brand","embeddable":true,"href":"https:\/\/www.otiumhome.fi\/index.php\/wp-json\/wp\/v2\/product_brand?post=107807"},{"taxonomy":"product_cat","embeddable":true,"href":"https:\/\/www.otiumhome.fi\/index.php\/wp-json\/wp\/v2\/product_cat?post=107807"},{"taxonomy":"product_tag","embeddable":true,"href":"https:\/\/www.otiumhome.fi\/index.php\/wp-json\/wp\/v2\/product_tag?post=107807"}],"curies":[{"name":"wp","href":"https:\/\/api.w.org\/{rel}","templated":true}]}}