{"id":107687,"date":"2024-12-15T16:13:26","date_gmt":"2024-12-15T16:13:26","guid":{"rendered":"https:\/\/www.otiumhome.fi\/?p=107687"},"modified":"2025-06-06T16:32:46","modified_gmt":"2025-06-06T16:32:46","slug":"seinahylly-naulakko-kolme-laatikkoa-kaksi-koukkua","status":"publish","type":"product","link":"https:\/\/www.otiumhome.fi\/index.php\/tuote\/seinahylly-naulakko-kolme-laatikkoa-kaksi-koukkua\/","title":{"rendered":"Sein\u00e4hylly\/naulakko kolme laatikkoa kaksi koukkua"},"content":{"rendered":"<p>T\u00e4m\u00e4 klassisen tyylik\u00e4s <strong>3-laatikkoinen valkoinen sein\u00e4hylly <\/strong>on t\u00e4ydellinen all-in-one ratkaisu pieniin makuuhuoneisiin tai vierashuoneisiin, joissa tarvitaan lis\u00e4\u00e4 s\u00e4ilytystilaa. <strong>Sit\u00e4 voidaan k\u00e4ytt\u00e4\u00e4 my\u00f6s naulakkona, jonka alla on kaksi koukkua. <\/strong><\/p>\n<p><em><\/em>Se on valmistettu tihe\u00e4st\u00e4 kuitulevyst\u00e4 (MDF) ja laatikot liukuvat tasaisesti nailonliuskoilla, joissa on sis\u00e4\u00e4nrakennetut turvapys\u00e4yttimet. Ne on my\u00f6s helppo poistaa puhdistuksen tai muuton ajaksi. <\/p>\n<p>Siin\u00e4 on my\u00f6s kaksi koukkua laatikoiden alla takin, hatun, k\u00e4silaukun ja vastaavien ripustamiseen.<\/p>\n<p>Huomioi: koska t\u00e4m\u00e4 huonekalu on valmistettu k\u00e4sin puusta ja maalattu valkoiseksi, voi siin\u00e4 olla joitakin pieni\u00e4 ep\u00e4t\u00e4ydellisyyksi\u00e4.<\/p>\n<ul>\n<li>Mitat: 48,5 x 13 x 37,5 cm (P x L x K)<\/li>\n<li>V\u00e4ri: valkoinen<\/li>\n<li>Materiaali: Laadukas MDF<\/li>\n<li>Enimm\u00e4iskantavuus (yhteens\u00e4): 20 kg<\/li>\n<li>Enimm\u00e4iskantavuus per laatikko: 2 kg<\/li>\n<\/ul>\n","protected":false},"excerpt":{"rendered":"<ul>\n<li>Mitat: 48,5 x 13 x 37,5 cm (P x L x K)<\/li>\n<li>V\u00e4ri: valkoinen<\/li>\n<li>Materiaali: Laadukas MDF<\/li>\n<li>Enimm\u00e4iskantavuus (yhteens\u00e4): 20 kg<\/li>\n<li>Enimm\u00e4iskantavuus per laatikko: 2 kg<\/li>\n<\/ul>\n","protected":false},"featured_media":100000107687,"comment_status":"closed","ping_status":"closed","template":"","meta":[],"product_brand":[],"product_cat":[84,8634],"product_tag":[],"class_list":{"0":"post-107687","1":"product","2":"type-product","3":"status-publish","4":"has-post-thumbnail","6":"product_cat-huonekalut","7":"product_cat-seinahyllyt","9":"first","10":"instock","11":"taxable","12":"shipping-taxable","13":"purchasable","14":"product-type-simple"},"_links":{"self":[{"href":"https:\/\/www.otiumhome.fi\/index.php\/wp-json\/wp\/v2\/product\/107687","targetHints":{"allow":["GET"]}}],"collection":[{"href":"https:\/\/www.otiumhome.fi\/index.php\/wp-json\/wp\/v2\/product"}],"about":[{"href":"https:\/\/www.otiumhome.fi\/index.php\/wp-json\/wp\/v2\/types\/product"}],"replies":[{"embeddable":true,"href":"https:\/\/www.otiumhome.fi\/index.php\/wp-json\/wp\/v2\/comments?post=107687"}],"wp:featuredmedia":[{"embeddable":true,"href":"https:\/\/www.otiumhome.fi\/index.php\/wp-json\/"}],"wp:attachment":[{"href":"https:\/\/www.otiumhome.fi\/index.php\/wp-json\/wp\/v2\/media?parent=107687"}],"wp:term":[{"taxonomy":"product_brand","embeddable":true,"href":"https:\/\/www.otiumhome.fi\/index.php\/wp-json\/wp\/v2\/product_brand?post=107687"},{"taxonomy":"product_cat","embeddable":true,"href":"https:\/\/www.otiumhome.fi\/index.php\/wp-json\/wp\/v2\/product_cat?post=107687"},{"taxonomy":"product_tag","embeddable":true,"href":"https:\/\/www.otiumhome.fi\/index.php\/wp-json\/wp\/v2\/product_tag?post=107687"}],"curies":[{"name":"wp","href":"https:\/\/api.w.org\/{rel}","templated":true}]}}