{"id":106932,"date":"2024-12-15T15:59:45","date_gmt":"2024-12-15T15:59:45","guid":{"rendered":"https:\/\/www.otiumhome.fi\/?p=106932"},"modified":"2025-06-06T16:32:51","modified_gmt":"2025-06-06T16:32:51","slug":"seinahylly-savutammi-90x16x78-cm-tekninen-puu","status":"publish","type":"product","link":"https:\/\/www.otiumhome.fi\/index.php\/tuote\/seinahylly-savutammi-90x16x78-cm-tekninen-puu\/","title":{"rendered":"Sein\u00e4hylly savutammi 90x16x78 cm tekninen puu"},"content":{"rendered":"<p>Maksimoi sis\u00e4tilasi ja muuta sein\u00e4si tyylikk\u00e4\u00e4ksi t\u00e4m\u00e4n sein\u00e4hyllyn avulla!<\/p>\n<\/p>\n<ul>\n<li>Tukeva materiaali: Tekninen puu on poikkeuksellisen laadukasta ja sile\u00e4pintaista. Se on my\u00f6s luja, vakaa ja kosteudelle vastustuskykyinen.<\/li>\n<li>Runsaasti s\u00e4ilytystilaa: 10 lokeroa sis\u00e4lt\u00e4v\u00e4 sein\u00e4kiinnitett\u00e4v\u00e4 hylly palvelee t\u00e4ydellisen\u00e4 s\u00e4ilytys- ja esittelypaikkana kirjoille, palkinnoille, kokoelmille, koristeille, jne.<\/li>\n<li>Koristeellinen toiminto: Tyylik\u00e4s esittelyhylly voi muuntaa tyhj\u00e4n sein\u00e4n ainutlaatuiseksi sisustuselementiksi. Hylly on tarkoitettu mink\u00e4 tahansa huoneen keskipisteeksi.<\/li>\n<\/ul>\n<p>Huomioi:<\/p>\n<ul>\n<li>Sein\u00e4\u00e4n kiinnitett\u00e4v\u00e4t ruuvit ja tulpat eiv\u00e4t sis\u00e4lly toimitukseen. Etsi ja k\u00e4yt\u00e4 sein\u00e4\u00e4si sopivia ruuveja ja tulppia. Jos olet ep\u00e4varma, kysy ammattilaisen neuvoa. Lue ja seuraa asennusohjeiden jokaista vaihetta huolella.<\/li>\n<\/ul>\n<ul>\n<li>V\u00e4ri: savutammi<\/li>\n<li>Materiaali: tekninen puu<\/li>\n<li>Mitat: 90 x 16 x 78 cm (L x S x K)<\/li>\n<li>Maksimikantavuus (yhteens\u00e4): 40 kg<\/li>\n<li>Asennus vaaditaan: kyll\u00e4<\/li>\n<\/ul>\n","protected":false},"excerpt":{"rendered":"<ul>\n<li>V\u00e4ri: savutammi<\/li>\n<li>Materiaali: tekninen puu<\/li>\n<li>Mitat: 90 x 16 x 78 cm (L x S x K)<\/li>\n<li>Maksimikantavuus (yhteens\u00e4): 40 kg<\/li>\n<li>Asennus vaaditaan: kyll\u00e4<\/li>\n<\/ul>\n","protected":false},"featured_media":100000106932,"comment_status":"closed","ping_status":"closed","template":"","meta":[],"product_brand":[],"product_cat":[84,8634],"product_tag":[],"class_list":{"0":"post-106932","1":"product","2":"type-product","3":"status-publish","4":"has-post-thumbnail","6":"product_cat-huonekalut","7":"product_cat-seinahyllyt","9":"first","10":"instock","11":"taxable","12":"shipping-taxable","13":"purchasable","14":"product-type-simple"},"_links":{"self":[{"href":"https:\/\/www.otiumhome.fi\/index.php\/wp-json\/wp\/v2\/product\/106932","targetHints":{"allow":["GET"]}}],"collection":[{"href":"https:\/\/www.otiumhome.fi\/index.php\/wp-json\/wp\/v2\/product"}],"about":[{"href":"https:\/\/www.otiumhome.fi\/index.php\/wp-json\/wp\/v2\/types\/product"}],"replies":[{"embeddable":true,"href":"https:\/\/www.otiumhome.fi\/index.php\/wp-json\/wp\/v2\/comments?post=106932"}],"wp:featuredmedia":[{"embeddable":true,"href":"https:\/\/www.otiumhome.fi\/index.php\/wp-json\/"}],"wp:attachment":[{"href":"https:\/\/www.otiumhome.fi\/index.php\/wp-json\/wp\/v2\/media?parent=106932"}],"wp:term":[{"taxonomy":"product_brand","embeddable":true,"href":"https:\/\/www.otiumhome.fi\/index.php\/wp-json\/wp\/v2\/product_brand?post=106932"},{"taxonomy":"product_cat","embeddable":true,"href":"https:\/\/www.otiumhome.fi\/index.php\/wp-json\/wp\/v2\/product_cat?post=106932"},{"taxonomy":"product_tag","embeddable":true,"href":"https:\/\/www.otiumhome.fi\/index.php\/wp-json\/wp\/v2\/product_tag?post=106932"}],"curies":[{"name":"wp","href":"https:\/\/api.w.org\/{rel}","templated":true}]}}