{"id":106931,"date":"2024-12-15T15:59:45","date_gmt":"2024-12-15T15:59:45","guid":{"rendered":"https:\/\/www.otiumhome.fi\/?p=106931"},"modified":"2025-06-06T16:34:09","modified_gmt":"2025-06-06T16:34:09","slug":"seinahylly-musta-36x16x90-cm-tekninen-puu","status":"publish","type":"product","link":"https:\/\/www.otiumhome.fi\/index.php\/tuote\/seinahylly-musta-36x16x90-cm-tekninen-puu\/","title":{"rendered":"Sein\u00e4hylly musta 36x16x90 cm tekninen puu"},"content":{"rendered":"<p>Pinta-ala v\u00e4hiss\u00e4? Maksimoi asuntosi s\u00e4ilytystilat ja muuta sein\u00e4si tyylikk\u00e4\u00e4ksi t\u00e4ll\u00e4 sein\u00e4hyllyll\u00e4!<\/p>\n<\/p>\n<p>Avoimien lokeroiden my\u00f6t\u00e4 t\u00e4m\u00e4 sein\u00e4hylly tarjoaa t\u00e4ydellisen paikan s\u00e4ilytt\u00e4\u00e4 ja laittaa esille kirjat, palkinnot, kokoelmat, koriste-esineet, jne. Sein\u00e4kaappi on tukeva ja helposti puhdistettava. Lis\u00e4ksi mukana tulevien kiinnitysmateriaalien ansiosta, hyllyn kiinnitys sujuu helposti.<\/p>\n<ul>\n<li>V\u00e4ri: musta<\/li>\n<li>Materiaali: tekninen puu<\/li>\n<li>Mitat: 36 x 16 x 90 cm (L x S x K)<\/li>\n<li>Maksimikantavuus (yhteens\u00e4): 40 kg<\/li>\n<li>Asennus vaaditaan: kyll\u00e4<\/li>\n<li><strong>Huomio: <\/strong>Sein\u00e4\u00e4n kiinnitett\u00e4v\u00e4t ruuvit ja tulpat eiv\u00e4t sis\u00e4lly toimitukseen. Etsi ja k\u00e4yt\u00e4 sein\u00e4\u00e4si sopivia ruuveja ja tulppia. Jos olet ep\u00e4varma, kysy ammattilaisen neuvoa. Lue ja seuraa asennusohjeiden jokaista vaihetta huolella.<\/li>\n<\/ul>\n","protected":false},"excerpt":{"rendered":"<ul>\n<li>V\u00e4ri: musta<\/li>\n<li>Materiaali: tekninen puu<\/li>\n<li>Mitat: 36 x 16 x 90 cm (L x S x K)<\/li>\n<li>Maksimikantavuus (yhteens\u00e4): 40 kg<\/li>\n<li>Asennus vaaditaan: kyll\u00e4<\/li>\n<li><strong>Huomio: <\/strong>Sein\u00e4\u00e4n kiinnitett\u00e4v\u00e4t ruuvit ja tulpat eiv\u00e4t sis\u00e4lly toimitukseen. Etsi ja k\u00e4yt\u00e4 sein\u00e4\u00e4si sopivia ruuveja ja tulppia. Jos olet ep\u00e4varma, kysy ammattilaisen neuvoa. Lue ja seuraa asennusohjeiden jokaista vaihetta huolella.<\/li>\n<\/ul>\n","protected":false},"featured_media":100000106931,"comment_status":"closed","ping_status":"closed","template":"","meta":[],"product_brand":[],"product_cat":[84,8634],"product_tag":[],"class_list":{"0":"post-106931","1":"product","2":"type-product","3":"status-publish","4":"has-post-thumbnail","6":"product_cat-huonekalut","7":"product_cat-seinahyllyt","9":"first","10":"outofstock","11":"taxable","12":"shipping-taxable","13":"purchasable","14":"product-type-simple"},"_links":{"self":[{"href":"https:\/\/www.otiumhome.fi\/index.php\/wp-json\/wp\/v2\/product\/106931","targetHints":{"allow":["GET"]}}],"collection":[{"href":"https:\/\/www.otiumhome.fi\/index.php\/wp-json\/wp\/v2\/product"}],"about":[{"href":"https:\/\/www.otiumhome.fi\/index.php\/wp-json\/wp\/v2\/types\/product"}],"replies":[{"embeddable":true,"href":"https:\/\/www.otiumhome.fi\/index.php\/wp-json\/wp\/v2\/comments?post=106931"}],"wp:featuredmedia":[{"embeddable":true,"href":"https:\/\/www.otiumhome.fi\/index.php\/wp-json\/"}],"wp:attachment":[{"href":"https:\/\/www.otiumhome.fi\/index.php\/wp-json\/wp\/v2\/media?parent=106931"}],"wp:term":[{"taxonomy":"product_brand","embeddable":true,"href":"https:\/\/www.otiumhome.fi\/index.php\/wp-json\/wp\/v2\/product_brand?post=106931"},{"taxonomy":"product_cat","embeddable":true,"href":"https:\/\/www.otiumhome.fi\/index.php\/wp-json\/wp\/v2\/product_cat?post=106931"},{"taxonomy":"product_tag","embeddable":true,"href":"https:\/\/www.otiumhome.fi\/index.php\/wp-json\/wp\/v2\/product_tag?post=106931"}],"curies":[{"name":"wp","href":"https:\/\/api.w.org\/{rel}","templated":true}]}}