{"id":106894,"date":"2024-12-15T15:59:42","date_gmt":"2024-12-15T15:59:42","guid":{"rendered":"https:\/\/www.otiumhome.fi\/?p=106894"},"modified":"2025-09-30T00:12:12","modified_gmt":"2025-09-30T00:12:12","slug":"seinalaatikkohyllyt-2-kpl-betoninharmaa-40x235x10-cm-mdf","status":"publish","type":"product","link":"https:\/\/www.otiumhome.fi\/index.php\/tuote\/seinalaatikkohyllyt-2-kpl-betoninharmaa-40x235x10-cm-mdf\/","title":{"rendered":"Sein\u00e4laatikkohyllyt 2 kpl betoninharmaa 40&#215;23,5&#215;10 cm MDF"},"content":{"rendered":"<p>Tuo ripaus eleganttia vieh\u00e4tyst\u00e4 sisustukseesi n\u00e4ill\u00e4 kompakteilla laatikkohyllyill\u00e4!<\/p>\n<\/p>\n<p>MDF-levyst\u00e4 ja metallista valmistettu kelluva hylly on tehty kest\u00e4m\u00e4\u00e4n. Sein\u00e4\u00e4n kiinnitett\u00e4v\u00e4 hylly laatikolla sopii pienten esineiden, kuten korujen, kellojen, lompakoiden, avaimien jne. s\u00e4ilytt\u00e4miseen. Se lis\u00e4\u00e4 muotoilua ja tyyli\u00e4 erilaisiin olohuoneisiin ja antaa niille valoisan tunnelman.<\/p>\n<ul>\n<li>V\u00e4ri: Betoninharmaa<\/li>\n<li>Materiaali: MDF, metalli<\/li>\n<li>Mitat: 40 x 23,5 x 10 cm (L x S x K)<\/li>\n<li>Laatikon mitat: 29,5 x 18 x 5,5 cm (L x S x K)<\/li>\n<li>Suurin kantavuus (kpl): 10 kg<\/li>\n<li>Sis\u00e4lt\u00e4\u00e4 kiinnitysmateriaalit<\/li>\n<li>Kokoaminen vaaditaan: Kyll\u00e4<\/li>\n<li><strong>Toimitus sis\u00e4lt\u00e4\u00e4:<\/strong><\/li>\n<li>2 x laatikkohylly\u00e4<\/li>\n<\/ul>\n","protected":false},"excerpt":{"rendered":"<ul>\n<li>V\u00e4ri: Betoninharmaa<\/li>\n<li>Materiaali: MDF, metalli<\/li>\n<li>Mitat: 40 x 23,5 x 10 cm (L x S x K)<\/li>\n<li>Laatikon mitat: 29,5 x 18 x 5,5 cm (L x S x K)<\/li>\n<li>Suurin kantavuus (kpl): 10 kg<\/li>\n<li>Sis\u00e4lt\u00e4\u00e4 kiinnitysmateriaalit<\/li>\n<li>Kokoaminen vaaditaan: Kyll\u00e4<\/li>\n<li><strong>Toimitus sis\u00e4lt\u00e4\u00e4:<\/strong><\/li>\n<li>2 x laatikkohylly\u00e4<\/li>\n<\/ul>\n","protected":false},"featured_media":100000106894,"comment_status":"closed","ping_status":"closed","template":"","meta":[],"product_brand":[],"product_cat":[84,8634],"product_tag":[],"class_list":{"0":"post-106894","1":"product","2":"type-product","3":"status-publish","4":"has-post-thumbnail","6":"product_cat-huonekalut","7":"product_cat-seinahyllyt","9":"first","10":"instock","11":"taxable","12":"shipping-taxable","13":"purchasable","14":"product-type-simple"},"_links":{"self":[{"href":"https:\/\/www.otiumhome.fi\/index.php\/wp-json\/wp\/v2\/product\/106894","targetHints":{"allow":["GET"]}}],"collection":[{"href":"https:\/\/www.otiumhome.fi\/index.php\/wp-json\/wp\/v2\/product"}],"about":[{"href":"https:\/\/www.otiumhome.fi\/index.php\/wp-json\/wp\/v2\/types\/product"}],"replies":[{"embeddable":true,"href":"https:\/\/www.otiumhome.fi\/index.php\/wp-json\/wp\/v2\/comments?post=106894"}],"wp:featuredmedia":[{"embeddable":true,"href":"https:\/\/www.otiumhome.fi\/index.php\/wp-json\/"}],"wp:attachment":[{"href":"https:\/\/www.otiumhome.fi\/index.php\/wp-json\/wp\/v2\/media?parent=106894"}],"wp:term":[{"taxonomy":"product_brand","embeddable":true,"href":"https:\/\/www.otiumhome.fi\/index.php\/wp-json\/wp\/v2\/product_brand?post=106894"},{"taxonomy":"product_cat","embeddable":true,"href":"https:\/\/www.otiumhome.fi\/index.php\/wp-json\/wp\/v2\/product_cat?post=106894"},{"taxonomy":"product_tag","embeddable":true,"href":"https:\/\/www.otiumhome.fi\/index.php\/wp-json\/wp\/v2\/product_tag?post=106894"}],"curies":[{"name":"wp","href":"https:\/\/api.w.org\/{rel}","templated":true}]}}