{"id":106776,"date":"2024-12-15T15:58:01","date_gmt":"2024-12-15T15:58:01","guid":{"rendered":"https:\/\/www.otiumhome.fi\/?p=106776"},"modified":"2025-06-06T16:29:33","modified_gmt":"2025-06-06T16:29:33","slug":"seinahylly-2-kerroksinen-75x235x60-cm-hopea-ruostumaton-teras","status":"publish","type":"product","link":"https:\/\/www.otiumhome.fi\/index.php\/tuote\/seinahylly-2-kerroksinen-75x235x60-cm-hopea-ruostumaton-teras\/","title":{"rendered":"Sein\u00e4hylly 2-kerroksinen 75&#215;23,5&#215;60 cm hopea ruostumaton ter\u00e4s"},"content":{"rendered":"<p>K\u00e4yt\u00e4nn\u00f6llisesti muotoiltu 2-kerroksinen sein\u00e4hylly on suunniteltu keskipisteeksi olo-, makuuhuoneeseen, jne.<\/p>\n<\/p>\n<ul>\n<li>Tukeva ja pitk\u00e4ik\u00e4inen: Kelluva sein\u00e4hylly on valmistettu ruostumattomasta ter\u00e4ksest\u00e4, joten se on kest\u00e4v\u00e4, ruosteenkest\u00e4v\u00e4 ja pitk\u00e4ik\u00e4inen.<\/li>\n<li>Tilaa s\u00e4\u00e4st\u00e4v\u00e4: Sein\u00e4kiinnitett\u00e4v\u00e4 hylly voidaan kiinnitt\u00e4\u00e4 sein\u00e4lle s\u00e4ilytystilan lis\u00e4\u00e4miseksi. T\u00e4ll\u00e4 tavoin voit maksimoida k\u00e4ytett\u00e4viss\u00e4 olevan lattiatilan ja pit\u00e4\u00e4 tilat puhtaana.<\/li>\n<li>Korotetut reunat: S\u00e4rkyv\u00e4t koriste-esineet pysyv\u00e4t turvassa sein\u00e4hyllyll\u00e4 korotettujen reunojen ansiosta.<\/li>\n<li>Helppo asentaa: Sein\u00e4teline on helppo asentaa mukana tulevilla asennustarvikkeilla.<\/li>\n<li>Monik\u00e4ytt\u00f6inen sein\u00e4hylly: Sein\u00e4kiinnitett\u00e4v\u00e4 hylly on tarkoitettu sek\u00e4 sisustamiseen ett\u00e4 tavaroiden eri paikoissa, kuten kaupallisessa keitti\u00f6ss\u00e4, kotikeitti\u00f6ss\u00e4, autotallissa, pesuhuoneessa, kodinhoitohuoneessa, laboratoriossa, jne.<\/li>\n<\/ul>\n<ul>\n<li>V\u00e4ri: Hopea<\/li>\n<li>Materiaali: ruostumaton ter\u00e4s harjatulla viimeistelyll\u00e4<\/li>\n<li>Paksuus: 0,6 mm<\/li>\n<li>Kokonaismitat: 75 x 23,5 x 60 cm (P x L x K)<\/li>\n<li>Koko (hylly\u00e4 kohti): 75 x 23,5 cm (P x L)<\/li>\n<li>Kantavuus: 25 kg<\/li>\n<li>Reunalla<\/li>\n<li>Kolmiotuet ja vaakasuora sein\u00e4palkki<\/li>\n<li>Sis\u00e4lt\u00e4\u00e4 asennustarvikkeet<\/li>\n<li>Asennus vaaditaan: Kyll\u00e4<\/li>\n<\/ul>\n","protected":false},"excerpt":{"rendered":"<ul>\n<li>V\u00e4ri: Hopea<\/li>\n<li>Materiaali: ruostumaton ter\u00e4s harjatulla viimeistelyll\u00e4<\/li>\n<li>Paksuus: 0,6 mm<\/li>\n<li>Kokonaismitat: 75 x 23,5 x 60 cm (P x L x K)<\/li>\n<li>Koko (hylly\u00e4 kohti): 75 x 23,5 cm (P x L)<\/li>\n<li>Kantavuus: 25 kg<\/li>\n<li>Reunalla<\/li>\n<li>Kolmiotuet ja vaakasuora sein\u00e4palkki<\/li>\n<li>Sis\u00e4lt\u00e4\u00e4 asennustarvikkeet<\/li>\n<li>Asennus vaaditaan: Kyll\u00e4<\/li>\n<\/ul>\n","protected":false},"featured_media":100000106776,"comment_status":"closed","ping_status":"closed","template":"","meta":[],"product_brand":[],"product_cat":[84,8634],"product_tag":[],"class_list":{"0":"post-106776","1":"product","2":"type-product","3":"status-publish","4":"has-post-thumbnail","6":"product_cat-huonekalut","7":"product_cat-seinahyllyt","9":"first","10":"instock","11":"taxable","12":"shipping-taxable","13":"purchasable","14":"product-type-simple"},"_links":{"self":[{"href":"https:\/\/www.otiumhome.fi\/index.php\/wp-json\/wp\/v2\/product\/106776","targetHints":{"allow":["GET"]}}],"collection":[{"href":"https:\/\/www.otiumhome.fi\/index.php\/wp-json\/wp\/v2\/product"}],"about":[{"href":"https:\/\/www.otiumhome.fi\/index.php\/wp-json\/wp\/v2\/types\/product"}],"replies":[{"embeddable":true,"href":"https:\/\/www.otiumhome.fi\/index.php\/wp-json\/wp\/v2\/comments?post=106776"}],"wp:featuredmedia":[{"embeddable":true,"href":"https:\/\/www.otiumhome.fi\/index.php\/wp-json\/"}],"wp:attachment":[{"href":"https:\/\/www.otiumhome.fi\/index.php\/wp-json\/wp\/v2\/media?parent=106776"}],"wp:term":[{"taxonomy":"product_brand","embeddable":true,"href":"https:\/\/www.otiumhome.fi\/index.php\/wp-json\/wp\/v2\/product_brand?post=106776"},{"taxonomy":"product_cat","embeddable":true,"href":"https:\/\/www.otiumhome.fi\/index.php\/wp-json\/wp\/v2\/product_cat?post=106776"},{"taxonomy":"product_tag","embeddable":true,"href":"https:\/\/www.otiumhome.fi\/index.php\/wp-json\/wp\/v2\/product_tag?post=106776"}],"curies":[{"name":"wp","href":"https:\/\/api.w.org\/{rel}","templated":true}]}}