{"id":106079,"date":"2024-12-15T14:42:48","date_gmt":"2024-12-15T14:42:48","guid":{"rendered":"https:\/\/www.otiumhome.fi\/?p=106079"},"modified":"2025-06-06T16:29:49","modified_gmt":"2025-06-06T16:29:49","slug":"seinahylly-kirjoille-dvd-levyille-1-laatikko-2-kpl-mdf-valk","status":"publish","type":"product","link":"https:\/\/www.otiumhome.fi\/index.php\/tuote\/seinahylly-kirjoille-dvd-levyille-1-laatikko-2-kpl-mdf-valk\/","title":{"rendered":"Sein\u00e4hylly kirjoille\/DVD-levyille 1 laatikko 2 kpl MDF valk."},"content":{"rendered":"<p>T\u00e4m\u00e4 sein\u00e4hylly tulee olemaan keskipiste miss\u00e4 tahansa huoneessa. N\u00e4kym\u00e4tt\u00f6m\u00e4ll\u00e4 kiinnitysj\u00e4rjestelm\u00e4ll\u00e4, t\u00e4m\u00e4 sein\u00e4hylly on helppo asentaa ja se toimii t\u00e4ydellisen\u00e4 s\u00e4ilytyspaikkana esineille, kuten palkinnoille, kirjoille, ker\u00e4ilyesineille, veistoksille jne. Siin\u00e4 on vetolaatikko pienille esineille, kuten avaimille, DVD-levyille, muistilehti\u00f6ille, kynille jne.<\/p>\n<\/p>\n<p>T\u00e4m\u00e4 sein\u00e4hylly sopii mihin tahansa sisustukseen ja se tekee tyhj\u00e4st\u00e4 sein\u00e4st\u00e4 ominaisuuden! T\u00e4m\u00e4 sein\u00e4hylly on valmistettu laadukkaasta, mattapinnoitetusta MDF:st\u00e4.<\/p>\n<\/p>\n<p>Toimitukseen sis\u00e4ltyy 1 sein\u00e4hylly, ruuvit ja sein\u00e4tapit.<\/p>\n<ul>\n<li>V\u00e4ri: valkoinen<\/li>\n<li>Materiaali: mattapintainen MDF<\/li>\n<li>Hyllyn koko: 48 x 25 x 8 cm (L x S x K)<\/li>\n<li>N\u00e4kym\u00e4t\u00f6n sein\u00e4liit\u00e4nt\u00e4<\/li>\n<li>Toimitukseen sis\u00e4ltyy 1 esittelyhylly, ruuvit ja sein\u00e4tapit<\/li>\n<li>Enimm\u00e4iskantavuus per hylly: 5 kg<\/li>\n<\/ul>\n","protected":false},"excerpt":{"rendered":"<ul>\n<li>V\u00e4ri: valkoinen<\/li>\n<li>Materiaali: mattapintainen MDF<\/li>\n<li>Hyllyn koko: 48 x 25 x 8 cm (L x S x K)<\/li>\n<li>N\u00e4kym\u00e4t\u00f6n sein\u00e4liit\u00e4nt\u00e4<\/li>\n<li>Toimitukseen sis\u00e4ltyy 1 esittelyhylly, ruuvit ja sein\u00e4tapit<\/li>\n<li>Enimm\u00e4iskantavuus per hylly: 5 kg<\/li>\n<\/ul>\n","protected":false},"featured_media":100000106079,"comment_status":"closed","ping_status":"closed","template":"","meta":[],"product_brand":[],"product_cat":[84,8634],"product_tag":[],"class_list":{"0":"post-106079","1":"product","2":"type-product","3":"status-publish","4":"has-post-thumbnail","6":"product_cat-huonekalut","7":"product_cat-seinahyllyt","9":"first","10":"instock","11":"taxable","12":"shipping-taxable","13":"purchasable","14":"product-type-simple"},"_links":{"self":[{"href":"https:\/\/www.otiumhome.fi\/index.php\/wp-json\/wp\/v2\/product\/106079","targetHints":{"allow":["GET"]}}],"collection":[{"href":"https:\/\/www.otiumhome.fi\/index.php\/wp-json\/wp\/v2\/product"}],"about":[{"href":"https:\/\/www.otiumhome.fi\/index.php\/wp-json\/wp\/v2\/types\/product"}],"replies":[{"embeddable":true,"href":"https:\/\/www.otiumhome.fi\/index.php\/wp-json\/wp\/v2\/comments?post=106079"}],"wp:featuredmedia":[{"embeddable":true,"href":"https:\/\/www.otiumhome.fi\/index.php\/wp-json\/"}],"wp:attachment":[{"href":"https:\/\/www.otiumhome.fi\/index.php\/wp-json\/wp\/v2\/media?parent=106079"}],"wp:term":[{"taxonomy":"product_brand","embeddable":true,"href":"https:\/\/www.otiumhome.fi\/index.php\/wp-json\/wp\/v2\/product_brand?post=106079"},{"taxonomy":"product_cat","embeddable":true,"href":"https:\/\/www.otiumhome.fi\/index.php\/wp-json\/wp\/v2\/product_cat?post=106079"},{"taxonomy":"product_tag","embeddable":true,"href":"https:\/\/www.otiumhome.fi\/index.php\/wp-json\/wp\/v2\/product_tag?post=106079"}],"curies":[{"name":"wp","href":"https:\/\/api.w.org\/{rel}","templated":true}]}}