{"id":106078,"date":"2024-12-15T14:42:48","date_gmt":"2024-12-15T14:42:48","guid":{"rendered":"https:\/\/www.otiumhome.fi\/?p=106078"},"modified":"2025-06-22T06:38:33","modified_gmt":"2025-06-22T06:38:33","slug":"seinahylly-60x20x15-cm-bambu","status":"publish","type":"product","link":"https:\/\/www.otiumhome.fi\/index.php\/tuote\/seinahylly-60x20x15-cm-bambu\/","title":{"rendered":"Sein\u00e4hylly 60x20x1,5 cm bambu"},"content":{"rendered":"<p>Tarvitsetko lis\u00e4\u00e4 s\u00e4ilytysvaihtoehtoja, mutta sinulla ei ole ylim\u00e4\u00e4r\u00e4ist\u00e4 tilaa? T\u00e4m\u00e4 k\u00e4yt\u00e4nn\u00f6llinen ja koristeellinen sein\u00e4hylly on t\u00e4ydellinen ratkaisu.<\/p>\n<\/p>\n<ul>\n<li>Kest\u00e4v\u00e4 materiaali: Bambu tunnetaan joustavuudestaan ja kovuudestaan. Bambukalusteet ovat hyv\u00e4 vaihtoehto, kun haluat tukevia luonnonmateriaaleista valmistettuja kalusteita.<\/li>\n<li>Lis\u00e4\u00e4 s\u00e4ilytystilaa: Kelluva hylly ei vie lainkaan lattiatilaa ja tarjoaa ylim\u00e4\u00e4r\u00e4ist\u00e4 s\u00e4ilytystilaa erilaisten valokuvakehysten, kirjojen ja muiden pikkutavaroiden sijoittamiseen.<\/li>\n<li>Koristeellinen toiminto: S\u00e4ilytyshylly edustaa rustiikkista muotoilua, joka sulautuu mihin tahansa sisustustyyliin ja tekee tyhj\u00e4st\u00e4 sein\u00e4st\u00e4 sisustusominaisuuden.<\/li>\n<li>Helposti puhdistettava pinta: Lakatun pinnan ansiosta esittelyhylly on helppo puhdistaa kostealla liinalla.<\/li>\n<\/ul>\n<p>Hyv\u00e4 tiet\u00e4\u00e4:<\/p>\n<ul>\n<li>V\u00e4rit ja puunsyyt vaihtelevat kappaleittain, mik\u00e4 tekee jokaisesta kappaleesta ainutlaatuisen. Toimitus on sattumanvarainen, t\u00e4m\u00e4 takaa tuotteesi erityisyyden ja ainutlaatuisuuden.<\/li>\n<\/ul>\n<ul>\n<li>Materiaali: Lakattu bambu<\/li>\n<li>Mitat: 60 x 20 x 1,5 cm (P x L x Paks.)<\/li>\n<\/ul>\n","protected":false},"excerpt":{"rendered":"<ul>\n<li>Materiaali: Lakattu bambu<\/li>\n<li>Mitat: 60 x 20 x 1,5 cm (P x L x Paks.)<\/li>\n<\/ul>\n","protected":false},"featured_media":100000106078,"comment_status":"closed","ping_status":"closed","template":"","meta":[],"product_brand":[],"product_cat":[84,8634],"product_tag":[],"class_list":{"0":"post-106078","1":"product","2":"type-product","3":"status-publish","4":"has-post-thumbnail","6":"product_cat-huonekalut","7":"product_cat-seinahyllyt","9":"first","10":"instock","11":"taxable","12":"shipping-taxable","13":"purchasable","14":"product-type-simple"},"_links":{"self":[{"href":"https:\/\/www.otiumhome.fi\/index.php\/wp-json\/wp\/v2\/product\/106078","targetHints":{"allow":["GET"]}}],"collection":[{"href":"https:\/\/www.otiumhome.fi\/index.php\/wp-json\/wp\/v2\/product"}],"about":[{"href":"https:\/\/www.otiumhome.fi\/index.php\/wp-json\/wp\/v2\/types\/product"}],"replies":[{"embeddable":true,"href":"https:\/\/www.otiumhome.fi\/index.php\/wp-json\/wp\/v2\/comments?post=106078"}],"wp:featuredmedia":[{"embeddable":true,"href":"https:\/\/www.otiumhome.fi\/index.php\/wp-json\/"}],"wp:attachment":[{"href":"https:\/\/www.otiumhome.fi\/index.php\/wp-json\/wp\/v2\/media?parent=106078"}],"wp:term":[{"taxonomy":"product_brand","embeddable":true,"href":"https:\/\/www.otiumhome.fi\/index.php\/wp-json\/wp\/v2\/product_brand?post=106078"},{"taxonomy":"product_cat","embeddable":true,"href":"https:\/\/www.otiumhome.fi\/index.php\/wp-json\/wp\/v2\/product_cat?post=106078"},{"taxonomy":"product_tag","embeddable":true,"href":"https:\/\/www.otiumhome.fi\/index.php\/wp-json\/wp\/v2\/product_tag?post=106078"}],"curies":[{"name":"wp","href":"https:\/\/api.w.org\/{rel}","templated":true}]}}