{"id":106070,"date":"2024-12-15T14:37:41","date_gmt":"2024-12-15T14:37:41","guid":{"rendered":"https:\/\/www.otiumhome.fi\/?p=106070"},"modified":"2025-06-06T16:29:40","modified_gmt":"2025-06-06T16:29:40","slug":"seinahylly-koreilla-62x18x16-cm-taysi-pahkinapuu","status":"publish","type":"product","link":"https:\/\/www.otiumhome.fi\/index.php\/tuote\/seinahylly-koreilla-62x18x16-cm-taysi-pahkinapuu\/","title":{"rendered":"Sein\u00e4hylly koreilla 62x18x16 cm t\u00e4ysi p\u00e4hkin\u00e4puu"},"content":{"rendered":"<p>Pid\u00e4 t\u00e4rke\u00e4t tavarasi hyv\u00e4ss\u00e4 j\u00e4rjestyksess\u00e4 t\u00e4ll\u00e4 k\u00e4yt\u00e4nn\u00f6llisell\u00e4 puisella sein\u00e4hyllyll\u00e4.<\/p>\n<\/p>\n<ul>\n<li>T\u00e4ysi p\u00e4hkin\u00e4puu: T\u00e4ysi p\u00e4hkin\u00e4puu on tihe\u00e4\u00e4 ja kest\u00e4v\u00e4\u00e4 puuta, joka on eritt\u00e4in vastustuskykyinen ajan tuomaa kulutusta vastaan. Se on hyvin tunnettu luonteenomaisesta v\u00e4rist\u00e4\u00e4n ja vieh\u00e4tt\u00e4vist\u00e4 puunsyy kuvioistaan.<\/li>\n<li>K\u00e4yt\u00e4nn\u00f6lliset korit: T\u00e4ss\u00e4 kelluvassa hyllyss\u00e4 on nelj\u00e4 irrotettavaa koria ja se on ihanteellinen CD-levyjen, pelikonsolien, kirjojen, aikakauslehtien ja koriste-esineiden s\u00e4ilytt\u00e4miseen.<\/li>\n<li>Sein\u00e4kiinnitystoiminto: Hylly voidaan asentaa sein\u00e4lle lis\u00e4s\u00e4ilytystilan saamiseksi. T\u00e4ll\u00e4 tavalla voit maksimoida lattiatilasi ja pit\u00e4\u00e4 alueen siistin\u00e4.<\/li>\n<li>Laaja k\u00e4ytt\u00f6: Sein\u00e4lle asennettavaa hylly\u00e4 voidaan k\u00e4ytt\u00e4\u00e4 yleisesti erilaisissa ymp\u00e4rist\u00f6iss\u00e4, kuten eteisess\u00e4, toimistossa ja jopa keitti\u00f6ss\u00e4.<\/li>\n<\/ul>\n<p>Huomioi:<\/p>\n<ul>\n<li>Sein\u00e4\u00e4n kiinnitett\u00e4v\u00e4t ruuvit ja tulpat eiv\u00e4t sis\u00e4lly toimitukseen. Etsi ja k\u00e4yt\u00e4 sein\u00e4\u00e4si sopivia ruuveja ja tulppia. Jos olet ep\u00e4varma, kysy ammattilaisen neuvoa. Lue ja seuraa asennusohjeiden jokaista vaihetta huolella.<\/li>\n<li>Jokaisen tuotteen laatikossa mukana on kokoonpano-ohje helppoa asennusta varten.\u200b<\/li>\n<\/ul>\n<ul>\n<li>Materiaali: T\u00e4ysi \u00f6ljytty p\u00e4hkin\u00e4puu<\/li>\n<li>Mitat: 62 x 18 x 16 cm (P x L x K)<\/li>\n<li>S\u00e4ilytyslokeroiden m\u00e4\u00e4r\u00e4: 4<\/li>\n<li>Maksimikantavuus (yhteens\u00e4): 5 kg<\/li>\n<\/ul>\n","protected":false},"excerpt":{"rendered":"<ul>\n<li>Materiaali: T\u00e4ysi \u00f6ljytty p\u00e4hkin\u00e4puu<\/li>\n<li>Mitat: 62 x 18 x 16 cm (P x L x K)<\/li>\n<li>S\u00e4ilytyslokeroiden m\u00e4\u00e4r\u00e4: 4<\/li>\n<li>Maksimikantavuus (yhteens\u00e4): 5 kg<\/li>\n<\/ul>\n","protected":false},"featured_media":100000106070,"comment_status":"closed","ping_status":"closed","template":"","meta":[],"product_brand":[],"product_cat":[84,8634],"product_tag":[],"class_list":{"0":"post-106070","1":"product","2":"type-product","3":"status-publish","4":"has-post-thumbnail","6":"product_cat-huonekalut","7":"product_cat-seinahyllyt","9":"first","10":"instock","11":"taxable","12":"shipping-taxable","13":"purchasable","14":"product-type-simple"},"_links":{"self":[{"href":"https:\/\/www.otiumhome.fi\/index.php\/wp-json\/wp\/v2\/product\/106070","targetHints":{"allow":["GET"]}}],"collection":[{"href":"https:\/\/www.otiumhome.fi\/index.php\/wp-json\/wp\/v2\/product"}],"about":[{"href":"https:\/\/www.otiumhome.fi\/index.php\/wp-json\/wp\/v2\/types\/product"}],"replies":[{"embeddable":true,"href":"https:\/\/www.otiumhome.fi\/index.php\/wp-json\/wp\/v2\/comments?post=106070"}],"wp:featuredmedia":[{"embeddable":true,"href":"https:\/\/www.otiumhome.fi\/index.php\/wp-json\/"}],"wp:attachment":[{"href":"https:\/\/www.otiumhome.fi\/index.php\/wp-json\/wp\/v2\/media?parent=106070"}],"wp:term":[{"taxonomy":"product_brand","embeddable":true,"href":"https:\/\/www.otiumhome.fi\/index.php\/wp-json\/wp\/v2\/product_brand?post=106070"},{"taxonomy":"product_cat","embeddable":true,"href":"https:\/\/www.otiumhome.fi\/index.php\/wp-json\/wp\/v2\/product_cat?post=106070"},{"taxonomy":"product_tag","embeddable":true,"href":"https:\/\/www.otiumhome.fi\/index.php\/wp-json\/wp\/v2\/product_tag?post=106070"}],"curies":[{"name":"wp","href":"https:\/\/api.w.org\/{rel}","templated":true}]}}