{"id":106062,"date":"2024-12-15T14:37:41","date_gmt":"2024-12-15T14:37:41","guid":{"rendered":"https:\/\/www.otiumhome.fi\/?p=106062"},"modified":"2025-08-07T07:32:45","modified_gmt":"2025-08-07T07:32:45","slug":"seinanaulakko-valkoinen-tekninen-puu-ja-luonnonrottinki","status":"publish","type":"product","link":"https:\/\/www.otiumhome.fi\/index.php\/tuote\/seinanaulakko-valkoinen-tekninen-puu-ja-luonnonrottinki\/","title":{"rendered":"Sein\u00e4naulakko valkoinen tekninen puu ja luonnonrottinki"},"content":{"rendered":"<p>Pid\u00e4 eteisesi, olohuoneesi ja muut tilat hyv\u00e4ss\u00e4 j\u00e4rjestyksess\u00e4 t\u00e4m\u00e4n Skandinaavista tyyli\u00e4 olevan sein\u00e4lle kiinnitett\u00e4v\u00e4n naulakon avulla!<\/p>\n<\/p>\n<ul>\n<li>2-in-1 muotoilu: Naulakossa on yl\u00e4osassa kaksi lokeroa, jotka tarjoavat lis\u00e4\u00e4 tilaa p\u00e4ivitt\u00e4is-tarvikkeiden s\u00e4ilytykseen. Se on varustettu lis\u00e4ksi viidell\u00e4 koukulla vaatteiden, laukkujen, avaimien, sateenvarjojen, jne. ripustamiseen.<\/li>\n<li>Kest\u00e4v\u00e4 materiaali: Tekninen puu on poikkeuksellisen laadukasta ja sile\u00e4pintaista. Se on luja, vakaa ja kosteudelle vastustuskykyinen.<\/li>\n<li>Tukeva yl\u00e4taso: Naulakon tukeva yl\u00e4taso on t\u00e4ydellinen paikka ruukkukasveille, valokuvakehyksille ja muille koriste-esineille.<\/li>\n<li>K\u00e4yt\u00e4nn\u00f6lliset ovet: T\u00e4ss\u00e4 s\u00e4ilytyskaapissa on kaksi ovea, jotka suojaavat tavaroitasi p\u00f6lylt\u00e4 ja lialta. Ovien luonnonrottinkipunos tuo lis\u00e4\u00e4 kauneutta.<\/li>\n<\/ul>\n<p>Huomioi:<\/p>\n<ul>\n<li>Sein\u00e4\u00e4n kiinnitett\u00e4v\u00e4t ruuvit ja tulpat eiv\u00e4t sis\u00e4lly toimitukseen. Etsi ja k\u00e4yt\u00e4 sein\u00e4\u00e4si sopivia ruuveja ja tulppia. Jos olet ep\u00e4varma, kysy ammattilaisen neuvoa. Lue ja seuraa asennusohjeiden jokaista vaihetta huolella.<\/li>\n<li>Jokaisen tuotteen mukana on laatikossa kokoonpano-ohje helppoa asennusta varten.<\/li>\n<\/ul>\n<ul>\n<li>V\u00e4ri: Valkoinen<\/li>\n<li>Materiaali: Tekninen puu, t\u00e4ysi m\u00e4nty, luonnonrottinki<\/li>\n<li>Mitat: 80 x 24 x 35 cm (L x S x K)<\/li>\n<li>Lokeron sis\u00e4mitat (kukin): 36,5 x 20 x 18 cm (L x S x K)<\/li>\n<\/ul>\n","protected":false},"excerpt":{"rendered":"<ul>\n<li>V\u00e4ri: Valkoinen<\/li>\n<li>Materiaali: Tekninen puu, t\u00e4ysi m\u00e4nty, luonnonrottinki<\/li>\n<li>Mitat: 80 x 24 x 35 cm (L x S x K)<\/li>\n<li>Lokeron sis\u00e4mitat (kukin): 36,5 x 20 x 18 cm (L x S x K)<\/li>\n<\/ul>\n","protected":false},"featured_media":100000106062,"comment_status":"closed","ping_status":"closed","template":"","meta":[],"product_brand":[],"product_cat":[84,8634],"product_tag":[],"class_list":{"0":"post-106062","1":"product","2":"type-product","3":"status-publish","4":"has-post-thumbnail","6":"product_cat-huonekalut","7":"product_cat-seinahyllyt","9":"first","10":"outofstock","11":"taxable","12":"shipping-taxable","13":"purchasable","14":"product-type-simple"},"_links":{"self":[{"href":"https:\/\/www.otiumhome.fi\/index.php\/wp-json\/wp\/v2\/product\/106062","targetHints":{"allow":["GET"]}}],"collection":[{"href":"https:\/\/www.otiumhome.fi\/index.php\/wp-json\/wp\/v2\/product"}],"about":[{"href":"https:\/\/www.otiumhome.fi\/index.php\/wp-json\/wp\/v2\/types\/product"}],"replies":[{"embeddable":true,"href":"https:\/\/www.otiumhome.fi\/index.php\/wp-json\/wp\/v2\/comments?post=106062"}],"wp:featuredmedia":[{"embeddable":true,"href":"https:\/\/www.otiumhome.fi\/index.php\/wp-json\/"}],"wp:attachment":[{"href":"https:\/\/www.otiumhome.fi\/index.php\/wp-json\/wp\/v2\/media?parent=106062"}],"wp:term":[{"taxonomy":"product_brand","embeddable":true,"href":"https:\/\/www.otiumhome.fi\/index.php\/wp-json\/wp\/v2\/product_brand?post=106062"},{"taxonomy":"product_cat","embeddable":true,"href":"https:\/\/www.otiumhome.fi\/index.php\/wp-json\/wp\/v2\/product_cat?post=106062"},{"taxonomy":"product_tag","embeddable":true,"href":"https:\/\/www.otiumhome.fi\/index.php\/wp-json\/wp\/v2\/product_tag?post=106062"}],"curies":[{"name":"wp","href":"https:\/\/api.w.org\/{rel}","templated":true}]}}