{"id":105973,"date":"2024-12-15T14:31:47","date_gmt":"2024-12-15T14:31:47","guid":{"rendered":"https:\/\/www.otiumhome.fi\/?p=105973"},"modified":"2025-06-06T16:29:35","modified_gmt":"2025-06-06T16:29:35","slug":"seinahyllyt-2-kpl-100x24x35-cm-taysi-akasiapuu-ja-teras","status":"publish","type":"product","link":"https:\/\/www.otiumhome.fi\/index.php\/tuote\/seinahyllyt-2-kpl-100x24x35-cm-taysi-akasiapuu-ja-teras\/","title":{"rendered":"Sein\u00e4hyllyt 2 kpl 100x24x35 cm t\u00e4ysi akasiapuu ja ter\u00e4s"},"content":{"rendered":"<p>N\u00e4m\u00e4 puiset sein\u00e4hyllyt ovat t\u00e4ydellinen paikka esitell\u00e4 lempikirjojasi, ker\u00e4ilyesineit\u00e4si, valokuviasi, palkintojasi, jne.<\/p>\n<\/p>\n<ul>\n<li>Ensiluokkainen materiaali: T\u00e4ysi akasiapuu on kaunis luonnonmateriaali. Akasiapuu on tihe\u00e4syinen, tukeva ja kest\u00e4v\u00e4 trooppinen lehtipuu.<\/li>\n<li>Tukeva runko: Ter\u00e4srungot takaavat tukevuuden ja vakauden.<\/li>\n<li>Ainutlaatuinen suunnittelu: El\u00e4v\u00e4ss\u00e4 puureunassa on puun luonnollinen muoto, joka lis\u00e4\u00e4 n\u00e4iden kelluvien hyllyjen kauneutta. <\/li>\n<\/ul>\n<p>Huomioi:<\/p>\n<ul>\n<li>V\u00e4rit ja puunsyyt voivat vaihdella kappaleittain, mik\u00e4 tekee jokaisesta tuotteesta ainutlaatuisen. Toimitus on sattumanvarainen.<\/li>\n<\/ul>\n<ul>\n<li>Materiaali: t\u00e4ysi akaasiapuu, ter\u00e4s<\/li>\n<li>Mitat: 100 x 24 x 35 cm (L x S x K)<\/li>\n<li>Asennus vaaditaan: kyll\u00e4<\/li>\n<li><strong>Toimitus sis\u00e4lt\u00e4\u00e4:<\/strong><\/li>\n<li>2 x sein\u00e4hylly<\/li>\n<\/ul>\n","protected":false},"excerpt":{"rendered":"<ul>\n<li>Materiaali: t\u00e4ysi akaasiapuu, ter\u00e4s<\/li>\n<li>Mitat: 100 x 24 x 35 cm (L x S x K)<\/li>\n<li>Asennus vaaditaan: kyll\u00e4<\/li>\n<li><strong>Toimitus sis\u00e4lt\u00e4\u00e4:<\/strong><\/li>\n<li>2 x sein\u00e4hylly<\/li>\n<\/ul>\n","protected":false},"featured_media":100000105973,"comment_status":"closed","ping_status":"closed","template":"","meta":[],"product_brand":[],"product_cat":[84,8634],"product_tag":[],"class_list":{"0":"post-105973","1":"product","2":"type-product","3":"status-publish","4":"has-post-thumbnail","6":"product_cat-huonekalut","7":"product_cat-seinahyllyt","9":"first","10":"instock","11":"taxable","12":"shipping-taxable","13":"purchasable","14":"product-type-simple"},"_links":{"self":[{"href":"https:\/\/www.otiumhome.fi\/index.php\/wp-json\/wp\/v2\/product\/105973","targetHints":{"allow":["GET"]}}],"collection":[{"href":"https:\/\/www.otiumhome.fi\/index.php\/wp-json\/wp\/v2\/product"}],"about":[{"href":"https:\/\/www.otiumhome.fi\/index.php\/wp-json\/wp\/v2\/types\/product"}],"replies":[{"embeddable":true,"href":"https:\/\/www.otiumhome.fi\/index.php\/wp-json\/wp\/v2\/comments?post=105973"}],"wp:featuredmedia":[{"embeddable":true,"href":"https:\/\/www.otiumhome.fi\/index.php\/wp-json\/"}],"wp:attachment":[{"href":"https:\/\/www.otiumhome.fi\/index.php\/wp-json\/wp\/v2\/media?parent=105973"}],"wp:term":[{"taxonomy":"product_brand","embeddable":true,"href":"https:\/\/www.otiumhome.fi\/index.php\/wp-json\/wp\/v2\/product_brand?post=105973"},{"taxonomy":"product_cat","embeddable":true,"href":"https:\/\/www.otiumhome.fi\/index.php\/wp-json\/wp\/v2\/product_cat?post=105973"},{"taxonomy":"product_tag","embeddable":true,"href":"https:\/\/www.otiumhome.fi\/index.php\/wp-json\/wp\/v2\/product_tag?post=105973"}],"curies":[{"name":"wp","href":"https:\/\/api.w.org\/{rel}","templated":true}]}}