{"id":105932,"date":"2024-12-15T14:26:43","date_gmt":"2024-12-15T14:26:43","guid":{"rendered":"https:\/\/www.otiumhome.fi\/?p=105932"},"modified":"2025-06-06T16:29:39","modified_gmt":"2025-06-06T16:29:39","slug":"kelluvat-seinahyllyt-4-kpl-tammi-120x235x38-cm-mdf","status":"publish","type":"product","link":"https:\/\/www.otiumhome.fi\/index.php\/tuote\/kelluvat-seinahyllyt-4-kpl-tammi-120x235x38-cm-mdf\/","title":{"rendered":"Kelluvat sein\u00e4hyllyt 4 kpl tammi 120&#215;23,5&#215;3,8 cm MDF"},"content":{"rendered":"<p>T\u00e4m\u00e4 sarja koostuu 4 tyylikk\u00e4\u00e4st\u00e4 hyllyst\u00e4, jotka on tarkoitettu kotisi keskipisteeksi. N\u00e4kym\u00e4tt\u00f6m\u00e4ll\u00e4 kiinnitysj\u00e4rjestelm\u00e4ll\u00e4, n\u00e4m\u00e4 sein\u00e4hyllyt on helppo asentaa ja ne toimivat paikkana esineille, kuten palkinnoille, kirjoille, ker\u00e4ilyesineille, veistoksille, jne.<\/p>\n<\/p>\n<p>T\u00e4m\u00e4 teline on valmistettu korkealaatuisesta kennomaisesta MDF: st\u00e4 ja metallikehyksest\u00e4, joka on vakaa ja kest\u00e4v\u00e4. T\u00e4m\u00e4 hylly sopii useimpiin sisustuksiin ja tekee tyhj\u00e4st\u00e4 sein\u00e4st\u00e4 sisustuselementin!<\/p>\n<ul>\n<li>V\u00e4ri: tammi<\/li>\n<li>Materiaali: kennomainen MDF, metalli<\/li>\n<li>Mitat: 120 x 23,5 x 3,8 cm (P x L x K)<\/li>\n<li>Maksimikantavuus (kukin): 10 kg<\/li>\n<li>N\u00e4kym\u00e4t\u00f6n sein\u00e4liit\u00e4nt\u00e4<\/li>\n<li>Asennus vaaditaan: kyll\u00e4<\/li>\n<li><strong>Toimitus sis\u00e4lt\u00e4\u00e4:<\/strong><\/li>\n<li>4 x sein\u00e4hylly<\/li>\n<\/ul>\n","protected":false},"excerpt":{"rendered":"<ul>\n<li>V\u00e4ri: tammi<\/li>\n<li>Materiaali: kennomainen MDF, metalli<\/li>\n<li>Mitat: 120 x 23,5 x 3,8 cm (P x L x K)<\/li>\n<li>Maksimikantavuus (kukin): 10 kg<\/li>\n<li>N\u00e4kym\u00e4t\u00f6n sein\u00e4liit\u00e4nt\u00e4<\/li>\n<li>Asennus vaaditaan: kyll\u00e4<\/li>\n<li><strong>Toimitus sis\u00e4lt\u00e4\u00e4:<\/strong><\/li>\n<li>4 x sein\u00e4hylly<\/li>\n<\/ul>\n","protected":false},"featured_media":100000105932,"comment_status":"closed","ping_status":"closed","template":"","meta":[],"product_brand":[],"product_cat":[84,8634],"product_tag":[],"class_list":{"0":"post-105932","1":"product","2":"type-product","3":"status-publish","4":"has-post-thumbnail","6":"product_cat-huonekalut","7":"product_cat-seinahyllyt","9":"first","10":"instock","11":"taxable","12":"shipping-taxable","13":"purchasable","14":"product-type-simple"},"_links":{"self":[{"href":"https:\/\/www.otiumhome.fi\/index.php\/wp-json\/wp\/v2\/product\/105932","targetHints":{"allow":["GET"]}}],"collection":[{"href":"https:\/\/www.otiumhome.fi\/index.php\/wp-json\/wp\/v2\/product"}],"about":[{"href":"https:\/\/www.otiumhome.fi\/index.php\/wp-json\/wp\/v2\/types\/product"}],"replies":[{"embeddable":true,"href":"https:\/\/www.otiumhome.fi\/index.php\/wp-json\/wp\/v2\/comments?post=105932"}],"wp:featuredmedia":[{"embeddable":true,"href":"https:\/\/www.otiumhome.fi\/index.php\/wp-json\/"}],"wp:attachment":[{"href":"https:\/\/www.otiumhome.fi\/index.php\/wp-json\/wp\/v2\/media?parent=105932"}],"wp:term":[{"taxonomy":"product_brand","embeddable":true,"href":"https:\/\/www.otiumhome.fi\/index.php\/wp-json\/wp\/v2\/product_brand?post=105932"},{"taxonomy":"product_cat","embeddable":true,"href":"https:\/\/www.otiumhome.fi\/index.php\/wp-json\/wp\/v2\/product_cat?post=105932"},{"taxonomy":"product_tag","embeddable":true,"href":"https:\/\/www.otiumhome.fi\/index.php\/wp-json\/wp\/v2\/product_tag?post=105932"}],"curies":[{"name":"wp","href":"https:\/\/api.w.org\/{rel}","templated":true}]}}