{"id":105795,"date":"2024-12-15T14:20:46","date_gmt":"2024-12-15T14:20:46","guid":{"rendered":"https:\/\/www.otiumhome.fi\/?p=105795"},"modified":"2025-06-06T16:27:47","modified_gmt":"2025-06-06T16:27:47","slug":"poytalevyt-3-kpl-80x47x17-cm-suorakaide-taysi-manty","status":"publish","type":"product","link":"https:\/\/www.otiumhome.fi\/index.php\/tuote\/poytalevyt-3-kpl-80x47x17-cm-suorakaide-taysi-manty\/","title":{"rendered":"P\u00f6yt\u00e4levyt 3 kpl 80x47x1,7 cm suorakaide t\u00e4ysi m\u00e4nty"},"content":{"rendered":"<p>Anna p\u00f6yd\u00e4llesi uusi el\u00e4m\u00e4 n\u00e4iden puisten p\u00f6yt\u00e4levyjen avulla. Ne ovat erinomainen ratkaisu p\u00f6yd\u00e4n pirist\u00e4miseen kotona tai kaupallisessa ymp\u00e4rist\u00f6ss\u00e4.<\/p>\n<\/p>\n<ul>\n<li>T\u00e4ysi m\u00e4nty: T\u00e4ysi m\u00e4ntypuu on kaunis luonnollinen materiaali. M\u00e4nnyll\u00e4 on suorat puunsyyt ja sen oksanpaikat antavat materiaalille sen ominaisen rustiikkisen ilmeen.<\/li>\n<li>Monipuolinen k\u00e4ytt\u00f6: Vaihtop\u00f6yt\u00e4levy voidaan yhdist\u00e4\u00e4 moniin eri alustoihin tarpeidesi mukaan.<\/li>\n<li>Maalaismainen muotoilu: Yksinkertaisella ja puhtaalla ilmeell\u00e4\u00e4n t\u00e4m\u00e4 puinen p\u00f6yt\u00e4levy lis\u00e4\u00e4 maalaischarmia ruokailutiloihisi.<\/li>\n<li>Helposti puhdistettava pinta: Sile\u00e4 p\u00f6yt\u00e4levy on helppo puhdistaa kostealla liinalla.<\/li>\n<\/ul>\n<p>Hyv\u00e4 tiet\u00e4\u00e4:<\/p>\n<ul>\n<li>Jokainen kappale on ainutlaatuisen eroavilla v\u00e4reill\u00e4 ja puunsyill\u00e4. Toimitus on sattumanvarainen, t\u00e4m\u00e4 takaa tuotteesi erityisyyden ja ainutlaatuisuuden.<\/li>\n<\/ul>\n<ul>\n<li>Materiaali: t\u00e4ysi m\u00e4nty (k\u00e4sittelem\u00e4t\u00f6n)<\/li>\n<li>Kokonaismitat: 141 x 80 x 1,7 cm (P x L x Paks.)<\/li>\n<li>Mitat (kukin): 80 x 47 x 1,7 cm (P x L x Paks.)<\/li>\n<li>Suositeltu p\u00f6yt\u00e4: Ruokap\u00f6yt\u00e4<\/li>\n<li><strong>Toimitus sis\u00e4lt\u00e4\u00e4:<\/strong><\/li>\n<li>3 x P\u00f6yt\u00e4levy<\/li>\n<\/ul>\n","protected":false},"excerpt":{"rendered":"<ul>\n<li>Materiaali: t\u00e4ysi m\u00e4nty (k\u00e4sittelem\u00e4t\u00f6n)<\/li>\n<li>Kokonaismitat: 141 x 80 x 1,7 cm (P x L x Paks.)<\/li>\n<li>Mitat (kukin): 80 x 47 x 1,7 cm (P x L x Paks.)<\/li>\n<li>Suositeltu p\u00f6yt\u00e4: Ruokap\u00f6yt\u00e4<\/li>\n<li><strong>Toimitus sis\u00e4lt\u00e4\u00e4:<\/strong><\/li>\n<li>3 x P\u00f6yt\u00e4levy<\/li>\n<\/ul>\n","protected":false},"featured_media":100000105795,"comment_status":"closed","ping_status":"closed","template":"","meta":[],"product_brand":[],"product_cat":[84,8578],"product_tag":[],"class_list":{"0":"post-105795","1":"product","2":"type-product","3":"status-publish","4":"has-post-thumbnail","6":"product_cat-huonekalut","7":"product_cat-poytalevyt","9":"first","10":"instock","11":"taxable","12":"shipping-taxable","13":"purchasable","14":"product-type-simple"},"_links":{"self":[{"href":"https:\/\/www.otiumhome.fi\/index.php\/wp-json\/wp\/v2\/product\/105795","targetHints":{"allow":["GET"]}}],"collection":[{"href":"https:\/\/www.otiumhome.fi\/index.php\/wp-json\/wp\/v2\/product"}],"about":[{"href":"https:\/\/www.otiumhome.fi\/index.php\/wp-json\/wp\/v2\/types\/product"}],"replies":[{"embeddable":true,"href":"https:\/\/www.otiumhome.fi\/index.php\/wp-json\/wp\/v2\/comments?post=105795"}],"wp:featuredmedia":[{"embeddable":true,"href":"https:\/\/www.otiumhome.fi\/index.php\/wp-json\/"}],"wp:attachment":[{"href":"https:\/\/www.otiumhome.fi\/index.php\/wp-json\/wp\/v2\/media?parent=105795"}],"wp:term":[{"taxonomy":"product_brand","embeddable":true,"href":"https:\/\/www.otiumhome.fi\/index.php\/wp-json\/wp\/v2\/product_brand?post=105795"},{"taxonomy":"product_cat","embeddable":true,"href":"https:\/\/www.otiumhome.fi\/index.php\/wp-json\/wp\/v2\/product_cat?post=105795"},{"taxonomy":"product_tag","embeddable":true,"href":"https:\/\/www.otiumhome.fi\/index.php\/wp-json\/wp\/v2\/product_tag?post=105795"}],"curies":[{"name":"wp","href":"https:\/\/api.w.org\/{rel}","templated":true}]}}