{"id":105476,"date":"2024-12-15T14:15:23","date_gmt":"2024-12-15T14:15:23","guid":{"rendered":"https:\/\/www.otiumhome.fi\/?p=105476"},"modified":"2025-06-06T16:28:12","modified_gmt":"2025-06-06T16:28:12","slug":"poytalevy-110x40x38-cm-ovaali-taysi-mangopuu","status":"publish","type":"product","link":"https:\/\/www.otiumhome.fi\/index.php\/tuote\/poytalevy-110x40x38-cm-ovaali-taysi-mangopuu\/","title":{"rendered":"P\u00f6yt\u00e4levy 110x40x3,8 cm ovaali t\u00e4ysi mangopuu"},"content":{"rendered":"<p>Anna p\u00f6yd\u00e4llesi uusi el\u00e4m\u00e4 t\u00e4m\u00e4n puisen p\u00f6yt\u00e4levyn avulla. Se on erinomainen ratkaisu p\u00f6yd\u00e4n pirist\u00e4miseen kotona tai kaupallisessa ymp\u00e4rist\u00f6ss\u00e4.<\/p>\n<\/p>\n<ul>\n<li>Vankka ja vakaa materiaali: T\u00e4ysi mangopuu on luja trooppinen lehtipuu, josta valmistetaan tukevia kalusteita. Kauniit puunsyyt tekev\u00e4t jokaisesta kalusteesta hieman erilaisen kuin seuraavasta.<\/li>\n<li>Monipuolinen k\u00e4ytt\u00f6: Vaihtop\u00f6yt\u00e4levy voidaan yhdist\u00e4\u00e4 moniin eri alustoihin tarpeidesi mukaan.<\/li>\n<li>Maalaismainen muotoilu: Yksinkertaisella ja puhtaalla ilmeell\u00e4\u00e4n t\u00e4m\u00e4 puinen p\u00f6yt\u00e4levy lis\u00e4\u00e4 maalaischarmia ruokailutiloihisi.<\/li>\n<li>Helposti puhdistettava pinta: Sile\u00e4 p\u00f6yt\u00e4levy on helppo puhdistaa kostealla liinalla.<\/li>\n<\/ul>\n<p>Hyv\u00e4 tiet\u00e4\u00e4:<\/p>\n<ul>\n<li>Jokainen kappale on ainutlaatuisen eroavilla v\u00e4reill\u00e4 ja puunsyill\u00e4. Toimitus on sattumanvarainen, t\u00e4m\u00e4 takaa tuotteesi erityisyyden ja ainutlaatuisuuden.<\/li>\n<\/ul>\n<ul>\n<li>Materiaali: karkea mangopuu luonnollisella viimeistelyll\u00e4<\/li>\n<li>Kokonaismitat: 110 x 40 x 3,8 cm (P x L x Paks.)<\/li>\n<li>Muoto: Soikea<\/li>\n<li>Toimitus sis\u00e4lt\u00e4\u00e4 vain p\u00f6yt\u00e4levyn<\/li>\n<\/ul>\n","protected":false},"excerpt":{"rendered":"<ul>\n<li>Materiaali: karkea mangopuu luonnollisella viimeistelyll\u00e4<\/li>\n<li>Kokonaismitat: 110 x 40 x 3,8 cm (P x L x Paks.)<\/li>\n<li>Muoto: Soikea<\/li>\n<li>Toimitus sis\u00e4lt\u00e4\u00e4 vain p\u00f6yt\u00e4levyn<\/li>\n<\/ul>\n","protected":false},"featured_media":100000105476,"comment_status":"closed","ping_status":"closed","template":"","meta":[],"product_brand":[],"product_cat":[84,8578],"product_tag":[],"class_list":{"0":"post-105476","1":"product","2":"type-product","3":"status-publish","4":"has-post-thumbnail","6":"product_cat-huonekalut","7":"product_cat-poytalevyt","9":"first","10":"instock","11":"taxable","12":"shipping-taxable","13":"purchasable","14":"product-type-simple"},"_links":{"self":[{"href":"https:\/\/www.otiumhome.fi\/index.php\/wp-json\/wp\/v2\/product\/105476","targetHints":{"allow":["GET"]}}],"collection":[{"href":"https:\/\/www.otiumhome.fi\/index.php\/wp-json\/wp\/v2\/product"}],"about":[{"href":"https:\/\/www.otiumhome.fi\/index.php\/wp-json\/wp\/v2\/types\/product"}],"replies":[{"embeddable":true,"href":"https:\/\/www.otiumhome.fi\/index.php\/wp-json\/wp\/v2\/comments?post=105476"}],"wp:featuredmedia":[{"embeddable":true,"href":"https:\/\/www.otiumhome.fi\/index.php\/wp-json\/"}],"wp:attachment":[{"href":"https:\/\/www.otiumhome.fi\/index.php\/wp-json\/wp\/v2\/media?parent=105476"}],"wp:term":[{"taxonomy":"product_brand","embeddable":true,"href":"https:\/\/www.otiumhome.fi\/index.php\/wp-json\/wp\/v2\/product_brand?post=105476"},{"taxonomy":"product_cat","embeddable":true,"href":"https:\/\/www.otiumhome.fi\/index.php\/wp-json\/wp\/v2\/product_cat?post=105476"},{"taxonomy":"product_tag","embeddable":true,"href":"https:\/\/www.otiumhome.fi\/index.php\/wp-json\/wp\/v2\/product_tag?post=105476"}],"curies":[{"name":"wp","href":"https:\/\/api.w.org\/{rel}","templated":true}]}}