{"id":105011,"date":"2024-12-15T14:05:51","date_gmt":"2024-12-15T14:05:51","guid":{"rendered":"https:\/\/www.otiumhome.fi\/?p=105011"},"modified":"2025-06-06T16:25:53","modified_gmt":"2025-06-06T16:25:53","slug":"poytalevy-60x100x15-cm-bambu","status":"publish","type":"product","link":"https:\/\/www.otiumhome.fi\/index.php\/tuote\/poytalevy-60x100x15-cm-bambu\/","title":{"rendered":"P\u00f6yt\u00e4levy 60x100x1,5 cm bambu"},"content":{"rendered":"<p>Anna p\u00f6yd\u00e4llesi uusi el\u00e4m\u00e4 t\u00e4ll\u00e4 bambu p\u00f6yt\u00e4levyll\u00e4. Se on erinomainen ratkaisu p\u00f6yd\u00e4n p\u00e4ivitt\u00e4miseen kotona tai kaupallisissa tiloissa, kuten ravintolassa, kahvilassa, hotellissa, jne.<\/p>\n<\/p>\n<ul>\n<li>Kest\u00e4v\u00e4 materiaali: Bambu tunnetaan joustavuudestaan ja kovuudestaan. Bambukalusteet ovat hyv\u00e4 vaihtoehto, kun haluat tukevia luonnonmateriaaleista valmistettuja kalusteita.<\/li>\n<li>Monipuolinen p\u00f6yt\u00e4levy: P\u00f6yt\u00e4levy\u00e4 voidaan k\u00e4ytt\u00e4\u00e4 sohva-, sivu-, baari-, puhelin-, konsoli- ja y\u00f6p\u00f6ydiss\u00e4, sek\u00e4 hyllyiss\u00e4 tai kalustelevyin\u00e4. Voit my\u00f6s yhdist\u00e4\u00e4 sen mink\u00e4 tahansa tyylisten p\u00f6yd\u00e4njalkojen kanssa omia erityistarpeitasi vastaamaan.<\/li>\n<li>Py\u00f6ristetyt reunat: Vaihtop\u00f6yt\u00e4levyn kaikki kulmat on py\u00f6ristetty turvallisuutesi vuoksi.<\/li>\n<li>Helposti puhdistettava pinta: Lakatun pinnan ansiosta bambu p\u00f6yt\u00e4levy on helppo puhdistaa kostealla liinalla.<\/li>\n<\/ul>\n<p>Hyv\u00e4 tiet\u00e4\u00e4:<\/p>\n<ul>\n<li>V\u00e4rit ja puunsyyt vaihtelevat kappaleittain, mik\u00e4 tekee jokaisesta kappaleesta ainutlaatuisen. Toimitus on sattumanvarainen, t\u00e4m\u00e4 takaa tuotteesi erityisyyden ja ainutlaatuisuuden.<\/li>\n<\/ul>\n<ul>\n<li>Materiaali: Lakattu bambu<\/li>\n<li>Mitat: 60 x 100 x 1,5 cm (P x L x Paks.)<\/li>\n<\/ul>\n","protected":false},"excerpt":{"rendered":"<ul>\n<li>Materiaali: Lakattu bambu<\/li>\n<li>Mitat: 60 x 100 x 1,5 cm (P x L x Paks.)<\/li>\n<\/ul>\n","protected":false},"featured_media":100000105011,"comment_status":"closed","ping_status":"closed","template":"","meta":[],"product_brand":[],"product_cat":[84,8578],"product_tag":[],"class_list":{"0":"post-105011","1":"product","2":"type-product","3":"status-publish","4":"has-post-thumbnail","6":"product_cat-huonekalut","7":"product_cat-poytalevyt","9":"first","10":"instock","11":"taxable","12":"shipping-taxable","13":"purchasable","14":"product-type-simple"},"_links":{"self":[{"href":"https:\/\/www.otiumhome.fi\/index.php\/wp-json\/wp\/v2\/product\/105011","targetHints":{"allow":["GET"]}}],"collection":[{"href":"https:\/\/www.otiumhome.fi\/index.php\/wp-json\/wp\/v2\/product"}],"about":[{"href":"https:\/\/www.otiumhome.fi\/index.php\/wp-json\/wp\/v2\/types\/product"}],"replies":[{"embeddable":true,"href":"https:\/\/www.otiumhome.fi\/index.php\/wp-json\/wp\/v2\/comments?post=105011"}],"wp:featuredmedia":[{"embeddable":true,"href":"https:\/\/www.otiumhome.fi\/index.php\/wp-json\/"}],"wp:attachment":[{"href":"https:\/\/www.otiumhome.fi\/index.php\/wp-json\/wp\/v2\/media?parent=105011"}],"wp:term":[{"taxonomy":"product_brand","embeddable":true,"href":"https:\/\/www.otiumhome.fi\/index.php\/wp-json\/wp\/v2\/product_brand?post=105011"},{"taxonomy":"product_cat","embeddable":true,"href":"https:\/\/www.otiumhome.fi\/index.php\/wp-json\/wp\/v2\/product_cat?post=105011"},{"taxonomy":"product_tag","embeddable":true,"href":"https:\/\/www.otiumhome.fi\/index.php\/wp-json\/wp\/v2\/product_tag?post=105011"}],"curies":[{"name":"wp","href":"https:\/\/api.w.org\/{rel}","templated":true}]}}