{"id":104851,"date":"2024-12-15T14:05:38","date_gmt":"2024-12-15T14:05:38","guid":{"rendered":"https:\/\/www.otiumhome.fi\/?p=104851"},"modified":"2025-06-06T16:25:48","modified_gmt":"2025-06-06T16:25:48","slug":"pyorea-poytalevy-70-cm-15-16-mm-taysi-kierratetty-puu","status":"publish","type":"product","link":"https:\/\/www.otiumhome.fi\/index.php\/tuote\/pyorea-poytalevy-70-cm-15-16-mm-taysi-kierratetty-puu\/","title":{"rendered":"Py\u00f6re\u00e4 p\u00f6yt\u00e4levy 70 cm 15-16 mm t\u00e4ysi kierr\u00e4tetty puu"},"content":{"rendered":"<p>T\u00e4m\u00e4 yksinkertainen ja siisti puup\u00f6yt\u00e4levy tuo rustiikkista tunnelmaa sis\u00e4tiloihisi. Sen t\u00e4yspuinen rakenne tekee siit\u00e4 vakaan ja turvallisen.<\/p>\n<\/p>\n<p>Varap\u00f6yt\u00e4levy on valmistettu t\u00e4ydest\u00e4 trooppisesta kierr\u00e4tyspuusta, joka on ker\u00e4tty vanhoista rakennuksista, kuten varastoista, ladoista, vajoista, myllyist\u00e4 ja kartanoista. Puu on sekoitus esim. mangopuuta, kovapuita ja tiikki\u00e4, joten siin\u00e4 on eri puulajien ominaisuuksia. N\u00e4kyv\u00e4t kulumisen j\u00e4ljet ja puun pintakuviot antavat jokaiselle kappaleelle oman historian ja ainutlaatuisen ilmeen. Jokainen ty\u00f6vaihe suoritetaan eritt\u00e4in huolella, olipa kyse sitten kiillotuksesta, maalauksesta tai lakkauksesta. T\u00e4t\u00e4 t\u00e4yspuista p\u00f6yt\u00e4levy\u00e4 voidaan k\u00e4ytt\u00e4\u00e4 sohvap\u00f6yt\u00e4n\u00e4, baarip\u00f6yt\u00e4n\u00e4, puhelinp\u00f6yt\u00e4n\u00e4, konsolip\u00f6yt\u00e4n\u00e4, y\u00f6p\u00f6yt\u00e4n\u00e4, hyllyin\u00e4 tai huonekalulevyn\u00e4. Voit lis\u00e4ksi yhdist\u00e4\u00e4 p\u00f6yt\u00e4levyyn haluamasi jalat. P\u00f6yt\u00e4levy on helppo puhdistaa kostealla liinalla pyyhkien.<\/p>\n<\/p>\n<p>T\u00e4rke\u00e4 huomio: V\u00e4rit vaihtelevat kappaleittain tehden jokaisesta kappaleesta ainutlaatuisen; toimitus on sattumanvarainen.<\/p>\n<ul>\n<li>Materiaali: kierr\u00e4tetty t\u00e4yspuu<\/li>\n<li>Halkaisija: 70 cm<\/li>\n<li>Paksuus: 15 &#8211; 16 mm<\/li>\n<li>Kaksi puutukea<\/li>\n<li>Viimeistely: hiottu, maalattu ja lakattu<\/li>\n<\/ul>\n","protected":false},"excerpt":{"rendered":"<ul>\n<li>Materiaali: kierr\u00e4tetty t\u00e4yspuu<\/li>\n<li>Halkaisija: 70 cm<\/li>\n<li>Paksuus: 15 &#8211; 16 mm<\/li>\n<li>Kaksi puutukea<\/li>\n<li>Viimeistely: hiottu, maalattu ja lakattu<\/li>\n<\/ul>\n","protected":false},"featured_media":100000104851,"comment_status":"closed","ping_status":"closed","template":"","meta":[],"product_brand":[],"product_cat":[84,8578],"product_tag":[],"class_list":{"0":"post-104851","1":"product","2":"type-product","3":"status-publish","4":"has-post-thumbnail","6":"product_cat-huonekalut","7":"product_cat-poytalevyt","9":"first","10":"instock","11":"taxable","12":"shipping-taxable","13":"purchasable","14":"product-type-simple"},"_links":{"self":[{"href":"https:\/\/www.otiumhome.fi\/index.php\/wp-json\/wp\/v2\/product\/104851","targetHints":{"allow":["GET"]}}],"collection":[{"href":"https:\/\/www.otiumhome.fi\/index.php\/wp-json\/wp\/v2\/product"}],"about":[{"href":"https:\/\/www.otiumhome.fi\/index.php\/wp-json\/wp\/v2\/types\/product"}],"replies":[{"embeddable":true,"href":"https:\/\/www.otiumhome.fi\/index.php\/wp-json\/wp\/v2\/comments?post=104851"}],"wp:featuredmedia":[{"embeddable":true,"href":"https:\/\/www.otiumhome.fi\/index.php\/wp-json\/"}],"wp:attachment":[{"href":"https:\/\/www.otiumhome.fi\/index.php\/wp-json\/wp\/v2\/media?parent=104851"}],"wp:term":[{"taxonomy":"product_brand","embeddable":true,"href":"https:\/\/www.otiumhome.fi\/index.php\/wp-json\/wp\/v2\/product_brand?post=104851"},{"taxonomy":"product_cat","embeddable":true,"href":"https:\/\/www.otiumhome.fi\/index.php\/wp-json\/wp\/v2\/product_cat?post=104851"},{"taxonomy":"product_tag","embeddable":true,"href":"https:\/\/www.otiumhome.fi\/index.php\/wp-json\/wp\/v2\/product_tag?post=104851"}],"curies":[{"name":"wp","href":"https:\/\/api.w.org\/{rel}","templated":true}]}}