{"id":104732,"date":"2024-12-15T14:03:55","date_gmt":"2024-12-15T14:03:55","guid":{"rendered":"https:\/\/www.otiumhome.fi\/?p=104732"},"modified":"2025-06-06T16:20:44","modified_gmt":"2025-06-06T16:20:44","slug":"poytalevy-valkoinen-o70x08-cm-karkaistu-lasi-marmorikuvio","status":"publish","type":"product","link":"https:\/\/www.otiumhome.fi\/index.php\/tuote\/poytalevy-valkoinen-o70x08-cm-karkaistu-lasi-marmorikuvio\/","title":{"rendered":"P\u00f6yt\u00e4levy valkoinen \u00d870&#215;0,8 cm karkaistu lasi marmorikuvio"},"content":{"rendered":"<p>Karkaistusta lasista valmistettu p\u00f6yt\u00e4levy on ihanteellinen ruoka-, sohvap\u00f6ytiin, jne.<\/p>\n<\/p>\n<p>Marmorisuunnittelulla varustettu p\u00f6yt\u00e4levy on esteettisesti kaunis ja keskipiste miss\u00e4 tahansa kotonasi. Koska se on valmistettu karkaistusta lasista, niin sohvap\u00f6yt\u00e4levy on kest\u00e4v\u00e4 ja helppo puhdistaa kostealla liinalla.<\/p>\n<ul>\n<li>V\u00e4ri: valkoinen<\/li>\n<li>Materiaali: karkaistu lasi<\/li>\n<li>Mitat: 70 x 0,8 cm (halkaisija x Paks.)<\/li>\n<li>Marmorikuviolla<\/li>\n<\/ul>\n","protected":false},"excerpt":{"rendered":"<ul>\n<li>V\u00e4ri: valkoinen<\/li>\n<li>Materiaali: karkaistu lasi<\/li>\n<li>Mitat: 70 x 0,8 cm (halkaisija x Paks.)<\/li>\n<li>Marmorikuviolla<\/li>\n<\/ul>\n","protected":false},"featured_media":100000104732,"comment_status":"closed","ping_status":"closed","template":"","meta":[],"product_brand":[],"product_cat":[84,8578],"product_tag":[],"class_list":{"0":"post-104732","1":"product","2":"type-product","3":"status-publish","4":"has-post-thumbnail","6":"product_cat-huonekalut","7":"product_cat-poytalevyt","9":"first","10":"instock","11":"taxable","12":"shipping-taxable","13":"purchasable","14":"product-type-simple"},"_links":{"self":[{"href":"https:\/\/www.otiumhome.fi\/index.php\/wp-json\/wp\/v2\/product\/104732","targetHints":{"allow":["GET"]}}],"collection":[{"href":"https:\/\/www.otiumhome.fi\/index.php\/wp-json\/wp\/v2\/product"}],"about":[{"href":"https:\/\/www.otiumhome.fi\/index.php\/wp-json\/wp\/v2\/types\/product"}],"replies":[{"embeddable":true,"href":"https:\/\/www.otiumhome.fi\/index.php\/wp-json\/wp\/v2\/comments?post=104732"}],"wp:featuredmedia":[{"embeddable":true,"href":"https:\/\/www.otiumhome.fi\/index.php\/wp-json\/"}],"wp:attachment":[{"href":"https:\/\/www.otiumhome.fi\/index.php\/wp-json\/wp\/v2\/media?parent=104732"}],"wp:term":[{"taxonomy":"product_brand","embeddable":true,"href":"https:\/\/www.otiumhome.fi\/index.php\/wp-json\/wp\/v2\/product_brand?post=104732"},{"taxonomy":"product_cat","embeddable":true,"href":"https:\/\/www.otiumhome.fi\/index.php\/wp-json\/wp\/v2\/product_cat?post=104732"},{"taxonomy":"product_tag","embeddable":true,"href":"https:\/\/www.otiumhome.fi\/index.php\/wp-json\/wp\/v2\/product_tag?post=104732"}],"curies":[{"name":"wp","href":"https:\/\/api.w.org\/{rel}","templated":true}]}}