{"id":104665,"date":"2024-12-15T14:03:50","date_gmt":"2024-12-15T14:03:50","guid":{"rendered":"https:\/\/www.otiumhome.fi\/?p=104665"},"modified":"2025-06-06T16:20:37","modified_gmt":"2025-06-06T16:20:37","slug":"poytalevy-60x40x2-4-cm-kasittelematon-taysi-puu-elava-reuna","status":"publish","type":"product","link":"https:\/\/www.otiumhome.fi\/index.php\/tuote\/poytalevy-60x40x2-4-cm-kasittelematon-taysi-puu-elava-reuna\/","title":{"rendered":"P\u00f6yt\u00e4levy 60x40x(2-4) cm k\u00e4sittelem\u00e4t\u00f6n t\u00e4ysi puu el\u00e4v\u00e4 reuna"},"content":{"rendered":"<p>Anna p\u00f6yd\u00e4llesi uusi el\u00e4m\u00e4 t\u00e4m\u00e4n puisen p\u00f6yt\u00e4levyn avulla. Se on erinomainen ratkaisu p\u00f6yd\u00e4n pirist\u00e4miseen kotona tai kaupallisessa ymp\u00e4rist\u00f6ss\u00e4.<\/p>\n<\/p>\n<ul>\n<li>T\u00e4ysi tammi: P\u00f6yt\u00e4levy on valmistettu t\u00e4ydest\u00e4 tammesta, joka on kaunis luonnonmateriaali. Tammella on keskiruskea v\u00e4ri ja tihe\u00e4t puunsyyt, jotka luovat sille ainutlaatuisen ulkon\u00e4\u00f6n.<\/li>\n<li>Monipuolinen k\u00e4ytt\u00f6: Vaihtop\u00f6yt\u00e4levy voidaan yhdist\u00e4\u00e4 moniin eri alustoihin tarpeidesi mukaan.<\/li>\n<li>K\u00e4sittelem\u00e4t\u00f6n pinta: Koska vaihtolevy on valmistettu viimeistelem\u00e4tt\u00f6m\u00e4st\u00e4 t\u00e4ystammesta, voit s\u00e4ilytt\u00e4\u00e4 sen luonnollisen v\u00e4rin, mutta voit my\u00f6s maalata tai lakata sen haluamallasi tavalla.<\/li>\n<li>K\u00e4sintehty el\u00e4v\u00e4ll\u00e4 reunalla: T\u00e4m\u00e4 tee-se-itse levy on taitavasti k\u00e4sintehty ja sen el\u00e4v\u00e4t reunat lis\u00e4\u00e4v\u00e4t sen luonnollista charmia. Siit\u00e4 syyst\u00e4 oksanpaikat, halkeamat, hieman kaareva muoto ja v\u00e4ris\u00e4vyt ovat osa tammea, joten jokainen kappale on luonteeltaan ja ulkon\u00e4\u00f6lt\u00e4\u00e4n ainutlaatuinen. Toimitus on satunnainen, joka takaa tuotteesi ainutlaatuisuuden ja yksil\u00f6llisyyden.<\/li>\n<\/ul>\n<p>Hyv\u00e4 tiet\u00e4\u00e4:<\/p>\n<ul>\n<li>Luonnontuotteena puussa saattaa olla oksanpaikkoja ja ep\u00e4tasaisuuksia, jotka t\u00e4yt\u00e4mme sile\u00e4n ulkon\u00e4\u00f6n takaamiseksi.<\/li>\n<\/ul>\n<ul>\n<li>Materiaali: T\u00e4ysi tammi (k\u00e4sittelem\u00e4t\u00f6n)<\/li>\n<li>Kokonaismitat: 60 x 40 x (2 &#8211; 4) cm (P x L x Paks.)<\/li>\n<li>Enimm\u00e4iskantavuus: 20 kg<\/li>\n<li>Sis\u00e4lt\u00e4\u00e4 2 pitk\u00e4\u00e4 el\u00e4v\u00e4\u00e4 sivureunaa<\/li>\n<\/ul>\n","protected":false},"excerpt":{"rendered":"<ul>\n<li>Materiaali: T\u00e4ysi tammi (k\u00e4sittelem\u00e4t\u00f6n)<\/li>\n<li>Kokonaismitat: 60 x 40 x (2 &#8211; 4) cm (P x L x Paks.)<\/li>\n<li>Enimm\u00e4iskantavuus: 20 kg<\/li>\n<li>Sis\u00e4lt\u00e4\u00e4 2 pitk\u00e4\u00e4 el\u00e4v\u00e4\u00e4 sivureunaa<\/li>\n<\/ul>\n","protected":false},"featured_media":100000104665,"comment_status":"closed","ping_status":"closed","template":"","meta":[],"product_brand":[],"product_cat":[84,8578],"product_tag":[],"class_list":{"0":"post-104665","1":"product","2":"type-product","3":"status-publish","4":"has-post-thumbnail","6":"product_cat-huonekalut","7":"product_cat-poytalevyt","9":"first","10":"instock","11":"taxable","12":"shipping-taxable","13":"purchasable","14":"product-type-simple"},"_links":{"self":[{"href":"https:\/\/www.otiumhome.fi\/index.php\/wp-json\/wp\/v2\/product\/104665","targetHints":{"allow":["GET"]}}],"collection":[{"href":"https:\/\/www.otiumhome.fi\/index.php\/wp-json\/wp\/v2\/product"}],"about":[{"href":"https:\/\/www.otiumhome.fi\/index.php\/wp-json\/wp\/v2\/types\/product"}],"replies":[{"embeddable":true,"href":"https:\/\/www.otiumhome.fi\/index.php\/wp-json\/wp\/v2\/comments?post=104665"}],"wp:featuredmedia":[{"embeddable":true,"href":"https:\/\/www.otiumhome.fi\/index.php\/wp-json\/"}],"wp:attachment":[{"href":"https:\/\/www.otiumhome.fi\/index.php\/wp-json\/wp\/v2\/media?parent=104665"}],"wp:term":[{"taxonomy":"product_brand","embeddable":true,"href":"https:\/\/www.otiumhome.fi\/index.php\/wp-json\/wp\/v2\/product_brand?post=104665"},{"taxonomy":"product_cat","embeddable":true,"href":"https:\/\/www.otiumhome.fi\/index.php\/wp-json\/wp\/v2\/product_cat?post=104665"},{"taxonomy":"product_tag","embeddable":true,"href":"https:\/\/www.otiumhome.fi\/index.php\/wp-json\/wp\/v2\/product_tag?post=104665"}],"curies":[{"name":"wp","href":"https:\/\/api.w.org\/{rel}","templated":true}]}}