{"id":104275,"date":"2024-12-15T14:00:55","date_gmt":"2024-12-15T14:00:55","guid":{"rendered":"https:\/\/www.otiumhome.fi\/?p=104275"},"modified":"2025-06-06T16:27:26","modified_gmt":"2025-06-06T16:27:26","slug":"poytalevy-vaaleanruskea-100x50x2-6-cm-kasitelty-taystammi","status":"publish","type":"product","link":"https:\/\/www.otiumhome.fi\/index.php\/tuote\/poytalevy-vaaleanruskea-100x50x2-6-cm-kasitelty-taystammi\/","title":{"rendered":"P\u00f6yt\u00e4levy vaaleanruskea 100x50x(2-6) cm k\u00e4sitelty t\u00e4ystammi"},"content":{"rendered":"<p>Anna p\u00f6yd\u00e4llesi uusi el\u00e4m\u00e4 t\u00e4m\u00e4n puisen p\u00f6yt\u00e4levyn avulla. Se on erinomainen ratkaisu p\u00f6yd\u00e4n pirist\u00e4miseen kotona tai kaupallisessa ymp\u00e4rist\u00f6ss\u00e4.<\/p>\n<\/p>\n<ul>\n<li>T\u00e4ysi tammi: P\u00f6yt\u00e4levy on valmistettu t\u00e4ydest\u00e4 tammesta, joka on kaunis luonnonmateriaali. Tammella on keskiruskea v\u00e4ri ja tihe\u00e4t puunsyyt, jotka luovat sille ainutlaatuisen ulkon\u00e4\u00f6n.<\/li>\n<li>Monipuolinen k\u00e4ytt\u00f6: Vaihtop\u00f6yt\u00e4levy voidaan yhdist\u00e4\u00e4 moniin eri alustoihin tarpeidesi mukaan.<\/li>\n<li>K\u00e4sitelty pinta: Kalustelevy on lakattu, joten se on k\u00e4ytt\u00f6valmis, eik\u00e4 lis\u00e4viimeistelyj\u00e4 tarvita.<\/li>\n<li>K\u00e4sintehty el\u00e4v\u00e4ll\u00e4 reunalla: T\u00e4m\u00e4 tee-se-itse levy on taitavasti k\u00e4sintehty ja sen el\u00e4v\u00e4t reunat lis\u00e4\u00e4v\u00e4t sen luonnollista charmia. Jokainen kappale on luonteeltaan ja ulkon\u00e4\u00f6lt\u00e4\u00e4n ainutlaatuinen. Toimitus on satunnainen, joka takaa tuotteesi ainutlaatuisuuden ja yksil\u00f6llisyyden.<\/li>\n<\/ul>\n<p>Hyv\u00e4 tiet\u00e4\u00e4:<\/p>\n<ul>\n<li>Luonnontuotteena puussa saattaa olla oksanpaikkoja ja ep\u00e4tasaisuuksia, jotka t\u00e4yt\u00e4mme sile\u00e4n ulkon\u00e4\u00f6n takaamiseksi.<\/li>\n<\/ul>\n<ul>\n<li>V\u00e4ri: vaaleanruskea<\/li>\n<li>Materiaali: Lakattu t\u00e4ystammi<\/li>\n<li>Kokonaismitat: 100 x 50 x (2-6) cm (P x L x Paks.)<\/li>\n<li>Enimm\u00e4iskantavuus: 40 kg<\/li>\n<li>Sis\u00e4lt\u00e4\u00e4 pitk\u00e4n el\u00e4v\u00e4n sivureunan<\/li>\n<\/ul>\n","protected":false},"excerpt":{"rendered":"<ul>\n<li>V\u00e4ri: vaaleanruskea<\/li>\n<li>Materiaali: Lakattu t\u00e4ystammi<\/li>\n<li>Kokonaismitat: 100 x 50 x (2-6) cm (P x L x Paks.)<\/li>\n<li>Enimm\u00e4iskantavuus: 40 kg<\/li>\n<li>Sis\u00e4lt\u00e4\u00e4 pitk\u00e4n el\u00e4v\u00e4n sivureunan<\/li>\n<\/ul>\n","protected":false},"featured_media":100000104275,"comment_status":"closed","ping_status":"closed","template":"","meta":[],"product_brand":[],"product_cat":[84,8578],"product_tag":[],"class_list":{"0":"post-104275","1":"product","2":"type-product","3":"status-publish","4":"has-post-thumbnail","6":"product_cat-huonekalut","7":"product_cat-poytalevyt","9":"first","10":"outofstock","11":"taxable","12":"shipping-taxable","13":"purchasable","14":"product-type-simple"},"_links":{"self":[{"href":"https:\/\/www.otiumhome.fi\/index.php\/wp-json\/wp\/v2\/product\/104275","targetHints":{"allow":["GET"]}}],"collection":[{"href":"https:\/\/www.otiumhome.fi\/index.php\/wp-json\/wp\/v2\/product"}],"about":[{"href":"https:\/\/www.otiumhome.fi\/index.php\/wp-json\/wp\/v2\/types\/product"}],"replies":[{"embeddable":true,"href":"https:\/\/www.otiumhome.fi\/index.php\/wp-json\/wp\/v2\/comments?post=104275"}],"wp:featuredmedia":[{"embeddable":true,"href":"https:\/\/www.otiumhome.fi\/index.php\/wp-json\/"}],"wp:attachment":[{"href":"https:\/\/www.otiumhome.fi\/index.php\/wp-json\/wp\/v2\/media?parent=104275"}],"wp:term":[{"taxonomy":"product_brand","embeddable":true,"href":"https:\/\/www.otiumhome.fi\/index.php\/wp-json\/wp\/v2\/product_brand?post=104275"},{"taxonomy":"product_cat","embeddable":true,"href":"https:\/\/www.otiumhome.fi\/index.php\/wp-json\/wp\/v2\/product_cat?post=104275"},{"taxonomy":"product_tag","embeddable":true,"href":"https:\/\/www.otiumhome.fi\/index.php\/wp-json\/wp\/v2\/product_tag?post=104275"}],"curies":[{"name":"wp","href":"https:\/\/api.w.org\/{rel}","templated":true}]}}