{"id":104063,"date":"2024-12-15T14:00:40","date_gmt":"2024-12-15T14:00:40","guid":{"rendered":"https:\/\/www.otiumhome.fi\/?p=104063"},"modified":"2025-06-06T16:18:32","modified_gmt":"2025-06-06T16:18:32","slug":"4-korkeussaadettavaa-poydan-jalkaa-harjattu-nikkeli-1100-mm","status":"publish","type":"product","link":"https:\/\/www.otiumhome.fi\/index.php\/tuote\/4-korkeussaadettavaa-poydan-jalkaa-harjattu-nikkeli-1100-mm\/","title":{"rendered":"4 Korkeuss\u00e4\u00e4dett\u00e4v\u00e4\u00e4 P\u00f6yd\u00e4n Jalkaa Harjattu Nikkeli 1100 mm"},"content":{"rendered":"<p>T\u00e4t\u00e4 4:n laadukkaan p\u00f6yd\u00e4njalan sarjaa voidaan k\u00e4ytt\u00e4\u00e4 vaihtojaloiksi aamiaisbaariin, p\u00f6ytiin, ty\u00f6tasoihin, toimistop\u00f6ytiin, jne.<\/p>\n<\/p>\n<p>Koska ne on valmistettu laadukkaista materiaaleista, niin n\u00e4m\u00e4 p\u00f6yd\u00e4njalat ovat todella vakaat ja kest\u00e4v\u00e4t. S\u00e4\u00e4dett\u00e4vien ruuvijalkojen ansiosta, p\u00f6yd\u00e4njalkojen korkeutta voidaan s\u00e4\u00e4t\u00e4\u00e4 mukautumaan ep\u00e4tasaisille lattioille.<\/p>\n<\/p>\n<p>Todella helppo ja nopea koota.<\/p>\n<ul>\n<li>V\u00e4ri: harjattu nikkeli<\/li>\n<li>Putken materiaali: rauta<\/li>\n<li>Asennuslevyn materiaali: Valettu sinkki<\/li>\n<li>Mitat: 60 x 1100 mm (Halkaisija x K)<\/li>\n<li>S\u00e4\u00e4dett\u00e4v\u00e4t ruuvijalat &#8211; s\u00e4\u00e4t\u00e4v\u00e4t jalkojen korkeutta v\u00e4lill\u00e4 1100 mm &#8211; 1110 mm<\/li>\n<li>Voidaan k\u00e4ytt\u00e4\u00e4 vaihtojaloiksi aamiaisbaariin, p\u00f6ytiin, ty\u00f6tasoihin, toimistop\u00f6ytiin jne.<\/li>\n<li>Todella kest\u00e4v\u00e4t ja vakaat<\/li>\n<li>Yksinkertainen ja nopea asennus<\/li>\n<li><strong>Toimitus sis\u00e4lt\u00e4\u00e4:<\/strong><\/li>\n<li>4 x putki<\/li>\n<li>4 x jalka<\/li>\n<li>4 x asennuslevy<\/li>\n<li>4 x Ruuvi<\/li>\n<li>1 x Kuusiokoloavain<\/li>\n<\/ul>\n","protected":false},"excerpt":{"rendered":"<ul>\n<li>V\u00e4ri: harjattu nikkeli<\/li>\n<li>Putken materiaali: rauta<\/li>\n<li>Asennuslevyn materiaali: Valettu sinkki<\/li>\n<li>Mitat: 60 x 1100 mm (Halkaisija x K)<\/li>\n<li>S\u00e4\u00e4dett\u00e4v\u00e4t ruuvijalat &#8211; s\u00e4\u00e4t\u00e4v\u00e4t jalkojen korkeutta v\u00e4lill\u00e4 1100 mm &#8211; 1110 mm<\/li>\n<li>Voidaan k\u00e4ytt\u00e4\u00e4 vaihtojaloiksi aamiaisbaariin, p\u00f6ytiin, ty\u00f6tasoihin, toimistop\u00f6ytiin jne.<\/li>\n<li>Todella kest\u00e4v\u00e4t ja vakaat<\/li>\n<li>Yksinkertainen ja nopea asennus<\/li>\n<li><strong>Toimitus sis\u00e4lt\u00e4\u00e4:<\/strong><\/li>\n<li>4 x putki<\/li>\n<li>4 x jalka<\/li>\n<li>4 x asennuslevy<\/li>\n<li>4 x Ruuvi<\/li>\n<li>1 x Kuusiokoloavain<\/li>\n<\/ul>\n","protected":false},"featured_media":100000104063,"comment_status":"closed","ping_status":"closed","template":"","meta":[],"product_brand":[],"product_cat":[84,8577],"product_tag":[],"class_list":{"0":"post-104063","1":"product","2":"type-product","3":"status-publish","4":"has-post-thumbnail","6":"product_cat-huonekalut","7":"product_cat-poydanjalat","9":"first","10":"instock","11":"taxable","12":"shipping-taxable","13":"purchasable","14":"product-type-simple"},"_links":{"self":[{"href":"https:\/\/www.otiumhome.fi\/index.php\/wp-json\/wp\/v2\/product\/104063","targetHints":{"allow":["GET"]}}],"collection":[{"href":"https:\/\/www.otiumhome.fi\/index.php\/wp-json\/wp\/v2\/product"}],"about":[{"href":"https:\/\/www.otiumhome.fi\/index.php\/wp-json\/wp\/v2\/types\/product"}],"replies":[{"embeddable":true,"href":"https:\/\/www.otiumhome.fi\/index.php\/wp-json\/wp\/v2\/comments?post=104063"}],"wp:featuredmedia":[{"embeddable":true,"href":"https:\/\/www.otiumhome.fi\/index.php\/wp-json\/"}],"wp:attachment":[{"href":"https:\/\/www.otiumhome.fi\/index.php\/wp-json\/wp\/v2\/media?parent=104063"}],"wp:term":[{"taxonomy":"product_brand","embeddable":true,"href":"https:\/\/www.otiumhome.fi\/index.php\/wp-json\/wp\/v2\/product_brand?post=104063"},{"taxonomy":"product_cat","embeddable":true,"href":"https:\/\/www.otiumhome.fi\/index.php\/wp-json\/wp\/v2\/product_cat?post=104063"},{"taxonomy":"product_tag","embeddable":true,"href":"https:\/\/www.otiumhome.fi\/index.php\/wp-json\/wp\/v2\/product_tag?post=104063"}],"curies":[{"name":"wp","href":"https:\/\/api.w.org\/{rel}","templated":true}]}}