{"id":104025,"date":"2024-12-15T14:00:38","date_gmt":"2024-12-15T14:00:38","guid":{"rendered":"https:\/\/www.otiumhome.fi\/?p=104025"},"modified":"2025-06-06T16:16:55","modified_gmt":"2025-06-06T16:16:55","slug":"tyopoydan-runko-metalli-120x57x79-cm-musta-ja-punainen","status":"publish","type":"product","link":"https:\/\/www.otiumhome.fi\/index.php\/tuote\/tyopoydan-runko-metalli-120x57x79-cm-musta-ja-punainen\/","title":{"rendered":"Ty\u00f6p\u00f6yd\u00e4n runko metalli 120x57x79 cm musta ja punainen"},"content":{"rendered":"<p>Luo oma yksil\u00f6llinen ty\u00f6tila metallisella ty\u00f6p\u00f6yd\u00e4n rungollamme, jossa on jauhemaalatut jalat. P\u00f6yt\u00e4 on tukeva ja kest\u00e4\u00e4 kovaakin k\u00e4ytt\u00f6\u00e4.<\/p>\n<\/p>\n<p>Yl\u00e4- ja alaosassa on vahvistettu tanko tuen ja lujuuden lis\u00e4\u00e4miseksi. Esiporatut rei\u00e4t yl\u00e4osassa mahdollistavat mink\u00e4 tahansa tarpeidesi mukaisen p\u00f6yt\u00e4levyn kiinnitt\u00e4misen helposti.<\/p>\n<ul>\n<li>V\u00e4ri: musta ja punainen<\/li>\n<li>Materiaali: jauhemaalattu metalli<\/li>\n<li>Mitat: 120 x 57 x 79 cm (P x L x K)<\/li>\n<li>Yl\u00e4osassa esiporatut rei\u00e4t<\/li>\n<li>Asennus vaaditaan: kyll\u00e4<\/li>\n<\/ul>\n","protected":false},"excerpt":{"rendered":"<ul>\n<li>V\u00e4ri: musta ja punainen<\/li>\n<li>Materiaali: jauhemaalattu metalli<\/li>\n<li>Mitat: 120 x 57 x 79 cm (P x L x K)<\/li>\n<li>Yl\u00e4osassa esiporatut rei\u00e4t<\/li>\n<li>Asennus vaaditaan: kyll\u00e4<\/li>\n<\/ul>\n","protected":false},"featured_media":100000104025,"comment_status":"closed","ping_status":"closed","template":"","meta":[],"product_brand":[],"product_cat":[84,8577],"product_tag":[],"class_list":{"0":"post-104025","1":"product","2":"type-product","3":"status-publish","4":"has-post-thumbnail","6":"product_cat-huonekalut","7":"product_cat-poydanjalat","9":"first","10":"instock","11":"taxable","12":"shipping-taxable","13":"purchasable","14":"product-type-simple"},"_links":{"self":[{"href":"https:\/\/www.otiumhome.fi\/index.php\/wp-json\/wp\/v2\/product\/104025","targetHints":{"allow":["GET"]}}],"collection":[{"href":"https:\/\/www.otiumhome.fi\/index.php\/wp-json\/wp\/v2\/product"}],"about":[{"href":"https:\/\/www.otiumhome.fi\/index.php\/wp-json\/wp\/v2\/types\/product"}],"replies":[{"embeddable":true,"href":"https:\/\/www.otiumhome.fi\/index.php\/wp-json\/wp\/v2\/comments?post=104025"}],"wp:featuredmedia":[{"embeddable":true,"href":"https:\/\/www.otiumhome.fi\/index.php\/wp-json\/"}],"wp:attachment":[{"href":"https:\/\/www.otiumhome.fi\/index.php\/wp-json\/wp\/v2\/media?parent=104025"}],"wp:term":[{"taxonomy":"product_brand","embeddable":true,"href":"https:\/\/www.otiumhome.fi\/index.php\/wp-json\/wp\/v2\/product_brand?post=104025"},{"taxonomy":"product_cat","embeddable":true,"href":"https:\/\/www.otiumhome.fi\/index.php\/wp-json\/wp\/v2\/product_cat?post=104025"},{"taxonomy":"product_tag","embeddable":true,"href":"https:\/\/www.otiumhome.fi\/index.php\/wp-json\/wp\/v2\/product_tag?post=104025"}],"curies":[{"name":"wp","href":"https:\/\/api.w.org\/{rel}","templated":true}]}}