{"id":103773,"date":"2024-12-15T13:58:37","date_gmt":"2024-12-15T13:58:37","guid":{"rendered":"https:\/\/www.otiumhome.fi\/?p=103773"},"modified":"2025-06-06T16:19:02","modified_gmt":"2025-06-06T16:19:02","slug":"ruokapoydan-jalat-y-muoto-140x60x73-cm-terasta","status":"publish","type":"product","link":"https:\/\/www.otiumhome.fi\/index.php\/tuote\/ruokapoydan-jalat-y-muoto-140x60x73-cm-terasta\/","title":{"rendered":"Ruokap\u00f6yd\u00e4n jalat Y-muoto 140x60x73 cm ter\u00e4st\u00e4"},"content":{"rendered":"<p>Rakenna oma ruokap\u00f6yt\u00e4 tai tee jo olemassa olevasta sohvap\u00f6yd\u00e4st\u00e4si upea ja teollistyylinen ter\u00e4ksisell\u00e4 Y-muotoisilla p\u00f6yd\u00e4njaloillamme.<\/p>\n<\/p>\n<ul>\n<li>Kest\u00e4v\u00e4 materiaali: T\u00e4m\u00e4 p\u00f6yt\u00e4jalka on valmistettu jauhemaalatusta ter\u00e4ksest\u00e4, mik\u00e4 tekee siit\u00e4 tukevan ja pitk\u00e4ik\u00e4isen. <\/li>\n<li> Vakaat ja tukevat p\u00f6yd\u00e4n jalat: N\u00e4m\u00e4 tukevat p\u00f6yd\u00e4njalat kest\u00e4v\u00e4t raskaan p\u00f6yt\u00e4levyn Y-runkorakenteensa ansiosta.<\/li>\n<li>Helppo asentaa: Asennuslevyn esiporattujen reikien ansiosta p\u00f6yd\u00e4njalat voidaan nopeasti ja helposti yhdist\u00e4\u00e4 p\u00f6yt\u00e4levyysi. <\/li>\n<\/ul>\n<p>Hyv\u00e4 tiet\u00e4\u00e4:<\/p>\n<ul>\n<li> Toimituksessa mukana ainoastaan p\u00f6yd\u00e4njalka, p\u00f6yt\u00e4levy ei sis\u00e4lly toimitukseen.<\/li>\n<\/ul>\n<ul>\n<li>V\u00e4ri: Musta<\/li>\n<li>Materiaali: jauhemaalattu ter\u00e4s<\/li>\n<li>Rungon mitat: 140 x 60 x 73 cm (P x L x K)<\/li>\n<li>Asennus vaaditaan: Kyll\u00e4<\/li>\n<\/ul>\n","protected":false},"excerpt":{"rendered":"<ul>\n<li>V\u00e4ri: Musta<\/li>\n<li>Materiaali: jauhemaalattu ter\u00e4s<\/li>\n<li>Rungon mitat: 140 x 60 x 73 cm (P x L x K)<\/li>\n<li>Asennus vaaditaan: Kyll\u00e4<\/li>\n<\/ul>\n","protected":false},"featured_media":100000103773,"comment_status":"closed","ping_status":"closed","template":"","meta":[],"product_brand":[],"product_cat":[84,8577],"product_tag":[],"class_list":{"0":"post-103773","1":"product","2":"type-product","3":"status-publish","4":"has-post-thumbnail","6":"product_cat-huonekalut","7":"product_cat-poydanjalat","9":"first","10":"instock","11":"taxable","12":"shipping-taxable","13":"purchasable","14":"product-type-simple"},"_links":{"self":[{"href":"https:\/\/www.otiumhome.fi\/index.php\/wp-json\/wp\/v2\/product\/103773","targetHints":{"allow":["GET"]}}],"collection":[{"href":"https:\/\/www.otiumhome.fi\/index.php\/wp-json\/wp\/v2\/product"}],"about":[{"href":"https:\/\/www.otiumhome.fi\/index.php\/wp-json\/wp\/v2\/types\/product"}],"replies":[{"embeddable":true,"href":"https:\/\/www.otiumhome.fi\/index.php\/wp-json\/wp\/v2\/comments?post=103773"}],"wp:featuredmedia":[{"embeddable":true,"href":"https:\/\/www.otiumhome.fi\/index.php\/wp-json\/"}],"wp:attachment":[{"href":"https:\/\/www.otiumhome.fi\/index.php\/wp-json\/wp\/v2\/media?parent=103773"}],"wp:term":[{"taxonomy":"product_brand","embeddable":true,"href":"https:\/\/www.otiumhome.fi\/index.php\/wp-json\/wp\/v2\/product_brand?post=103773"},{"taxonomy":"product_cat","embeddable":true,"href":"https:\/\/www.otiumhome.fi\/index.php\/wp-json\/wp\/v2\/product_cat?post=103773"},{"taxonomy":"product_tag","embeddable":true,"href":"https:\/\/www.otiumhome.fi\/index.php\/wp-json\/wp\/v2\/product_tag?post=103773"}],"curies":[{"name":"wp","href":"https:\/\/api.w.org\/{rel}","templated":true}]}}