{"id":103405,"date":"2024-12-15T13:58:10","date_gmt":"2024-12-15T13:58:10","guid":{"rendered":"https:\/\/www.otiumhome.fi\/?p=103405"},"modified":"2025-06-06T16:08:54","modified_gmt":"2025-06-06T16:08:54","slug":"vaahtomuovipatja-valkoinen-90x190-cm-kovuus-h2-h3","status":"publish","type":"product","link":"https:\/\/www.otiumhome.fi\/index.php\/tuote\/vaahtomuovipatja-valkoinen-90x190-cm-kovuus-h2-h3\/","title":{"rendered":"Vaahtomuovipatja valkoinen 90&#215;190 cm kovuus H2 H3"},"content":{"rendered":"<p>T\u00e4m\u00e4 vaahtomuovipatja tarjoaa runsasta ja mukavaa tukea kehollesi, joten voit nauttia t\u00e4ydellisist\u00e4 y\u00f6unista!<\/p>\n<\/p>\n<ul>\n<li>Hengitt\u00e4v\u00e4 p\u00e4\u00e4llinen: T\u00e4m\u00e4 patjanp\u00e4\u00e4llinen on valmistettu mukavasta ja hengitt\u00e4v\u00e4st\u00e4 neuloksesta, joka takaa hyv\u00e4n kosteudens\u00e4\u00e4telyn ja ilmankierron. <\/li>\n<li>Pehme\u00e4 ja mukava t\u00e4yte: T\u00e4m\u00e4 3-kerroksinen kangaspatja on t\u00e4ytetty 22D PU -vaahtomuovilla optimaalisen mukavuuden takaamiseksi. Se auttaa poistamaan v\u00e4symyksen ja parantamaan verenkiertoa, joten se tarjoaa t\u00e4ydellisen rentoutumisen ja laadukkaat unet. <\/li>\n<li>Kovuus H2 &amp;; H3: Patjaa on saatavana H2 ja H3 kovuudella, joten voit yksinkertaisesti k\u00e4\u00e4nt\u00e4\u00e4 patjan ja valita sinulle parhaiten sopivan kovuuden.<\/li>\n<\/ul>\n<ul>\n<li>V\u00e4ri: Valkoinen <\/li>\n<li>P\u00e4\u00e4llisen materiaali: Neulottu kangas <\/li>\n<li>T\u00e4ytemateriaali: 22D PU-vaahtomuovi <\/li>\n<li>Kovuus: H2 ja H3 <\/li>\n<li>Kokonaismitat: 90 x 190 x 17 cm (L x P x Paks.)<\/li>\n<\/ul>\n","protected":false},"excerpt":{"rendered":"<ul>\n<li>V\u00e4ri: Valkoinen <\/li>\n<li>P\u00e4\u00e4llisen materiaali: Neulottu kangas <\/li>\n<li>T\u00e4ytemateriaali: 22D PU-vaahtomuovi <\/li>\n<li>Kovuus: H2 ja H3 <\/li>\n<li>Kokonaismitat: 90 x 190 x 17 cm (L x P x Paks.)<\/li>\n<\/ul>\n","protected":false},"featured_media":100000103405,"comment_status":"closed","ping_status":"closed","template":"","meta":[],"product_brand":[],"product_cat":[84,8570],"product_tag":[],"class_list":{"0":"post-103405","1":"product","2":"type-product","3":"status-publish","4":"has-post-thumbnail","6":"product_cat-huonekalut","7":"product_cat-patjat","9":"first","10":"instock","11":"taxable","12":"shipping-taxable","13":"purchasable","14":"product-type-simple"},"_links":{"self":[{"href":"https:\/\/www.otiumhome.fi\/index.php\/wp-json\/wp\/v2\/product\/103405","targetHints":{"allow":["GET"]}}],"collection":[{"href":"https:\/\/www.otiumhome.fi\/index.php\/wp-json\/wp\/v2\/product"}],"about":[{"href":"https:\/\/www.otiumhome.fi\/index.php\/wp-json\/wp\/v2\/types\/product"}],"replies":[{"embeddable":true,"href":"https:\/\/www.otiumhome.fi\/index.php\/wp-json\/wp\/v2\/comments?post=103405"}],"wp:featuredmedia":[{"embeddable":true,"href":"https:\/\/www.otiumhome.fi\/index.php\/wp-json\/"}],"wp:attachment":[{"href":"https:\/\/www.otiumhome.fi\/index.php\/wp-json\/wp\/v2\/media?parent=103405"}],"wp:term":[{"taxonomy":"product_brand","embeddable":true,"href":"https:\/\/www.otiumhome.fi\/index.php\/wp-json\/wp\/v2\/product_brand?post=103405"},{"taxonomy":"product_cat","embeddable":true,"href":"https:\/\/www.otiumhome.fi\/index.php\/wp-json\/wp\/v2\/product_cat?post=103405"},{"taxonomy":"product_tag","embeddable":true,"href":"https:\/\/www.otiumhome.fi\/index.php\/wp-json\/wp\/v2\/product_tag?post=103405"}],"curies":[{"name":"wp","href":"https:\/\/api.w.org\/{rel}","templated":true}]}}