{"id":103334,"date":"2024-12-15T13:56:54","date_gmt":"2024-12-15T13:56:54","guid":{"rendered":"https:\/\/www.otiumhome.fi\/?p=103334"},"modified":"2025-12-14T08:06:30","modified_gmt":"2025-12-14T08:06:30","slug":"sohva-kuburottinki-harmaa","status":"publish","type":"product","link":"https:\/\/www.otiumhome.fi\/index.php\/tuote\/sohva-kuburottinki-harmaa\/","title":{"rendered":"Sohva kuburottinki harmaa"},"content":{"rendered":"<p>Lis\u00e4\u00e4 luonnollista vieh\u00e4tysvoimaa sisustukseesi ainutlaatuisella kuburottinkisella sohvallamme! Se on t\u00e4ydellinen yhdistelm\u00e4 tyyli\u00e4 ja toiminnallisuutta, ja siit\u00e4 tulee katseenvangitsija olo- tai makuuhuoneeseesi.<\/p>\n<\/p>\n<p>Kuburottinkisen istuimen ja selk\u00e4nojan ansiosta tuoli on eritt\u00e4in mukava ja helppo puhdistaa kostealla liinalla. Lis\u00e4ksi vahvat puujalat takaavat t\u00e4m\u00e4n huonekalusarjan vakauden ja kest\u00e4vyyden. Kuburottinkinen tuoli sopii mihin tahansa sisustukseen ja se on helppo koota.<\/p>\n<ul>\n<li>V\u00e4ri: harmaa<\/li>\n<li>Materiaali: luonnollinen kuburottinki + puiset jalat<\/li>\n<li>Kokonaismitat: 60 x 60 x 79 cm (L x S x K)<\/li>\n<li>Istuimen syvyys: 50 cm<\/li>\n<li>Istuimen korkeus maasta: 46 cm<\/li>\n<\/ul>\n","protected":false},"excerpt":{"rendered":"<ul>\n<li>V\u00e4ri: harmaa<\/li>\n<li>Materiaali: luonnollinen kuburottinki + puiset jalat<\/li>\n<li>Kokonaismitat: 60 x 60 x 79 cm (L x S x K)<\/li>\n<li>Istuimen syvyys: 50 cm<\/li>\n<li>Istuimen korkeus maasta: 46 cm<\/li>\n<\/ul>\n","protected":false},"featured_media":100000103334,"comment_status":"closed","ping_status":"closed","template":"","meta":[],"product_brand":[],"product_cat":[84,8568],"product_tag":[],"class_list":{"0":"post-103334","1":"product","2":"type-product","3":"status-publish","4":"has-post-thumbnail","6":"product_cat-huonekalut","7":"product_cat-noja-mekanismi-vuodetuolit","9":"first","10":"instock","11":"taxable","12":"shipping-taxable","13":"purchasable","14":"product-type-simple"},"_links":{"self":[{"href":"https:\/\/www.otiumhome.fi\/index.php\/wp-json\/wp\/v2\/product\/103334","targetHints":{"allow":["GET"]}}],"collection":[{"href":"https:\/\/www.otiumhome.fi\/index.php\/wp-json\/wp\/v2\/product"}],"about":[{"href":"https:\/\/www.otiumhome.fi\/index.php\/wp-json\/wp\/v2\/types\/product"}],"replies":[{"embeddable":true,"href":"https:\/\/www.otiumhome.fi\/index.php\/wp-json\/wp\/v2\/comments?post=103334"}],"wp:featuredmedia":[{"embeddable":true,"href":"https:\/\/www.otiumhome.fi\/index.php\/wp-json\/"}],"wp:attachment":[{"href":"https:\/\/www.otiumhome.fi\/index.php\/wp-json\/wp\/v2\/media?parent=103334"}],"wp:term":[{"taxonomy":"product_brand","embeddable":true,"href":"https:\/\/www.otiumhome.fi\/index.php\/wp-json\/wp\/v2\/product_brand?post=103334"},{"taxonomy":"product_cat","embeddable":true,"href":"https:\/\/www.otiumhome.fi\/index.php\/wp-json\/wp\/v2\/product_cat?post=103334"},{"taxonomy":"product_tag","embeddable":true,"href":"https:\/\/www.otiumhome.fi\/index.php\/wp-json\/wp\/v2\/product_tag?post=103334"}],"curies":[{"name":"wp","href":"https:\/\/api.w.org\/{rel}","templated":true}]}}