{"id":103310,"date":"2024-12-15T13:56:52","date_gmt":"2024-12-15T13:56:52","guid":{"rendered":"https:\/\/www.otiumhome.fi\/?p=103310"},"modified":"2025-06-06T16:07:00","modified_gmt":"2025-06-06T16:07:00","slug":"tv-taso-100x42x40-cm-taysi-akaasiapuu","status":"publish","type":"product","link":"https:\/\/www.otiumhome.fi\/index.php\/tuote\/tv-taso-100x42x40-cm-taysi-akaasiapuu\/","title":{"rendered":"TV-taso 100x42x40 cm t\u00e4ysi akaasiapuu"},"content":{"rendered":"<p>T\u00e4m\u00e4 TV-taso, jossa on runsaasti s\u00e4ilytystilaa, on k\u00e4yt\u00e4nn\u00f6llinen katseenvangitsija olo- tai makuuhuoneessa.<\/p>\n<\/p>\n<ul>\n<li>Tukeva ja vakaa materiaali: T\u00e4ysi akasiapuu tunnetaan lujuudestaan ja kest\u00e4vyydest\u00e4\u00e4n. Sen monipuoliset v\u00e4rit ja ainutlaatuiset puunsyyn kuviot antavat sille vieh\u00e4tt\u00e4v\u00e4n ulkon\u00e4\u00f6n. Hyv\u00e4n vakauden ja s\u00e4\u00e4nkest\u00e4vyyden ansiosta se on ihanteellinen materiaali sis\u00e4- ja ulkokalusteiden valmistamiseen.<\/li>\n<li>Vakaa ja pitk\u00e4ik\u00e4inen runko: TV-telineen rautakunko korostaa sisustustasi teollisella tyylill\u00e4 ja tarjoaa poikkeuksellista kest\u00e4vyytt\u00e4 ja vakautta.<\/li>\n<li>Vakaa ja tukeva yl\u00e4taso: Tukeva yl\u00e4taso on ihanteellinen paikka TV:n ja stereoj\u00e4rjestelmien, tai joidenkin koristeiden, kuten maljakoiden tai ruukkukasvien sijoittamiseen.<\/li>\n<li>Runsaasti s\u00e4ilytystilaa: T\u00e4m\u00e4 mediakaappi tarjoaa runsaasti s\u00e4ilytystilaa lehtien, kirjojen, DVD-levyjen ja multimedialaitteiden pit\u00e4miseen hyvin j\u00e4rjestyksess\u00e4 ja k\u00e4den ulottuvilla.<\/li>\n<\/ul>\n<ul>\n<li>V\u00e4ri: Ruskea ja musta<\/li>\n<li>Materiaali: t\u00e4ysi akaasiapuu, rauta<\/li>\n<li>Kokonaismitat: 100 x 42 x 40 cm (P x L x K)<\/li>\n<li>Asennus vaaditaan: Kyll\u00e4<\/li>\n<\/ul>\n","protected":false},"excerpt":{"rendered":"<ul>\n<li>V\u00e4ri: Ruskea ja musta<\/li>\n<li>Materiaali: t\u00e4ysi akaasiapuu, rauta<\/li>\n<li>Kokonaismitat: 100 x 42 x 40 cm (P x L x K)<\/li>\n<li>Asennus vaaditaan: Kyll\u00e4<\/li>\n<\/ul>\n","protected":false},"featured_media":100000103310,"comment_status":"closed","ping_status":"closed","template":"","meta":[],"product_brand":[],"product_cat":[84,8567],"product_tag":[],"class_list":{"0":"post-103310","1":"product","2":"type-product","3":"status-publish","4":"has-post-thumbnail","6":"product_cat-huonekalut","7":"product_cat-medialaitekaapit-telineet","9":"first","10":"instock","11":"taxable","12":"shipping-taxable","13":"purchasable","14":"product-type-simple"},"_links":{"self":[{"href":"https:\/\/www.otiumhome.fi\/index.php\/wp-json\/wp\/v2\/product\/103310","targetHints":{"allow":["GET"]}}],"collection":[{"href":"https:\/\/www.otiumhome.fi\/index.php\/wp-json\/wp\/v2\/product"}],"about":[{"href":"https:\/\/www.otiumhome.fi\/index.php\/wp-json\/wp\/v2\/types\/product"}],"replies":[{"embeddable":true,"href":"https:\/\/www.otiumhome.fi\/index.php\/wp-json\/wp\/v2\/comments?post=103310"}],"wp:featuredmedia":[{"embeddable":true,"href":"https:\/\/www.otiumhome.fi\/index.php\/wp-json\/"}],"wp:attachment":[{"href":"https:\/\/www.otiumhome.fi\/index.php\/wp-json\/wp\/v2\/media?parent=103310"}],"wp:term":[{"taxonomy":"product_brand","embeddable":true,"href":"https:\/\/www.otiumhome.fi\/index.php\/wp-json\/wp\/v2\/product_brand?post=103310"},{"taxonomy":"product_cat","embeddable":true,"href":"https:\/\/www.otiumhome.fi\/index.php\/wp-json\/wp\/v2\/product_cat?post=103310"},{"taxonomy":"product_tag","embeddable":true,"href":"https:\/\/www.otiumhome.fi\/index.php\/wp-json\/wp\/v2\/product_tag?post=103310"}],"curies":[{"name":"wp","href":"https:\/\/api.w.org\/{rel}","templated":true}]}}