{"id":103283,"date":"2024-12-15T13:56:51","date_gmt":"2024-12-15T13:56:51","guid":{"rendered":"https:\/\/www.otiumhome.fi\/?p=103283"},"modified":"2025-06-06T16:08:28","modified_gmt":"2025-06-06T16:08:28","slug":"lp-levyjen-sailytyskaappi-valkoinen-745x38x48-cm-tekninen-puu","status":"publish","type":"product","link":"https:\/\/www.otiumhome.fi\/index.php\/tuote\/lp-levyjen-sailytyskaappi-valkoinen-745x38x48-cm-tekninen-puu\/","title":{"rendered":"LP-levyjen s\u00e4ilytyskaappi valkoinen 74,5x38x48 cm tekninen puu"},"content":{"rendered":"<p>S\u00e4ilyt\u00e4 ja esittele vinyylilevyj\u00e4si t\u00e4ss\u00e4 k\u00e4yt\u00e4nn\u00f6llisess\u00e4 ja klassisessa levykaapissa.<\/p>\n<\/p>\n<ul>\n<li>Kest\u00e4v\u00e4 materiaali: Tekninen puu on poikkeuksellisen laadukasta ja sile\u00e4pintaista. Se on luja, vakaa ja kosteudelle vastustuskykyinen.<\/li>\n<li>Runsaasti s\u00e4ilytystilaa: Tilava levysoitinkaappi tarjoaa runsaasti s\u00e4ilytystilaa LP-levyille ja pit\u00e4\u00e4 musiikkikokoelmasi hyv\u00e4ss\u00e4 j\u00e4rjestyksess\u00e4.<\/li>\n<li>Useita toimintoja: T\u00e4t\u00e4 vinyylilevykaappia voidaan k\u00e4ytt\u00e4\u00e4 my\u00f6s sivukaappina olohuoneessa, tai arkistokaappina toimistossa ja ty\u00f6huoneessa.<\/li>\n<li>Metallijalat: Levyjen s\u00e4ilytyskaapin metallijalat lis\u00e4\u00e4v\u00e4t sisustukseesi teollista tyyli\u00e4 ja takaavat samalla vakauden.<\/li>\n<\/ul>\n<ul>\n<li>V\u00e4ri: Valkoinen<\/li>\n<li>Materiaali: tekninen puu, metalli<\/li>\n<li>Mitat: 74,5 x 38 x 48 cm (L x S x K)<\/li>\n<li>Asennus vaaditaan: kyll\u00e4<\/li>\n<\/ul>\n","protected":false},"excerpt":{"rendered":"<ul>\n<li>V\u00e4ri: Valkoinen<\/li>\n<li>Materiaali: tekninen puu, metalli<\/li>\n<li>Mitat: 74,5 x 38 x 48 cm (L x S x K)<\/li>\n<li>Asennus vaaditaan: kyll\u00e4<\/li>\n<\/ul>\n","protected":false},"featured_media":100000103283,"comment_status":"closed","ping_status":"closed","template":"","meta":[],"product_brand":[],"product_cat":[84,8567],"product_tag":[],"class_list":{"0":"post-103283","1":"product","2":"type-product","3":"status-publish","4":"has-post-thumbnail","6":"product_cat-huonekalut","7":"product_cat-medialaitekaapit-telineet","9":"first","10":"instock","11":"taxable","12":"shipping-taxable","13":"purchasable","14":"product-type-simple"},"_links":{"self":[{"href":"https:\/\/www.otiumhome.fi\/index.php\/wp-json\/wp\/v2\/product\/103283","targetHints":{"allow":["GET"]}}],"collection":[{"href":"https:\/\/www.otiumhome.fi\/index.php\/wp-json\/wp\/v2\/product"}],"about":[{"href":"https:\/\/www.otiumhome.fi\/index.php\/wp-json\/wp\/v2\/types\/product"}],"replies":[{"embeddable":true,"href":"https:\/\/www.otiumhome.fi\/index.php\/wp-json\/wp\/v2\/comments?post=103283"}],"wp:featuredmedia":[{"embeddable":true,"href":"https:\/\/www.otiumhome.fi\/index.php\/wp-json\/"}],"wp:attachment":[{"href":"https:\/\/www.otiumhome.fi\/index.php\/wp-json\/wp\/v2\/media?parent=103283"}],"wp:term":[{"taxonomy":"product_brand","embeddable":true,"href":"https:\/\/www.otiumhome.fi\/index.php\/wp-json\/wp\/v2\/product_brand?post=103283"},{"taxonomy":"product_cat","embeddable":true,"href":"https:\/\/www.otiumhome.fi\/index.php\/wp-json\/wp\/v2\/product_cat?post=103283"},{"taxonomy":"product_tag","embeddable":true,"href":"https:\/\/www.otiumhome.fi\/index.php\/wp-json\/wp\/v2\/product_tag?post=103283"}],"curies":[{"name":"wp","href":"https:\/\/api.w.org\/{rel}","templated":true}]}}