{"id":103218,"date":"2024-12-15T13:56:46","date_gmt":"2024-12-15T13:56:46","guid":{"rendered":"https:\/\/www.otiumhome.fi\/?p=103218"},"modified":"2025-06-06T16:06:58","modified_gmt":"2025-06-06T16:06:58","slug":"tv-taso-110x35x40-cm-taysi-karkea-mangopuu","status":"publish","type":"product","link":"https:\/\/www.otiumhome.fi\/index.php\/tuote\/tv-taso-110x35x40-cm-taysi-karkea-mangopuu\/","title":{"rendered":"TV-taso 110x35x40 cm t\u00e4ysi karkea mangopuu"},"content":{"rendered":"<p>T\u00e4m\u00e4 teollista tyyli\u00e4 oleva tukeva TV-taso on ajaton lis\u00e4 olo- tai makuuhuoneeseen.<\/p>\n<\/p>\n<ul>\n<li>Tukeva ja vakaa materiaali: T\u00e4ysi mangopuu on vankka trooppinen lehtipuu, joka on eritt\u00e4in suosittu huonekalujen valmistuksessa sen poikkeuksellisen kest\u00e4vyyden ja lujuuden vuoksi. Sen kauniit puunsyyt tekev\u00e4t jokaisesta tuotteesta ainutlaatuisen ja seuraavasta eroavan.<\/li>\n<li>Reilusti s\u00e4ilytystilaa: T\u00e4m\u00e4 TV-taso tarjoaa runsaasti s\u00e4ilytystilaa lehdillesi, kirjoillesi, DVD-levyillesi, kaukos\u00e4\u00e4timillesi ja muille pienesineille niiden hyv\u00e4ss\u00e4 j\u00e4rjestyksess\u00e4 ja k\u00e4den ulottuvilla pit\u00e4miseen.<\/li>\n<li>K\u00e4yt\u00e4nn\u00f6lliset ovet: Kaksi ovea auttaa pit\u00e4m\u00e4\u00e4n tilan puhtaana ja j\u00e4rjestyksess\u00e4, piilottamalla pienet v\u00e4ltt\u00e4m\u00e4tt\u00f6m\u00e4t tavarat ja sotkut niiden taakse.<\/li>\n<li>Vakaa ja pitk\u00e4ik\u00e4inen runko: TV-penkin rautarunko parantaa sisustustasi teollisella tyylill\u00e4 ja tarjoaa poikkeuksellista kest\u00e4vyytt\u00e4, vakautta ja korroosiokest\u00e4vyytt\u00e4.<\/li>\n<\/ul>\n<p>Hyv\u00e4 tiet\u00e4\u00e4:<\/p>\n<ul>\n<li>Jokainen kappale on ainutlaatuisen eroavilla v\u00e4reill\u00e4 ja puunsyill\u00e4. Toimitus on sattumanvarainen, t\u00e4m\u00e4 takaa tuotteesi erityisyyden ja ainutlaatuisuuden.<\/li>\n<\/ul>\n<ul>\n<li>Materiaali: Luonnollisesti viimeistelty karkea t\u00e4ysi mangopuu, rauta<\/li>\n<li>Mitat: 110 x 35 x 40 cm (P x L x K)<\/li>\n<li>Asennus vaaditaan: Kyll\u00e4<\/li>\n<\/ul>\n","protected":false},"excerpt":{"rendered":"<ul>\n<li>Materiaali: Luonnollisesti viimeistelty karkea t\u00e4ysi mangopuu, rauta<\/li>\n<li>Mitat: 110 x 35 x 40 cm (P x L x K)<\/li>\n<li>Asennus vaaditaan: Kyll\u00e4<\/li>\n<\/ul>\n","protected":false},"featured_media":100000103218,"comment_status":"closed","ping_status":"closed","template":"","meta":[],"product_brand":[],"product_cat":[84,8567],"product_tag":[],"class_list":{"0":"post-103218","1":"product","2":"type-product","3":"status-publish","4":"has-post-thumbnail","6":"product_cat-huonekalut","7":"product_cat-medialaitekaapit-telineet","9":"first","10":"instock","11":"taxable","12":"shipping-taxable","13":"purchasable","14":"product-type-simple"},"_links":{"self":[{"href":"https:\/\/www.otiumhome.fi\/index.php\/wp-json\/wp\/v2\/product\/103218","targetHints":{"allow":["GET"]}}],"collection":[{"href":"https:\/\/www.otiumhome.fi\/index.php\/wp-json\/wp\/v2\/product"}],"about":[{"href":"https:\/\/www.otiumhome.fi\/index.php\/wp-json\/wp\/v2\/types\/product"}],"replies":[{"embeddable":true,"href":"https:\/\/www.otiumhome.fi\/index.php\/wp-json\/wp\/v2\/comments?post=103218"}],"wp:featuredmedia":[{"embeddable":true,"href":"https:\/\/www.otiumhome.fi\/index.php\/wp-json\/"}],"wp:attachment":[{"href":"https:\/\/www.otiumhome.fi\/index.php\/wp-json\/wp\/v2\/media?parent=103218"}],"wp:term":[{"taxonomy":"product_brand","embeddable":true,"href":"https:\/\/www.otiumhome.fi\/index.php\/wp-json\/wp\/v2\/product_brand?post=103218"},{"taxonomy":"product_cat","embeddable":true,"href":"https:\/\/www.otiumhome.fi\/index.php\/wp-json\/wp\/v2\/product_cat?post=103218"},{"taxonomy":"product_tag","embeddable":true,"href":"https:\/\/www.otiumhome.fi\/index.php\/wp-json\/wp\/v2\/product_tag?post=103218"}],"curies":[{"name":"wp","href":"https:\/\/api.w.org\/{rel}","templated":true}]}}