{"id":103048,"date":"2024-12-15T13:56:34","date_gmt":"2024-12-15T13:56:34","guid":{"rendered":"https:\/\/www.otiumhome.fi\/?p=103048"},"modified":"2025-06-06T16:06:58","modified_gmt":"2025-06-06T16:06:58","slug":"vinyylilevyjen-sailytyslaatikko-savutammi-71x34x36-cm-puu","status":"publish","type":"product","link":"https:\/\/www.otiumhome.fi\/index.php\/tuote\/vinyylilevyjen-sailytyslaatikko-savutammi-71x34x36-cm-puu\/","title":{"rendered":"Vinyylilevyjen s\u00e4ilytyslaatikko savutammi 71x34x36 cm puu"},"content":{"rendered":"<p>Tilava vinyylilevyjen s\u00e4ilytyslaatikko, jossa on tukeva takaosa, mahdollistaa LP-kokoelmasi suojaamisen ja s\u00e4ilytt\u00e4misen asianmukaisesti.<\/p>\n<\/p>\n<ul>\n<li>K\u00e4yt\u00e4nn\u00f6llinen materiaali: Tekninen puu on poikkeuksellisen laadukasta ja sile\u00e4pintaista. Se on my\u00f6s luja, vakaa ja kosteudelle vastustuskykyinen. Teknisest\u00e4 puusta valmistettu LP-levyjen s\u00e4ilytyslaatikko on helppo puhdistaa.<\/li>\n<li>Runsaasti s\u00e4ilytystilaa: S\u00e4ilytystilan ansiosta levyjen s\u00e4ilytyslaatikossa on helppo pit\u00e4\u00e4 asiat j\u00e4rjestyksess\u00e4.<\/li>\n<li>Vankka takaosa: Kaapin takaosa on saman paksuinen kuin hylly ja sivupaneelit, joka tekee siit\u00e4 tukevan ja riitt\u00e4v\u00e4n kest\u00e4v\u00e4n kannattelemaan raskaat LP ja vinyylilevyt ja sit\u00e4 voidaan jopa k\u00e4ytt\u00e4\u00e4 kuljetuslaatikkona.<\/li>\n<li>Monipuolinen kaappi: S\u00e4ilytyslaatikko voidaan sijoittaa my\u00f6s pystysuoraan, jolloin se toimii tyylikk\u00e4\u00e4n\u00e4 arkistokaappina toimistossasi ja ty\u00f6huoneessasi. Voit k\u00e4ytt\u00e4\u00e4 sit\u00e4 mahtavana makuuhuoneen j\u00e4rjest\u00e4j\u00e4n\u00e4 ja my\u00f6s vuoteen vieruskaappina.<\/li>\n<\/ul>\n<ul>\n<li>V\u00e4ri: savutammi<\/li>\n<li>Materiaali: tekninen puu <\/li>\n<li>Mitat: 71 x 34 x 36 cm (P x L x K) <\/li>\n<li>Tukeva takaosa LP-levyjen asianmukaiseksi suojaamiseksi<\/li>\n<li>Sopii kuljetuslaatikoksi<\/li>\n<li>Voidaan asettaa vaaka- tai pystyasentoon<\/li>\n<li>Asennus vaaditaan: kyll\u00e4<\/li>\n<\/ul>\n","protected":false},"excerpt":{"rendered":"<ul>\n<li>V\u00e4ri: savutammi<\/li>\n<li>Materiaali: tekninen puu <\/li>\n<li>Mitat: 71 x 34 x 36 cm (P x L x K) <\/li>\n<li>Tukeva takaosa LP-levyjen asianmukaiseksi suojaamiseksi<\/li>\n<li>Sopii kuljetuslaatikoksi<\/li>\n<li>Voidaan asettaa vaaka- tai pystyasentoon<\/li>\n<li>Asennus vaaditaan: kyll\u00e4<\/li>\n<\/ul>\n","protected":false},"featured_media":100000103048,"comment_status":"closed","ping_status":"closed","template":"","meta":[],"product_brand":[],"product_cat":[84,8567],"product_tag":[],"class_list":{"0":"post-103048","1":"product","2":"type-product","3":"status-publish","4":"has-post-thumbnail","6":"product_cat-huonekalut","7":"product_cat-medialaitekaapit-telineet","9":"first","10":"instock","11":"taxable","12":"shipping-taxable","13":"purchasable","14":"product-type-simple"},"_links":{"self":[{"href":"https:\/\/www.otiumhome.fi\/index.php\/wp-json\/wp\/v2\/product\/103048","targetHints":{"allow":["GET"]}}],"collection":[{"href":"https:\/\/www.otiumhome.fi\/index.php\/wp-json\/wp\/v2\/product"}],"about":[{"href":"https:\/\/www.otiumhome.fi\/index.php\/wp-json\/wp\/v2\/types\/product"}],"replies":[{"embeddable":true,"href":"https:\/\/www.otiumhome.fi\/index.php\/wp-json\/wp\/v2\/comments?post=103048"}],"wp:featuredmedia":[{"embeddable":true,"href":"https:\/\/www.otiumhome.fi\/index.php\/wp-json\/"}],"wp:attachment":[{"href":"https:\/\/www.otiumhome.fi\/index.php\/wp-json\/wp\/v2\/media?parent=103048"}],"wp:term":[{"taxonomy":"product_brand","embeddable":true,"href":"https:\/\/www.otiumhome.fi\/index.php\/wp-json\/wp\/v2\/product_brand?post=103048"},{"taxonomy":"product_cat","embeddable":true,"href":"https:\/\/www.otiumhome.fi\/index.php\/wp-json\/wp\/v2\/product_cat?post=103048"},{"taxonomy":"product_tag","embeddable":true,"href":"https:\/\/www.otiumhome.fi\/index.php\/wp-json\/wp\/v2\/product_tag?post=103048"}],"curies":[{"name":"wp","href":"https:\/\/api.w.org\/{rel}","templated":true}]}}