{"id":102978,"date":"2024-12-15T13:56:30","date_gmt":"2024-12-15T13:56:30","guid":{"rendered":"https:\/\/www.otiumhome.fi\/?p=102978"},"modified":"2025-06-06T16:08:27","modified_gmt":"2025-06-06T16:08:27","slug":"tv-taso-musta-105x33x46-cm-taysi-mangopuu","status":"publish","type":"product","link":"https:\/\/www.otiumhome.fi\/index.php\/tuote\/tv-taso-musta-105x33x46-cm-taysi-mangopuu\/","title":{"rendered":"TV-taso musta 105x33x46 cm t\u00e4ysi mangopuu"},"content":{"rendered":"<p>T\u00e4m\u00e4 TV-taso, jossa on runsaasti s\u00e4ilytystilaa, on k\u00e4yt\u00e4nn\u00f6llinen katseenvangitsija olo- tai makuuhuoneessa.<\/p>\n<\/p>\n<ul>\n<li>Tukeva ja vakaa materiaali: T\u00e4ysi mangopuu on vankka trooppinen lehtipuu, joka on eritt\u00e4in suosittu huonekalujen valmistuksessa sen poikkeuksellisen kest\u00e4vyyden ja lujuuden vuoksi. Sen kauniit puunsyyt tekev\u00e4t jokaisesta tuotteesta ainutlaatuisen ja seuraavasta eroavan.<\/li>\n<li>Metallijalat: Metallijalat lis\u00e4\u00e4v\u00e4t rauhallista tyyli\u00e4 sisustukseesi ja takaavat samalla vakauden.<\/li>\n<li>Runsaasti s\u00e4ilytystilaa: TV-tasossa on runsaasti s\u00e4ilytystilaa aikakauslehtien, kirjojen, DVD-levyjen ja multimedialaitteiden hyvin j\u00e4rjestettyin\u00e4 ja k\u00e4den ulottuvilla pit\u00e4miseen.<\/li>\n<li>Vakaa ja tukeva yl\u00e4taso: Tukeva yl\u00e4taso on ihanteellinen paikka TV:n ja stereoj\u00e4rjestelmien, tai joidenkin koristeiden, kuten maljakoiden tai ruukkukasvien sijoittamiseen.<\/li>\n<\/ul>\n<p>Hyv\u00e4 tiet\u00e4\u00e4:<\/p>\n<ul>\n<li>Jokainen kappale on ainutlaatuisen eroavilla v\u00e4reill\u00e4 ja puunsyill\u00e4. Toimitus on sattumanvarainen, t\u00e4m\u00e4 takaa tuotteesi erityisyyden ja ainutlaatuisuuden.<\/li>\n<\/ul>\n<ul>\n<li>V\u00e4ri: Musta<\/li>\n<li>Materiaali: Massiivi mangopuu harmaalla viimeistelyll\u00e4 hiekkapuhalluksella, tekninen puu, metalli<\/li>\n<li>Kokonaismitat: 105 x 33 x 46 cm (P x L x K)<\/li>\n<li>Jalkojen korkeus: 10 cm<\/li>\n<li>Asennus vaaditaan: Kyll\u00e4<\/li>\n<\/ul>\n","protected":false},"excerpt":{"rendered":"<ul>\n<li>V\u00e4ri: Musta<\/li>\n<li>Materiaali: Massiivi mangopuu harmaalla viimeistelyll\u00e4 hiekkapuhalluksella, tekninen puu, metalli<\/li>\n<li>Kokonaismitat: 105 x 33 x 46 cm (P x L x K)<\/li>\n<li>Jalkojen korkeus: 10 cm<\/li>\n<li>Asennus vaaditaan: Kyll\u00e4<\/li>\n<\/ul>\n","protected":false},"featured_media":100000102978,"comment_status":"closed","ping_status":"closed","template":"","meta":[],"product_brand":[],"product_cat":[84,8567],"product_tag":[],"class_list":{"0":"post-102978","1":"product","2":"type-product","3":"status-publish","4":"has-post-thumbnail","6":"product_cat-huonekalut","7":"product_cat-medialaitekaapit-telineet","9":"first","10":"instock","11":"taxable","12":"shipping-taxable","13":"purchasable","14":"product-type-simple"},"_links":{"self":[{"href":"https:\/\/www.otiumhome.fi\/index.php\/wp-json\/wp\/v2\/product\/102978","targetHints":{"allow":["GET"]}}],"collection":[{"href":"https:\/\/www.otiumhome.fi\/index.php\/wp-json\/wp\/v2\/product"}],"about":[{"href":"https:\/\/www.otiumhome.fi\/index.php\/wp-json\/wp\/v2\/types\/product"}],"replies":[{"embeddable":true,"href":"https:\/\/www.otiumhome.fi\/index.php\/wp-json\/wp\/v2\/comments?post=102978"}],"wp:featuredmedia":[{"embeddable":true,"href":"https:\/\/www.otiumhome.fi\/index.php\/wp-json\/"}],"wp:attachment":[{"href":"https:\/\/www.otiumhome.fi\/index.php\/wp-json\/wp\/v2\/media?parent=102978"}],"wp:term":[{"taxonomy":"product_brand","embeddable":true,"href":"https:\/\/www.otiumhome.fi\/index.php\/wp-json\/wp\/v2\/product_brand?post=102978"},{"taxonomy":"product_cat","embeddable":true,"href":"https:\/\/www.otiumhome.fi\/index.php\/wp-json\/wp\/v2\/product_cat?post=102978"},{"taxonomy":"product_tag","embeddable":true,"href":"https:\/\/www.otiumhome.fi\/index.php\/wp-json\/wp\/v2\/product_tag?post=102978"}],"curies":[{"name":"wp","href":"https:\/\/api.w.org\/{rel}","templated":true}]}}