{"id":102973,"date":"2024-12-15T13:56:29","date_gmt":"2024-12-15T13:56:29","guid":{"rendered":"https:\/\/www.otiumhome.fi\/?p=102973"},"modified":"2025-11-29T07:17:10","modified_gmt":"2025-11-29T07:17:10","slug":"cd-hylly-vanhaa-puuta-21x20x88-cm-tekninen-puu","status":"publish","type":"product","link":"https:\/\/www.otiumhome.fi\/index.php\/tuote\/cd-hylly-vanhaa-puuta-21x20x88-cm-tekninen-puu\/","title":{"rendered":"CD-hylly vanhaa puuta 21x20x88 cm tekninen puu"},"content":{"rendered":"<p>T\u00e4m\u00e4 elegantti sek\u00e4 toimiva CD-kaappi tarjoaa t\u00e4ydellisen suojan ja runsaasti s\u00e4ilytystilaa CD- tai DVD-kokoelmallesi.<\/p>\n<\/p>\n<ul>\n<li>Tukeva materiaali: Tekninen puu on poikkeuksellisen laadukasta ja sile\u00e4pintaista. Se on my\u00f6s luja, vakaa ja kosteudelle vastustuskykyinen. Teknisest\u00e4 puusta valmistettu hyllykk\u00f6 on helppo puhdistaa kostealla liinalla.<\/li>\n<li>Runsaasti s\u00e4ilytystilaa: Avoimet lokerot eiv\u00e4t vain tarjoa runsaasti s\u00e4ilytystilaa levyjen s\u00e4ilytt\u00e4miseen, ne ovat my\u00f6s ihanteellisia kokoelmasi lis\u00e4varusteiden s\u00e4ilytt\u00e4miseen.<\/li>\n<li>Monitoimikaappi: T\u00e4m\u00e4 CD-s\u00e4ilytysyksikk\u00f6 voi toimia toimiston tai opiskeluhuoneen arkistokaappina, tai makuuhuoneen kaappina.<\/li>\n<\/ul>\n<p>Varoitus:<\/p>\n<ul>\n<li>Kaatumisen est\u00e4miseksi t\u00e4t\u00e4 tuotetta on k\u00e4ytett\u00e4v\u00e4 sein\u00e4kiinnityslaitteen kanssa (ei sis\u00e4lly toimitukseen).<\/li>\n<\/ul>\n<ul>\n<li>V\u00e4ri: Vanha puu<\/li>\n<li>Materiaali: Tekninen puu<\/li>\n<li>Mitat: 21 x 20 x 88 cm (L x S x K)<\/li>\n<li>Lokeroiden mitat (kutakin): 18 x 16 x 13 cm (L x S x K)<\/li>\n<li>Max. kantavuus (yhteens\u00e4): 60 kg<\/li>\n<li>Asennus vaaditaan: Kyll\u00e4<\/li>\n<\/ul>\n","protected":false},"excerpt":{"rendered":"<ul>\n<li>V\u00e4ri: Vanha puu<\/li>\n<li>Materiaali: Tekninen puu<\/li>\n<li>Mitat: 21 x 20 x 88 cm (L x S x K)<\/li>\n<li>Lokeroiden mitat (kutakin): 18 x 16 x 13 cm (L x S x K)<\/li>\n<li>Max. kantavuus (yhteens\u00e4): 60 kg<\/li>\n<li>Asennus vaaditaan: Kyll\u00e4<\/li>\n<\/ul>\n","protected":false},"featured_media":100000102973,"comment_status":"closed","ping_status":"closed","template":"","meta":[],"product_brand":[],"product_cat":[84,8567],"product_tag":[],"class_list":{"0":"post-102973","1":"product","2":"type-product","3":"status-publish","4":"has-post-thumbnail","6":"product_cat-huonekalut","7":"product_cat-medialaitekaapit-telineet","9":"first","10":"instock","11":"taxable","12":"shipping-taxable","13":"purchasable","14":"product-type-simple"},"_links":{"self":[{"href":"https:\/\/www.otiumhome.fi\/index.php\/wp-json\/wp\/v2\/product\/102973","targetHints":{"allow":["GET"]}}],"collection":[{"href":"https:\/\/www.otiumhome.fi\/index.php\/wp-json\/wp\/v2\/product"}],"about":[{"href":"https:\/\/www.otiumhome.fi\/index.php\/wp-json\/wp\/v2\/types\/product"}],"replies":[{"embeddable":true,"href":"https:\/\/www.otiumhome.fi\/index.php\/wp-json\/wp\/v2\/comments?post=102973"}],"wp:featuredmedia":[{"embeddable":true,"href":"https:\/\/www.otiumhome.fi\/index.php\/wp-json\/"}],"wp:attachment":[{"href":"https:\/\/www.otiumhome.fi\/index.php\/wp-json\/wp\/v2\/media?parent=102973"}],"wp:term":[{"taxonomy":"product_brand","embeddable":true,"href":"https:\/\/www.otiumhome.fi\/index.php\/wp-json\/wp\/v2\/product_brand?post=102973"},{"taxonomy":"product_cat","embeddable":true,"href":"https:\/\/www.otiumhome.fi\/index.php\/wp-json\/wp\/v2\/product_cat?post=102973"},{"taxonomy":"product_tag","embeddable":true,"href":"https:\/\/www.otiumhome.fi\/index.php\/wp-json\/wp\/v2\/product_tag?post=102973"}],"curies":[{"name":"wp","href":"https:\/\/api.w.org\/{rel}","templated":true}]}}