{"id":102972,"date":"2024-12-15T13:56:29","date_gmt":"2024-12-15T13:56:29","guid":{"rendered":"https:\/\/www.otiumhome.fi\/?p=102972"},"modified":"2025-06-06T16:08:27","modified_gmt":"2025-06-06T16:08:27","slug":"kaappi-musta-60x33x100-cm-tekninen-puu","status":"publish","type":"product","link":"https:\/\/www.otiumhome.fi\/index.php\/tuote\/kaappi-musta-60x33x100-cm-tekninen-puu\/","title":{"rendered":"Kaappi musta 60x33x100 cm tekninen puu"},"content":{"rendered":"<p>T\u00e4m\u00e4 highboard tarjoaa sek\u00e4 koristeellista vetovoimaa ett\u00e4 k\u00e4yt\u00e4nn\u00f6llist\u00e4 s\u00e4ilytystilaa, joten se on t\u00e4ydellinen lis\u00e4 kotiisi.<\/p>\n<\/p>\n<ul>\n<li>Vakaa ja kest\u00e4v\u00e4 materiaali: Tekninen puu on kest\u00e4v\u00e4 ja vakaa materiaali, jonka sile\u00e4 pinta kest\u00e4\u00e4 kosteutta, v\u00e4\u00e4ntymist\u00e4 ja halkeilua, joten se on luotettava valinta erilaisiin projekteihin.<\/li>\n<li>K\u00e4yt\u00e4nn\u00f6lliset kahvat: Sivukaapissa on kahvat, jotka tarjoavat mukavan otteen ja auttavat avaamaan ja sulkemaan kaapin helposti ja lis\u00e4\u00e4v\u00e4t samalla kauneutta.<\/li>\n<li>Tukeva p\u00f6yt\u00e4levy: Korkeassa s\u00e4ilytyskaapissa on tukeva p\u00f6yt\u00e4taso, jolle voit sijoittaa koristeesineet, valokuva-albumit tai pienet kasvit.<\/li>\n<li>Metallijalat: Metallijalat lis\u00e4\u00e4v\u00e4t rauhallista tyyli\u00e4 sisustukseesi ja takaavat samalla vakauden.<\/li>\n<li>Helppo huoltaa: Tasaisen pinnan ansiosta korkea kaappi on helppo puhdistaa kostealla liinalla ja vaatii v\u00e4hemm\u00e4n huoltoa.<\/li>\n<\/ul>\n<p>Varoitus:<\/p>\n<ul>\n<li>Kaatumisen est\u00e4miseksi t\u00e4t\u00e4 tuotetta on k\u00e4ytett\u00e4v\u00e4 mukana toimitetun sein\u00e4kiinnityslaitteen kanssa.<\/li>\n<\/ul>\n<ul>\n<li>V\u00e4ri: Musta<\/li>\n<li>Materiaali: Suunniteltu puu, massiivi mangopuu, messinki<\/li>\n<li>Kokonaismitat: 60 x 33 x 100 cm (P x L x K)<\/li>\n<li>Jalkojen korkeus: 10 cm<\/li>\n<li>Asennus vaaditaan: Kyll\u00e4<\/li>\n<li>Legal Documents:\n<p><span>Lis\u00e4tietoja huonekalujesi kaatumisen est\u00e4misest\u00e4 voit l\u00f6yt\u00e4\u00e4 <span style=\"text-decoration: underline\"><strong><a title=\"https:\/\/bit.ly\/3bVwkQp\" href=\"https:\/\/bit.ly\/3bVwkQp\" target=\"_blank\">t\u00e4\u00e4lt\u00e4<\/a><\/strong><\/span><\/span><\/p>\n<\/li>\n<\/ul>\n","protected":false},"excerpt":{"rendered":"<ul>\n<li>V\u00e4ri: Musta<\/li>\n<li>Materiaali: Suunniteltu puu, massiivi mangopuu, messinki<\/li>\n<li>Kokonaismitat: 60 x 33 x 100 cm (P x L x K)<\/li>\n<li>Jalkojen korkeus: 10 cm<\/li>\n<li>Asennus vaaditaan: Kyll\u00e4<\/li>\n<li>Legal Documents:\n<p><span>Lis\u00e4tietoja huonekalujesi kaatumisen est\u00e4misest\u00e4 voit l\u00f6yt\u00e4\u00e4 <span style=\"text-decoration: underline\"><strong><a title=\"https:\/\/bit.ly\/3bVwkQp\" href=\"https:\/\/bit.ly\/3bVwkQp\" target=\"_blank\">t\u00e4\u00e4lt\u00e4<\/a><\/strong><\/span><\/span><\/p>\n<\/li>\n<\/ul>\n","protected":false},"featured_media":100000102972,"comment_status":"closed","ping_status":"closed","template":"","meta":[],"product_brand":[],"product_cat":[84,8567],"product_tag":[],"class_list":{"0":"post-102972","1":"product","2":"type-product","3":"status-publish","4":"has-post-thumbnail","6":"product_cat-huonekalut","7":"product_cat-medialaitekaapit-telineet","9":"first","10":"instock","11":"taxable","12":"shipping-taxable","13":"purchasable","14":"product-type-simple"},"_links":{"self":[{"href":"https:\/\/www.otiumhome.fi\/index.php\/wp-json\/wp\/v2\/product\/102972","targetHints":{"allow":["GET"]}}],"collection":[{"href":"https:\/\/www.otiumhome.fi\/index.php\/wp-json\/wp\/v2\/product"}],"about":[{"href":"https:\/\/www.otiumhome.fi\/index.php\/wp-json\/wp\/v2\/types\/product"}],"replies":[{"embeddable":true,"href":"https:\/\/www.otiumhome.fi\/index.php\/wp-json\/wp\/v2\/comments?post=102972"}],"wp:featuredmedia":[{"embeddable":true,"href":"https:\/\/www.otiumhome.fi\/index.php\/wp-json\/"}],"wp:attachment":[{"href":"https:\/\/www.otiumhome.fi\/index.php\/wp-json\/wp\/v2\/media?parent=102972"}],"wp:term":[{"taxonomy":"product_brand","embeddable":true,"href":"https:\/\/www.otiumhome.fi\/index.php\/wp-json\/wp\/v2\/product_brand?post=102972"},{"taxonomy":"product_cat","embeddable":true,"href":"https:\/\/www.otiumhome.fi\/index.php\/wp-json\/wp\/v2\/product_cat?post=102972"},{"taxonomy":"product_tag","embeddable":true,"href":"https:\/\/www.otiumhome.fi\/index.php\/wp-json\/wp\/v2\/product_tag?post=102972"}],"curies":[{"name":"wp","href":"https:\/\/api.w.org\/{rel}","templated":true}]}}