{"id":102971,"date":"2024-12-15T13:56:29","date_gmt":"2024-12-15T13:56:29","guid":{"rendered":"https:\/\/www.otiumhome.fi\/?p=102971"},"modified":"2025-06-06T16:08:29","modified_gmt":"2025-06-06T16:08:29","slug":"lp-sailytyslaatikko-kasityolainen-tammi-695x34x36-cm","status":"publish","type":"product","link":"https:\/\/www.otiumhome.fi\/index.php\/tuote\/lp-sailytyslaatikko-kasityolainen-tammi-695x34x36-cm\/","title":{"rendered":"LP s\u00e4ilytyslaatikko k\u00e4sity\u00f6l\u00e4inen tammi 69,5x34x36 cm"},"content":{"rendered":"<p>Tilavassa LP-s\u00e4ilytyslaatikossa on tukeva takaosa, joka tarjoaa riitt\u00e4v\u00e4n suojan levyjesi s\u00e4ilytykseen.<\/p>\n<\/p>\n<ul>\n<li>Vakaa ja kest\u00e4v\u00e4 materiaali: Tekninen puu on kest\u00e4v\u00e4 ja vakaa materiaali, jonka sile\u00e4 pinta kest\u00e4\u00e4 kosteutta, v\u00e4\u00e4ntymist\u00e4 ja halkeilua, joten se on luotettava valinta erilaisiin projekteihin.<\/li>\n<li>Runsaasti s\u00e4ilytystilaa: T\u00e4m\u00e4 kaappi tarjoaa runsaasti s\u00e4ilytystilaa ruokailutarvikkeiden ja muiden kodin tavaroiden s\u00e4ilytt\u00e4miseen ja k\u00e4ttesi ulottuvilla pit\u00e4miseen.<\/li>\n<li>Tukeva selk\u00e4: S\u00e4ilytyslaatikon takaosa on saman paksuinen kuin sivusein\u00e4t, mik\u00e4 tekee siit\u00e4 riitt\u00e4v\u00e4n tukevan ja kest\u00e4v\u00e4n useille levyille, ja sit\u00e4 voidaan k\u00e4ytt\u00e4\u00e4 jopa kuljetuslaatikona.<\/li>\n<li>Monik\u00e4ytt\u00f6inen kaappi: S\u00e4ilytyslaatikkoa voidaan k\u00e4ytt\u00e4\u00e4 my\u00f6s pystyasennossa ja se toimii tyylikk\u00e4\u00e4n\u00e4 arkistokaappina toimistossa tai ty\u00f6huoneessa. Se voi olla my\u00f6s loistava j\u00e4rjest\u00e4j\u00e4 ja y\u00f6p\u00f6yt\u00e4 makuuhuoneessa.<\/li>\n<\/ul>\n<p>Varoitus:<\/p>\n<ul>\n<li>Kaatumisen est\u00e4miseksi t\u00e4t\u00e4 tuotetta on k\u00e4ytett\u00e4v\u00e4 sein\u00e4kiinnityslaitteen kanssa (ei sis\u00e4lly toimitukseen).<\/li>\n<\/ul>\n<ul>\n<li>V\u00e4ri: artisaanitammi<\/li>\n<li>Materiaali: Tekninen puu<\/li>\n<li>Mitat: 69,5 x 34 x 36 cm (P x L x K)<\/li>\n<li>2 avohylly\u00e4<\/li>\n<li>Tukeva takaosa LP-levyjen asianmukaiseksi suojaamiseksi<\/li>\n<li>Voidaan k\u00e4ytt\u00e4\u00e4 kuljetuslaatikkona <\/li>\n<li>Voidaan asettaa vaaka- tai pystyasentoon<\/li>\n<\/ul>\n","protected":false},"excerpt":{"rendered":"<ul>\n<li>V\u00e4ri: artisaanitammi<\/li>\n<li>Materiaali: Tekninen puu<\/li>\n<li>Mitat: 69,5 x 34 x 36 cm (P x L x K)<\/li>\n<li>2 avohylly\u00e4<\/li>\n<li>Tukeva takaosa LP-levyjen asianmukaiseksi suojaamiseksi<\/li>\n<li>Voidaan k\u00e4ytt\u00e4\u00e4 kuljetuslaatikkona <\/li>\n<li>Voidaan asettaa vaaka- tai pystyasentoon<\/li>\n<\/ul>\n","protected":false},"featured_media":100000102971,"comment_status":"closed","ping_status":"closed","template":"","meta":[],"product_brand":[],"product_cat":[84,8567],"product_tag":[],"class_list":{"0":"post-102971","1":"product","2":"type-product","3":"status-publish","4":"has-post-thumbnail","6":"product_cat-huonekalut","7":"product_cat-medialaitekaapit-telineet","9":"first","10":"instock","11":"taxable","12":"shipping-taxable","13":"purchasable","14":"product-type-simple"},"_links":{"self":[{"href":"https:\/\/www.otiumhome.fi\/index.php\/wp-json\/wp\/v2\/product\/102971","targetHints":{"allow":["GET"]}}],"collection":[{"href":"https:\/\/www.otiumhome.fi\/index.php\/wp-json\/wp\/v2\/product"}],"about":[{"href":"https:\/\/www.otiumhome.fi\/index.php\/wp-json\/wp\/v2\/types\/product"}],"replies":[{"embeddable":true,"href":"https:\/\/www.otiumhome.fi\/index.php\/wp-json\/wp\/v2\/comments?post=102971"}],"wp:featuredmedia":[{"embeddable":true,"href":"https:\/\/www.otiumhome.fi\/index.php\/wp-json\/"}],"wp:attachment":[{"href":"https:\/\/www.otiumhome.fi\/index.php\/wp-json\/wp\/v2\/media?parent=102971"}],"wp:term":[{"taxonomy":"product_brand","embeddable":true,"href":"https:\/\/www.otiumhome.fi\/index.php\/wp-json\/wp\/v2\/product_brand?post=102971"},{"taxonomy":"product_cat","embeddable":true,"href":"https:\/\/www.otiumhome.fi\/index.php\/wp-json\/wp\/v2\/product_cat?post=102971"},{"taxonomy":"product_tag","embeddable":true,"href":"https:\/\/www.otiumhome.fi\/index.php\/wp-json\/wp\/v2\/product_tag?post=102971"}],"curies":[{"name":"wp","href":"https:\/\/api.w.org\/{rel}","templated":true}]}}