{"id":102941,"date":"2024-12-15T13:56:27","date_gmt":"2024-12-15T13:56:27","guid":{"rendered":"https:\/\/www.otiumhome.fi\/?p=102941"},"modified":"2025-06-06T16:06:44","modified_gmt":"2025-06-06T16:06:44","slug":"pieni-peilipoyta-suorakulmaisella-kaannettavalla-peililla-mdf","status":"publish","type":"product","link":"https:\/\/www.otiumhome.fi\/index.php\/tuote\/pieni-peilipoyta-suorakulmaisella-kaannettavalla-peililla-mdf\/","title":{"rendered":"Pieni peilip\u00f6yt\u00e4 suorakulmaisella k\u00e4\u00e4nnett\u00e4v\u00e4ll\u00e4 peilill\u00e4 MDF"},"content":{"rendered":"<p>T\u00e4ss\u00e4 kauniisti viimeistellyss\u00e4 peilip\u00f6yd\u00e4ss\u00e4 on upeita yksityiskohtia. Valmistajan ammattitaito saa sen n\u00e4ytt\u00e4m\u00e4\u00e4n klassisen elegantilta. <\/p>\n<p>Tyylik\u00e4s peili on asetettu laatikostop\u00f6yd\u00e4n keskelle. Peili\u00e4 voidaan s\u00e4\u00e4t\u00e4\u00e4 eri kulmiin tarpeesi mukaan. Alustap\u00f6yd\u00e4ss\u00e4 on kaksi pient\u00e4 vetolaatikkoa, jossa voit s\u00e4ilytt\u00e4\u00e4 arvotavaroitasi.   <\/p>\n<p>Peilip\u00f6yd\u00e4n valmistusmateriaali on korkealaatuinen MDF. Se voidaan asettaa arkkujen tai p\u00f6ytien p\u00e4\u00e4lle. <\/p>\n<p>T\u00e4h\u00e4n toimitukseen kuuluu pieni peilip\u00f6yt\u00e4 kahdella vetolaatikolla sek\u00e4 peilill\u00e4.   <\/p>\n<p>Huomioi: koska t\u00e4m\u00e4 huonekalu on valmistettu k\u00e4sin puusta ja maalattu valkoiseksi, voi siin\u00e4 olla joitain pieni\u00e4 vikoja. <\/p>\n<ul>\n<li>Kokonaismitat: 60 x 12.5 x 74 cm (P x L x K)<\/li>\n<li>V\u00e4ri: valkoinen<\/li>\n<li>Materiaali: MDF ja t\u00e4ysi kuusi<\/li>\n<\/ul>\n","protected":false},"excerpt":{"rendered":"<ul>\n<li>Kokonaismitat: 60 x 12.5 x 74 cm (P x L x K)<\/li>\n<li>V\u00e4ri: valkoinen<\/li>\n<li>Materiaali: MDF ja t\u00e4ysi kuusi<\/li>\n<\/ul>\n","protected":false},"featured_media":100000102941,"comment_status":"closed","ping_status":"closed","template":"","meta":[],"product_brand":[],"product_cat":[84,8561,8566],"product_tag":[],"class_list":{"0":"post-102941","1":"product","2":"type-product","3":"status-publish","4":"has-post-thumbnail","6":"product_cat-huonekalut","7":"product_cat-kampauspoydat","8":"product_cat-makuuhuoneen-kampauspoydat","10":"first","11":"instock","12":"taxable","13":"shipping-taxable","14":"purchasable","15":"product-type-simple"},"_links":{"self":[{"href":"https:\/\/www.otiumhome.fi\/index.php\/wp-json\/wp\/v2\/product\/102941","targetHints":{"allow":["GET"]}}],"collection":[{"href":"https:\/\/www.otiumhome.fi\/index.php\/wp-json\/wp\/v2\/product"}],"about":[{"href":"https:\/\/www.otiumhome.fi\/index.php\/wp-json\/wp\/v2\/types\/product"}],"replies":[{"embeddable":true,"href":"https:\/\/www.otiumhome.fi\/index.php\/wp-json\/wp\/v2\/comments?post=102941"}],"wp:featuredmedia":[{"embeddable":true,"href":"https:\/\/www.otiumhome.fi\/index.php\/wp-json\/"}],"wp:attachment":[{"href":"https:\/\/www.otiumhome.fi\/index.php\/wp-json\/wp\/v2\/media?parent=102941"}],"wp:term":[{"taxonomy":"product_brand","embeddable":true,"href":"https:\/\/www.otiumhome.fi\/index.php\/wp-json\/wp\/v2\/product_brand?post=102941"},{"taxonomy":"product_cat","embeddable":true,"href":"https:\/\/www.otiumhome.fi\/index.php\/wp-json\/wp\/v2\/product_cat?post=102941"},{"taxonomy":"product_tag","embeddable":true,"href":"https:\/\/www.otiumhome.fi\/index.php\/wp-json\/wp\/v2\/product_tag?post=102941"}],"curies":[{"name":"wp","href":"https:\/\/api.w.org\/{rel}","templated":true}]}}