{"id":102912,"date":"2024-12-15T13:56:25","date_gmt":"2024-12-15T13:56:25","guid":{"rendered":"https:\/\/www.otiumhome.fi\/?p=102912"},"modified":"2025-06-06T16:04:49","modified_gmt":"2025-06-06T16:04:49","slug":"meikkipoyta-peililla-112x45x76-cm-kierratetty-tayspuu","status":"publish","type":"product","link":"https:\/\/www.otiumhome.fi\/index.php\/tuote\/meikkipoyta-peililla-112x45x76-cm-kierratetty-tayspuu\/","title":{"rendered":"Meikkip\u00f6yt\u00e4 peilill\u00e4 112x45x76 cm kierr\u00e4tetty t\u00e4yspuu"},"content":{"rendered":"<p>Puusta valmistettu meikkip\u00f6yt\u00e4 peilill\u00e4 on todellinen keskipiste makuuhuoneeseesi.<\/p>\n<\/p>\n<p>Meikkip\u00f6yt\u00e4 on valmistettu kiinte\u00e4st\u00e4 kierr\u00e4tetyst\u00e4 puusta, joka on ker\u00e4tty vanhojen purkamiseen p\u00e4\u00e4tyneiden talojen pylv\u00e4ist\u00e4, lattioista ja tukipalkeista. Se voi siten koostua monista eri puulajeista, kuten m\u00e4nnyst\u00e4, tiikist\u00e4, py\u00f6kist\u00e4, tammesta, setripuusta, mangopuusta, akaasiapuusta jne. T\u00e4m\u00e4 tarkoittaa sit\u00e4, ett\u00e4 kierr\u00e4tyspuussa on kaikkien eri puulajien ominaisuuksia. Kierr\u00e4tetty puu on jo vanhentunutta, kulunutta ja kuivunutta, joten se ei kutistu eik\u00e4 taivu. P\u00f6yt\u00e4 on t\u00e4ysin k\u00e4sintehty ja puun kauniit pintakuviot tekev\u00e4t jokaisesta huonekalusta ainutlaatuisen ja hieman toisistaan poikkeavan. Meikkip\u00f6yd\u00e4ss\u00e4 on peili ja piilotettu s\u00e4ilytystila. Siin\u00e4 on my\u00f6s kaksi laatikkoa, jotka tarjoavat riitt\u00e4v\u00e4sti tilaa kaikille kauneustuotteillesi.<\/p>\n<\/p>\n<p>T\u00e4rke\u00e4 huomio: V\u00e4rit ja puunsyyt vaihtelevat kappaleittain, mik\u00e4 tekee jokaisesta huonekalusta ainutlaatuisen. Toimitus on sattumanvarainen, t\u00e4m\u00e4 takaa tuotteesi ainutlaatuisuuden.<\/p>\n<\/p>\n<p>VAROITUS: kaatumisen est\u00e4miseksi on t\u00e4t\u00e4 tuotetta k\u00e4ytett\u00e4v\u00e4 mukana toimitetun sein\u00e4kiinnityslaitteen kanssa.<\/p>\n<ul>\n<li>Materiaali: t\u00e4ysi kierr\u00e4tetty puu eri v\u00e4rej\u00e4 sis\u00e4lt\u00e4v\u00e4ll\u00e4 viimeistelyll\u00e4<\/li>\n<li>Mitat: 112 x 45 x 76 cm (P x L x K)<\/li>\n<li>Asennus vaaditaan: kyll\u00e4<\/li>\n<li>Legal Documents:\n<p><span>Lis\u00e4tietoja huonekalujesi kaatumisen est\u00e4misest\u00e4 voit l\u00f6yt\u00e4\u00e4 <span style=\"text-decoration: underline\"><strong><a title=\"https:\/\/bit.ly\/3bVwkQp\" href=\"https:\/\/bit.ly\/3bVwkQp\" target=\"_blank\">t\u00e4\u00e4lt\u00e4<\/a><\/strong><\/span><\/span><\/p>\n<\/li>\n<\/ul>\n","protected":false},"excerpt":{"rendered":"<ul>\n<li>Materiaali: t\u00e4ysi kierr\u00e4tetty puu eri v\u00e4rej\u00e4 sis\u00e4lt\u00e4v\u00e4ll\u00e4 viimeistelyll\u00e4<\/li>\n<li>Mitat: 112 x 45 x 76 cm (P x L x K)<\/li>\n<li>Asennus vaaditaan: kyll\u00e4<\/li>\n<li>Legal Documents:\n<p><span>Lis\u00e4tietoja huonekalujesi kaatumisen est\u00e4misest\u00e4 voit l\u00f6yt\u00e4\u00e4 <span style=\"text-decoration: underline\"><strong><a title=\"https:\/\/bit.ly\/3bVwkQp\" href=\"https:\/\/bit.ly\/3bVwkQp\" target=\"_blank\">t\u00e4\u00e4lt\u00e4<\/a><\/strong><\/span><\/span><\/p>\n<\/li>\n<\/ul>\n","protected":false},"featured_media":100000102912,"comment_status":"closed","ping_status":"closed","template":"","meta":[],"product_brand":[],"product_cat":[84,8561,8566],"product_tag":[],"class_list":{"0":"post-102912","1":"product","2":"type-product","3":"status-publish","4":"has-post-thumbnail","6":"product_cat-huonekalut","7":"product_cat-kampauspoydat","8":"product_cat-makuuhuoneen-kampauspoydat","10":"first","11":"instock","12":"taxable","13":"shipping-taxable","14":"purchasable","15":"product-type-simple"},"_links":{"self":[{"href":"https:\/\/www.otiumhome.fi\/index.php\/wp-json\/wp\/v2\/product\/102912","targetHints":{"allow":["GET"]}}],"collection":[{"href":"https:\/\/www.otiumhome.fi\/index.php\/wp-json\/wp\/v2\/product"}],"about":[{"href":"https:\/\/www.otiumhome.fi\/index.php\/wp-json\/wp\/v2\/types\/product"}],"replies":[{"embeddable":true,"href":"https:\/\/www.otiumhome.fi\/index.php\/wp-json\/wp\/v2\/comments?post=102912"}],"wp:featuredmedia":[{"embeddable":true,"href":"https:\/\/www.otiumhome.fi\/index.php\/wp-json\/"}],"wp:attachment":[{"href":"https:\/\/www.otiumhome.fi\/index.php\/wp-json\/wp\/v2\/media?parent=102912"}],"wp:term":[{"taxonomy":"product_brand","embeddable":true,"href":"https:\/\/www.otiumhome.fi\/index.php\/wp-json\/wp\/v2\/product_brand?post=102912"},{"taxonomy":"product_cat","embeddable":true,"href":"https:\/\/www.otiumhome.fi\/index.php\/wp-json\/wp\/v2\/product_cat?post=102912"},{"taxonomy":"product_tag","embeddable":true,"href":"https:\/\/www.otiumhome.fi\/index.php\/wp-json\/wp\/v2\/product_tag?post=102912"}],"curies":[{"name":"wp","href":"https:\/\/api.w.org\/{rel}","templated":true}]}}