{"id":102908,"date":"2024-12-15T13:56:25","date_gmt":"2024-12-15T13:56:25","guid":{"rendered":"https:\/\/www.otiumhome.fi\/?p=102908"},"modified":"2025-12-14T06:47:08","modified_gmt":"2025-12-14T06:47:08","slug":"peilipoyta-betoninharmaa-130x50x1325-cm","status":"publish","type":"product","link":"https:\/\/www.otiumhome.fi\/index.php\/tuote\/peilipoyta-betoninharmaa-130x50x1325-cm\/","title":{"rendered":"Peilip\u00f6yt\u00e4 betoninharmaa 130x50x132,5 cm"},"content":{"rendered":"<p>Trendikk\u00e4\u00e4sti ja k\u00e4yt\u00e4nn\u00f6llisesti muotoiltu peilip\u00f6yt\u00e4 tulee varmasti olemaan huoneesi keskipiste.<\/p>\n<\/p>\n<ul>\n<li>Kest\u00e4v\u00e4 materiaali: Tekninen puu on poikkeuksellisen laadukasta ja sile\u00e4pintaista. Se on luja, vakaa ja kosteudelle vastustuskykyinen.<\/li>\n<li>Meikkipeili: Peilill\u00e4 varustettu kosmetiikkap\u00f6yt\u00e4 on t\u00e4ydellinen p\u00e4ivitt\u00e4isiin kauneusrutiineihisi. Pelin ansiosta voit hoitaa kasvojesi ihoa ja meikata!<\/li>\n<li>Reilusti s\u00e4ilytystilaa: Meikkip\u00f6yd\u00e4ss\u00e4 on runsaasti tilaa meikkien, korujen ja jokap\u00e4iv\u00e4isten v\u00e4ltt\u00e4m\u00e4tt\u00f6myystarpeiden s\u00e4ilytykseen ja helppoon saatavuuteen.<\/li>\n<\/ul>\n<p>Hyv\u00e4 tiet\u00e4\u00e4:<\/p>\n<ul>\n<li>Jotta kokoaminen olisi mahdollisimman helppoa, jokainen tuote toimitetaan ohjekirjan kanssa.<\/li>\n<\/ul>\n<p>Varoitus:<\/p>\n<ul>\n<li> Kaatumisen est\u00e4miseksi on t\u00e4t\u00e4 tuotetta k\u00e4ytett\u00e4v\u00e4 mukana toimitettavan sein\u00e4kiinnityslaitteen kanssa.<\/li>\n<\/ul>\n<ul>\n<li>V\u00e4ri: betoninharmaa<\/li>\n<li>Materiaali: Tekninen puu, akryyli<\/li>\n<li>Kokonaismitat: 130 x 50 x 132,5 cm (P x L x K)<\/li>\n<li>Toimitus sis\u00e4lt\u00e4\u00e4:<\/li>\n<li>1 x meikkip\u00f6yt\u00e4<\/li>\n<li>1 x S\u00e4ilytyskaappi<\/li>\n<li>Legal Documents:\n<p><span>Lis\u00e4tietoja huonekalujesi kaatumisen est\u00e4misest\u00e4 voit l\u00f6yt\u00e4\u00e4 <span style=\"text-decoration: underline\"><strong><a title=\"https:\/\/bit.ly\/3bVwkQp\" href=\"https:\/\/bit.ly\/3bVwkQp\" target=\"_blank\">t\u00e4\u00e4lt\u00e4<\/a><\/strong><\/span><\/span><\/p>\n<\/li>\n<\/ul>\n","protected":false},"excerpt":{"rendered":"<ul>\n<li>V\u00e4ri: betoninharmaa<\/li>\n<li>Materiaali: Tekninen puu, akryyli<\/li>\n<li>Kokonaismitat: 130 x 50 x 132,5 cm (P x L x K)<\/li>\n<li>Toimitus sis\u00e4lt\u00e4\u00e4:<\/li>\n<li>1 x meikkip\u00f6yt\u00e4<\/li>\n<li>1 x S\u00e4ilytyskaappi<\/li>\n<li>Legal Documents:\n<p><span>Lis\u00e4tietoja huonekalujesi kaatumisen est\u00e4misest\u00e4 voit l\u00f6yt\u00e4\u00e4 <span style=\"text-decoration: underline\"><strong><a title=\"https:\/\/bit.ly\/3bVwkQp\" href=\"https:\/\/bit.ly\/3bVwkQp\" target=\"_blank\">t\u00e4\u00e4lt\u00e4<\/a><\/strong><\/span><\/span><\/p>\n<\/li>\n<\/ul>\n","protected":false},"featured_media":100000102908,"comment_status":"closed","ping_status":"closed","template":"","meta":[],"product_brand":[],"product_cat":[84,8561,8566],"product_tag":[],"class_list":{"0":"post-102908","1":"product","2":"type-product","3":"status-publish","4":"has-post-thumbnail","6":"product_cat-huonekalut","7":"product_cat-kampauspoydat","8":"product_cat-makuuhuoneen-kampauspoydat","10":"first","11":"instock","12":"taxable","13":"shipping-taxable","14":"purchasable","15":"product-type-simple"},"_links":{"self":[{"href":"https:\/\/www.otiumhome.fi\/index.php\/wp-json\/wp\/v2\/product\/102908","targetHints":{"allow":["GET"]}}],"collection":[{"href":"https:\/\/www.otiumhome.fi\/index.php\/wp-json\/wp\/v2\/product"}],"about":[{"href":"https:\/\/www.otiumhome.fi\/index.php\/wp-json\/wp\/v2\/types\/product"}],"replies":[{"embeddable":true,"href":"https:\/\/www.otiumhome.fi\/index.php\/wp-json\/wp\/v2\/comments?post=102908"}],"wp:featuredmedia":[{"embeddable":true,"href":"https:\/\/www.otiumhome.fi\/index.php\/wp-json\/"}],"wp:attachment":[{"href":"https:\/\/www.otiumhome.fi\/index.php\/wp-json\/wp\/v2\/media?parent=102908"}],"wp:term":[{"taxonomy":"product_brand","embeddable":true,"href":"https:\/\/www.otiumhome.fi\/index.php\/wp-json\/wp\/v2\/product_brand?post=102908"},{"taxonomy":"product_cat","embeddable":true,"href":"https:\/\/www.otiumhome.fi\/index.php\/wp-json\/wp\/v2\/product_cat?post=102908"},{"taxonomy":"product_tag","embeddable":true,"href":"https:\/\/www.otiumhome.fi\/index.php\/wp-json\/wp\/v2\/product_tag?post=102908"}],"curies":[{"name":"wp","href":"https:\/\/api.w.org\/{rel}","templated":true}]}}