{"id":102863,"date":"2024-12-15T13:56:22","date_gmt":"2024-12-15T13:56:22","guid":{"rendered":"https:\/\/www.otiumhome.fi\/?p=102863"},"modified":"2025-12-14T06:45:56","modified_gmt":"2025-12-14T06:45:56","slug":"meikkipoytasarja-led-valoilla-hunajanruskea-taysi-manty","status":"publish","type":"product","link":"https:\/\/www.otiumhome.fi\/index.php\/tuote\/meikkipoytasarja-led-valoilla-hunajanruskea-taysi-manty\/","title":{"rendered":"Meikkip\u00f6yt\u00e4sarja LED-valoilla hunajanruskea t\u00e4ysi m\u00e4nty"},"content":{"rendered":"<p>T\u00e4m\u00e4 trendik\u00e4s puinen pukeutumisp\u00f6yt\u00e4sarja LED-valoilla on erinomainen lis\u00e4 makuuhuoneeseesi sisustukseen. Voit siis pit\u00e4\u00e4 kaikki kosmetiikkatuotteesi l\u00e4hettyvill\u00e4si!<\/p>\n<\/p>\n<ul>\n<li>T\u00e4ysi m\u00e4nty: T\u00e4ysi m\u00e4ntypuu on kaunis luonnollinen materiaali. M\u00e4nnyll\u00e4 on suorat puunsyyt ja sen oksanpaikat antavat materiaalille sen ominaisen rustiikkisen ilmeen.<\/li>\n<li>Reilusti s\u00e4ilytystilaa: T\u00e4ss\u00e4 meikkip\u00f6yd\u00e4ss\u00e4 on runsaasti tilaa meikkien, korujen ja jokap\u00e4iv\u00e4isten v\u00e4ltt\u00e4m\u00e4tt\u00f6myystarpeiden s\u00e4ilytykseen ja helppoon saatavuuteen.<\/li>\n<li>Meikkipeili: Mukana oleva meikkipeili takaa selke\u00e4n n\u00e4kym\u00e4n meikkauksen aikana. Se lis\u00e4\u00e4 my\u00f6s tyylikk\u00e4\u00e4n ilmeen meikkip\u00f6yd\u00e4lle.<\/li>\n<li>LED-valot: Kampausp\u00f6yd\u00e4ss\u00e4 on LED-valot USB-liit\u00e4nn\u00e4ll\u00e4, jotka on helppo vaihtaa l\u00e4mpim\u00e4n valkoisesta kylm\u00e4n valkoiseen. Peilin ymp\u00e4rill\u00e4 olevat LED-valot korostavat my\u00f6s kauneuttasi.<\/li>\n<li>K\u00e4yt\u00e4nn\u00f6llinen ovi: Pid\u00e4 tavarasi p\u00f6lytt\u00f6min\u00e4 piilottamalla pikkutavarasi t\u00e4m\u00e4n peilip\u00f6yd\u00e4n oven taakse.<\/li>\n<\/ul>\n<p>Varoitus:<\/p>\n<ul>\n<li>Kaatumisen est\u00e4miseksi on t\u00e4t\u00e4 tuotetta k\u00e4ytett\u00e4v\u00e4 mukana toimitetun sein\u00e4kiinnityslaitteen kanssa.<\/li>\n<\/ul>\n<p>Huomioi:<\/p>\n<ul>\n<li>Jokaisen tuotteen mukana on laatikossa kokoonpano-ohje helppoa asennusta varten.<\/li>\n<\/ul>\n<ul>\n<li>V\u00e4ri: Hunajanruskea<\/li>\n<li>Materiaali: t\u00e4ysi m\u00e4nty, akryyli<\/li>\n<li>Mitat: 135 x 50 x 134 cm (L x S x K)<\/li>\n<li>Pukeutumisp\u00f6yd\u00e4n mitat: 95 x 50 x 134 cm (L x S x K)<\/li>\n<li>Kaapin mitat: 40 x 50 x 75 cm (L x S x K)<\/li>\n<li><strong>Toimitus sis\u00e4lt\u00e4\u00e4:<\/strong><\/li>\n<li>1 x meikkip\u00f6yt\u00e4<\/li>\n<li>1 x kaappi<\/li>\n<li>Legal Documents:\n<p><span>Lis\u00e4tietoja huonekalujesi kaatumisen est\u00e4misest\u00e4 voit l\u00f6yt\u00e4\u00e4 <span style=\"text-decoration: underline\"><strong><a title=\"https:\/\/bit.ly\/3bVwkQp\" href=\"https:\/\/bit.ly\/3bVwkQp\" target=\"_blank\">t\u00e4\u00e4lt\u00e4<\/a><\/strong><\/span><\/span><\/p>\n<\/li>\n<\/ul>\n","protected":false},"excerpt":{"rendered":"<ul>\n<li>V\u00e4ri: Hunajanruskea<\/li>\n<li>Materiaali: t\u00e4ysi m\u00e4nty, akryyli<\/li>\n<li>Mitat: 135 x 50 x 134 cm (L x S x K)<\/li>\n<li>Pukeutumisp\u00f6yd\u00e4n mitat: 95 x 50 x 134 cm (L x S x K)<\/li>\n<li>Kaapin mitat: 40 x 50 x 75 cm (L x S x K)<\/li>\n<li><strong>Toimitus sis\u00e4lt\u00e4\u00e4:<\/strong><\/li>\n<li>1 x meikkip\u00f6yt\u00e4<\/li>\n<li>1 x kaappi<\/li>\n<li>Legal Documents:\n<p><span>Lis\u00e4tietoja huonekalujesi kaatumisen est\u00e4misest\u00e4 voit l\u00f6yt\u00e4\u00e4 <span style=\"text-decoration: underline\"><strong><a title=\"https:\/\/bit.ly\/3bVwkQp\" href=\"https:\/\/bit.ly\/3bVwkQp\" target=\"_blank\">t\u00e4\u00e4lt\u00e4<\/a><\/strong><\/span><\/span><\/p>\n<\/li>\n<\/ul>\n","protected":false},"featured_media":100000102863,"comment_status":"closed","ping_status":"closed","template":"","meta":[],"product_brand":[],"product_cat":[84,8561,8566],"product_tag":[],"class_list":{"0":"post-102863","1":"product","2":"type-product","3":"status-publish","4":"has-post-thumbnail","6":"product_cat-huonekalut","7":"product_cat-kampauspoydat","8":"product_cat-makuuhuoneen-kampauspoydat","10":"first","11":"instock","12":"taxable","13":"shipping-taxable","14":"purchasable","15":"product-type-simple"},"_links":{"self":[{"href":"https:\/\/www.otiumhome.fi\/index.php\/wp-json\/wp\/v2\/product\/102863","targetHints":{"allow":["GET"]}}],"collection":[{"href":"https:\/\/www.otiumhome.fi\/index.php\/wp-json\/wp\/v2\/product"}],"about":[{"href":"https:\/\/www.otiumhome.fi\/index.php\/wp-json\/wp\/v2\/types\/product"}],"replies":[{"embeddable":true,"href":"https:\/\/www.otiumhome.fi\/index.php\/wp-json\/wp\/v2\/comments?post=102863"}],"wp:featuredmedia":[{"embeddable":true,"href":"https:\/\/www.otiumhome.fi\/index.php\/wp-json\/"}],"wp:attachment":[{"href":"https:\/\/www.otiumhome.fi\/index.php\/wp-json\/wp\/v2\/media?parent=102863"}],"wp:term":[{"taxonomy":"product_brand","embeddable":true,"href":"https:\/\/www.otiumhome.fi\/index.php\/wp-json\/wp\/v2\/product_brand?post=102863"},{"taxonomy":"product_cat","embeddable":true,"href":"https:\/\/www.otiumhome.fi\/index.php\/wp-json\/wp\/v2\/product_cat?post=102863"},{"taxonomy":"product_tag","embeddable":true,"href":"https:\/\/www.otiumhome.fi\/index.php\/wp-json\/wp\/v2\/product_tag?post=102863"}],"curies":[{"name":"wp","href":"https:\/\/api.w.org\/{rel}","templated":true}]}}