{"id":102856,"date":"2024-12-15T13:56:21","date_gmt":"2024-12-15T13:56:21","guid":{"rendered":"https:\/\/www.otiumhome.fi\/?p=102856"},"modified":"2025-12-14T06:45:54","modified_gmt":"2025-12-14T06:45:54","slug":"led-peilipoyta-kahdella-kaapilla-sonoma-tammi-tekninen-puu","status":"publish","type":"product","link":"https:\/\/www.otiumhome.fi\/index.php\/tuote\/led-peilipoyta-kahdella-kaapilla-sonoma-tammi-tekninen-puu\/","title":{"rendered":"LED-peilip\u00f6yt\u00e4 kahdella kaapilla Sonoma-tammi tekninen puu"},"content":{"rendered":"<p>Todella yksinkertainen mutta toiminnallinen peilip\u00f6yt\u00e4 kahdella kaapilla sopii t\u00e4ydellisesti kaikenlaisiin sisustustyyleihin.<\/p>\n<\/p>\n<ul>\n<li>Kest\u00e4v\u00e4 materiaali: LED-peilip\u00f6yt\u00e4 kaapeilla on valmistettu teknisest\u00e4 puusta. Tekninen puu on poikkeuksellisen laadukasta ja sile\u00e4pintaista. Se on my\u00f6s luja, vakaa ja kosteudelle vastustuskykyinen.<\/li>\n<li>LED-valot: Kaapeilla varustetussa kosmetiikkap\u00f6yd\u00e4ss\u00e4 on LED-valot USB-liit\u00e4nn\u00e4ll\u00e4, jotka on helppo vaihtaa l\u00e4mpim\u00e4n valkoisesta kylm\u00e4n valkoiseen tilaan. Peilin ymp\u00e4rill\u00e4 olevat LED-lamput korostavat my\u00f6s kauneuttasi.<\/li>\n<li>Runsaasti s\u00e4ilytystilaa: Meikkip\u00f6yt\u00e4 kahdella s\u00e4ilytyskaapilla tuo runsaasti s\u00e4ilytystilaa lokeroillaan. Se on t\u00e4ydellinen meikkien, asusteiden, laukkujen ja kauneudenhoitotarvikkeiden j\u00e4rjest\u00e4miseen.<\/li>\n<\/ul>\n<p>VAROITUS:<\/p>\n<ul>\n<li>Kaatumisen est\u00e4miseksi on t\u00e4t\u00e4 tuotetta k\u00e4ytett\u00e4v\u00e4 mukana toimitetun sein\u00e4kiinnityslaitteen kanssa.<\/li>\n<\/ul>\n<p>Huomioi:<\/p>\n<ul>\n<li>Jokaisen tuotteen mukana on laatikossa kokoonpano-ohje helppoa asennusta varten.<\/li>\n<\/ul>\n<ul>\n<li>V\u00e4ri: Sonoma-tammi<\/li>\n<li>Materiaali: Tekninen puu, akryyli<\/li>\n<li>Peilip\u00f6yd\u00e4n mitat: 60 x 40 x 140 cm (L x S x K)<\/li>\n<li>Alakaapin mitat: 80 x 40 x 75 cm (L x S x K)<\/li>\n<li>Yl\u00e4kaapin mitat: 80 x 40 x 65 cm (L x S x K)<\/li>\n<li><strong>Toimitus sis\u00e4lt\u00e4\u00e4:<\/strong><\/li>\n<li>1 x LED meikkip\u00f6yt\u00e4<\/li>\n<li>2 x hylly<\/li>\n<\/ul>\n","protected":false},"excerpt":{"rendered":"<ul>\n<li>V\u00e4ri: Sonoma-tammi<\/li>\n<li>Materiaali: Tekninen puu, akryyli<\/li>\n<li>Peilip\u00f6yd\u00e4n mitat: 60 x 40 x 140 cm (L x S x K)<\/li>\n<li>Alakaapin mitat: 80 x 40 x 75 cm (L x S x K)<\/li>\n<li>Yl\u00e4kaapin mitat: 80 x 40 x 65 cm (L x S x K)<\/li>\n<li><strong>Toimitus sis\u00e4lt\u00e4\u00e4:<\/strong><\/li>\n<li>1 x LED meikkip\u00f6yt\u00e4<\/li>\n<li>2 x hylly<\/li>\n<\/ul>\n","protected":false},"featured_media":100000102856,"comment_status":"closed","ping_status":"closed","template":"","meta":[],"product_brand":[],"product_cat":[84,8561,8566],"product_tag":[],"class_list":{"0":"post-102856","1":"product","2":"type-product","3":"status-publish","4":"has-post-thumbnail","6":"product_cat-huonekalut","7":"product_cat-kampauspoydat","8":"product_cat-makuuhuoneen-kampauspoydat","10":"first","11":"instock","12":"taxable","13":"shipping-taxable","14":"purchasable","15":"product-type-simple"},"_links":{"self":[{"href":"https:\/\/www.otiumhome.fi\/index.php\/wp-json\/wp\/v2\/product\/102856","targetHints":{"allow":["GET"]}}],"collection":[{"href":"https:\/\/www.otiumhome.fi\/index.php\/wp-json\/wp\/v2\/product"}],"about":[{"href":"https:\/\/www.otiumhome.fi\/index.php\/wp-json\/wp\/v2\/types\/product"}],"replies":[{"embeddable":true,"href":"https:\/\/www.otiumhome.fi\/index.php\/wp-json\/wp\/v2\/comments?post=102856"}],"wp:featuredmedia":[{"embeddable":true,"href":"https:\/\/www.otiumhome.fi\/index.php\/wp-json\/"}],"wp:attachment":[{"href":"https:\/\/www.otiumhome.fi\/index.php\/wp-json\/wp\/v2\/media?parent=102856"}],"wp:term":[{"taxonomy":"product_brand","embeddable":true,"href":"https:\/\/www.otiumhome.fi\/index.php\/wp-json\/wp\/v2\/product_brand?post=102856"},{"taxonomy":"product_cat","embeddable":true,"href":"https:\/\/www.otiumhome.fi\/index.php\/wp-json\/wp\/v2\/product_cat?post=102856"},{"taxonomy":"product_tag","embeddable":true,"href":"https:\/\/www.otiumhome.fi\/index.php\/wp-json\/wp\/v2\/product_tag?post=102856"}],"curies":[{"name":"wp","href":"https:\/\/api.w.org\/{rel}","templated":true}]}}