{"id":102791,"date":"2024-12-15T13:54:36","date_gmt":"2024-12-15T13:54:36","guid":{"rendered":"https:\/\/www.otiumhome.fi\/?p=102791"},"modified":"2025-12-14T06:45:53","modified_gmt":"2025-12-14T06:45:53","slug":"peilipoyta-led-valoilla-valkoinen-80x41x1445-cm","status":"publish","type":"product","link":"https:\/\/www.otiumhome.fi\/index.php\/tuote\/peilipoyta-led-valoilla-valkoinen-80x41x1445-cm\/","title":{"rendered":"Peilip\u00f6yt\u00e4 LED-valoilla valkoinen 80x41x144,5 cm"},"content":{"rendered":"<p>Meikkip\u00f6yt\u00e4 on mahtava lis\u00e4 makuuhuoneesi sisustukseen. Se pit\u00e4\u00e4 samalla kosmetiikkatuotteet ulottuvillasi!<\/p>\n<\/p>\n<ul>\n<li>Vakaa ja kest\u00e4v\u00e4 materiaali: Tekninen puu on kest\u00e4v\u00e4 ja vakaa materiaali, jonka sile\u00e4 pinta kest\u00e4\u00e4 kosteutta, v\u00e4\u00e4ntymist\u00e4 ja halkeilua, joten se on luotettava valinta erilaisiin projekteihin.<\/li>\n<li>Runsaasti s\u00e4ilytystilaa: Kahdella laatikolla ja kolmella osastolla varustettu meikkip\u00f6yt\u00e4 tarjoaa runsaasti s\u00e4ilytystilaa p\u00e4ivitt\u00e4istavaroiden hyv\u00e4ss\u00e4 j\u00e4rjestyksess\u00e4 ja helposti ulottuvilla pit\u00e4miseen.<\/li>\n<li>Meikkipeili: Kaunis meikkipeili takaa selke\u00e4n n\u00e4kym\u00e4n meikkauksen aikana. Se lis\u00e4\u00e4 my\u00f6s tyylikk\u00e4\u00e4n ilmeen meikkip\u00f6yd\u00e4lle.<\/li>\n<li>LED-valot: Meikkip\u00f6yd\u00e4ss\u00e4 on LED-valot USB-liit\u00e4nn\u00e4ll\u00e4, jotka on helppo vaihtaa l\u00e4mpim\u00e4n valkoisesta kylm\u00e4n valkoiseen. Peilin ymp\u00e4rill\u00e4 olevat LED-valot korostavat my\u00f6s kauneuttasi.<\/li>\n<\/ul>\n<p>Varoitus:<\/p>\n<ul>\n<li>Kaatumisen est\u00e4miseksi t\u00e4t\u00e4 tuotetta on k\u00e4ytett\u00e4v\u00e4 mukana toimitetun sein\u00e4kiinnityslaitteen kanssa.<\/li>\n<\/ul>\n<ul>\n<li>V\u00e4ri: Valkoinen<\/li>\n<li>Materiaali: tekninen puu, lasi<\/li>\n<li>Mitat: 80 x 41 x 144,5 cm (L x S x K)<\/li>\n<li>Enimm\u00e4iskantavuus: 35 kg<\/li>\n<li>2 vetolaatikkoa ja 3 lokeroa<\/li>\n<li>Asennus vaaditaan: Kyll\u00e4<\/li>\n<\/ul>\n","protected":false},"excerpt":{"rendered":"<ul>\n<li>V\u00e4ri: Valkoinen<\/li>\n<li>Materiaali: tekninen puu, lasi<\/li>\n<li>Mitat: 80 x 41 x 144,5 cm (L x S x K)<\/li>\n<li>Enimm\u00e4iskantavuus: 35 kg<\/li>\n<li>2 vetolaatikkoa ja 3 lokeroa<\/li>\n<li>Asennus vaaditaan: Kyll\u00e4<\/li>\n<\/ul>\n","protected":false},"featured_media":100000102791,"comment_status":"closed","ping_status":"closed","template":"","meta":[],"product_brand":[],"product_cat":[84,8561,8566],"product_tag":[],"class_list":{"0":"post-102791","1":"product","2":"type-product","3":"status-publish","4":"has-post-thumbnail","6":"product_cat-huonekalut","7":"product_cat-kampauspoydat","8":"product_cat-makuuhuoneen-kampauspoydat","10":"first","11":"instock","12":"taxable","13":"shipping-taxable","14":"purchasable","15":"product-type-simple"},"_links":{"self":[{"href":"https:\/\/www.otiumhome.fi\/index.php\/wp-json\/wp\/v2\/product\/102791","targetHints":{"allow":["GET"]}}],"collection":[{"href":"https:\/\/www.otiumhome.fi\/index.php\/wp-json\/wp\/v2\/product"}],"about":[{"href":"https:\/\/www.otiumhome.fi\/index.php\/wp-json\/wp\/v2\/types\/product"}],"replies":[{"embeddable":true,"href":"https:\/\/www.otiumhome.fi\/index.php\/wp-json\/wp\/v2\/comments?post=102791"}],"wp:featuredmedia":[{"embeddable":true,"href":"https:\/\/www.otiumhome.fi\/index.php\/wp-json\/"}],"wp:attachment":[{"href":"https:\/\/www.otiumhome.fi\/index.php\/wp-json\/wp\/v2\/media?parent=102791"}],"wp:term":[{"taxonomy":"product_brand","embeddable":true,"href":"https:\/\/www.otiumhome.fi\/index.php\/wp-json\/wp\/v2\/product_brand?post=102791"},{"taxonomy":"product_cat","embeddable":true,"href":"https:\/\/www.otiumhome.fi\/index.php\/wp-json\/wp\/v2\/product_cat?post=102791"},{"taxonomy":"product_tag","embeddable":true,"href":"https:\/\/www.otiumhome.fi\/index.php\/wp-json\/wp\/v2\/product_tag?post=102791"}],"curies":[{"name":"wp","href":"https:\/\/api.w.org\/{rel}","templated":true}]}}