{"id":102686,"date":"2024-12-15T13:54:29","date_gmt":"2024-12-15T13:54:29","guid":{"rendered":"https:\/\/www.otiumhome.fi\/?p=102686"},"modified":"2025-06-06T16:06:44","modified_gmt":"2025-06-06T16:06:44","slug":"moderni-meikkipoyta","status":"publish","type":"product","link":"https:\/\/www.otiumhome.fi\/index.php\/tuote\/moderni-meikkipoyta\/","title":{"rendered":"Moderni meikkip\u00f6yt\u00e4"},"content":{"rendered":"<p>T\u00e4m\u00e4 kaunis meikkip\u00f6yt\u00e4 tulee pirist\u00e4m\u00e4\u00e4n makuuhuonettasi tai pukuhuonettasi! Meikkip\u00f6yd\u00e4ss\u00e4 on kaksi vetolaatikkoa p\u00f6yt\u00e4levyn p\u00e4\u00e4ll\u00e4, joihin voit laittaa arvoesineesi. Lis\u00e4ksi, p\u00f6yd\u00e4n alla on viel\u00e4 kaksi t\u00e4ysimittaista ylim\u00e4\u00e4r\u00e4ist\u00e4 vetolaatikkoa s\u00e4ilytyst\u00e4 varten. Vetolaatikot voidaan poistaa helposti puhdistusta varten. Pehme\u00e4n valkoinen pinta ja upeat muodot saavat sen vaikuttamaan todella arvokkaalta ja tyylikk\u00e4\u00e4lt\u00e4. T\u00e4m\u00e4 lista sis\u00e4lt\u00e4\u00e4 yhden meikkip\u00f6yd\u00e4n. Valikoimassamme on monia meikkip\u00f6yd\u00e4n kanssa yhteensopivia tuotteita kuten jakkara, peili ja paljon muuta! Ota huomioon, ett\u00e4 t\u00e4m\u00e4 huonekalu on k\u00e4sintehty, valmistettu puusta ja maalattu valkoiseksi, joten pienet virheet voivat olla mahdollisia. <\/p>\n<ul>\n<li>Materiaali: MDF, harjattu m\u00e4nty<\/li>\n<li>V\u00e4ri: valkoinen<\/li>\n<li>Mitat: 87 x 42 x 89 cm (P x L x K)<\/li>\n<\/ul>\n","protected":false},"excerpt":{"rendered":"<ul>\n<li>Materiaali: MDF, harjattu m\u00e4nty<\/li>\n<li>V\u00e4ri: valkoinen<\/li>\n<li>Mitat: 87 x 42 x 89 cm (P x L x K)<\/li>\n<\/ul>\n","protected":false},"featured_media":100000102686,"comment_status":"closed","ping_status":"closed","template":"","meta":[],"product_brand":[],"product_cat":[84,8561,8566],"product_tag":[],"class_list":{"0":"post-102686","1":"product","2":"type-product","3":"status-publish","4":"has-post-thumbnail","6":"product_cat-huonekalut","7":"product_cat-kampauspoydat","8":"product_cat-makuuhuoneen-kampauspoydat","10":"first","11":"instock","12":"taxable","13":"shipping-taxable","14":"purchasable","15":"product-type-simple"},"_links":{"self":[{"href":"https:\/\/www.otiumhome.fi\/index.php\/wp-json\/wp\/v2\/product\/102686","targetHints":{"allow":["GET"]}}],"collection":[{"href":"https:\/\/www.otiumhome.fi\/index.php\/wp-json\/wp\/v2\/product"}],"about":[{"href":"https:\/\/www.otiumhome.fi\/index.php\/wp-json\/wp\/v2\/types\/product"}],"replies":[{"embeddable":true,"href":"https:\/\/www.otiumhome.fi\/index.php\/wp-json\/wp\/v2\/comments?post=102686"}],"wp:featuredmedia":[{"embeddable":true,"href":"https:\/\/www.otiumhome.fi\/index.php\/wp-json\/"}],"wp:attachment":[{"href":"https:\/\/www.otiumhome.fi\/index.php\/wp-json\/wp\/v2\/media?parent=102686"}],"wp:term":[{"taxonomy":"product_brand","embeddable":true,"href":"https:\/\/www.otiumhome.fi\/index.php\/wp-json\/wp\/v2\/product_brand?post=102686"},{"taxonomy":"product_cat","embeddable":true,"href":"https:\/\/www.otiumhome.fi\/index.php\/wp-json\/wp\/v2\/product_cat?post=102686"},{"taxonomy":"product_tag","embeddable":true,"href":"https:\/\/www.otiumhome.fi\/index.php\/wp-json\/wp\/v2\/product_tag?post=102686"}],"curies":[{"name":"wp","href":"https:\/\/api.w.org\/{rel}","templated":true}]}}