{"id":102671,"date":"2024-12-15T13:54:28","date_gmt":"2024-12-15T13:54:28","guid":{"rendered":"https:\/\/www.otiumhome.fi\/?p=102671"},"modified":"2025-06-06T16:04:35","modified_gmt":"2025-06-06T16:04:35","slug":"kaappi-2-laatikolla-savutammi-60x31x40-cm-tekninen-puu","status":"publish","type":"product","link":"https:\/\/www.otiumhome.fi\/index.php\/tuote\/kaappi-2-laatikolla-savutammi-60x31x40-cm-tekninen-puu\/","title":{"rendered":"kaappi 2 laatikolla savutammi 60x31x40 cm tekninen puu"},"content":{"rendered":"<p>K\u00e4yt\u00e4nn\u00f6llinen kaappi on suunniteltu mukautumaan s\u00e4ilytystarpeihisi ja parantamaan kotisi yleist\u00e4 estetiikkaa.<\/p>\n<\/p>\n<ul>\n<li>Vakaa ja kest\u00e4v\u00e4 materiaali: Tekninen puu on kest\u00e4v\u00e4 ja vakaa materiaali, jonka sile\u00e4 pinta kest\u00e4\u00e4 kosteutta, v\u00e4\u00e4ntymist\u00e4 ja halkeilua, joten se on luotettava valinta erilaisiin projekteihin.<\/li>\n<li>Pinottava rakenne: S\u00e4ilytyskaappi toimii erinomaisesti yksin\u00e4\u00e4n, mutta se voidaan my\u00f6s pinota lis\u00e4yksik\u00f6iden kanssa pystysuoran s\u00e4ilytystilan maksimoimiseksi. Aloitatpa sitten yhdell\u00e4 tai suunnittelet laajentamista, t\u00e4m\u00e4n kaapin avulla on helppo mukauttaa kasvaviin s\u00e4ilytystarpeisiin.<\/li>\n<li>Runsaasti s\u00e4ilytystilaa: S\u00e4ilytyslaatikoilla varustettu s\u00e4ilytyskaappi tarjoaa runsaasti s\u00e4ilytystilaa tavaroillesi. Jokainen lokero on riitt\u00e4v\u00e4n tilava ja yl\u00e4levy\u00e4 voidaan k\u00e4ytt\u00e4\u00e4 esillepanoon, mik\u00e4 varmistaa, ett\u00e4 p\u00e4ivitt\u00e4iset k\u00e4ytt\u00f6si ovat siististi j\u00e4rjestettyj\u00e4 ja helposti saatavilla.<\/li>\n<li>Monipuolinen k\u00e4ytt\u00f6: Voit sijoittaa t\u00e4m\u00e4n kaapin mihin tahansa olohuoneeseen, ruokailuhuoneeseen tai makuuhuoneeseen. S\u00e4ilytyslaatikoiden avulla voit j\u00e4rjest\u00e4\u00e4 erilaisia tavaroita p\u00e4ivitt\u00e4isist\u00e4 tarvikkeista tarvikkeisiin.<\/li>\n<li>Helppo huoltaa: Sile\u00e4n pinnan ansiosta kaappi on helppo puhdistaa kostealla liinalla ja se tarvitsee vain v\u00e4h\u00e4ist\u00e4 huoltoa.<\/li>\n<\/ul>\n<ul>\n<li>V\u00e4ri: savutammi<\/li>\n<li>Materiaali: Tekninen puu<\/li>\n<li>Kokonaismitat: 60 x 31 x 40 cm (L x S x K)<\/li>\n<li>Laatikon mitat (kukin): 56,5 x 23,5 x 18 cm (L x S x K)<\/li>\n<li>Laatikoiden lukum\u00e4\u00e4r\u00e4: 2<\/li>\n<li>Painokapasiteetti per laatikko: 5 kg<\/li>\n<li>Asennus vaaditaan: Kyll\u00e4<\/li>\n<\/ul>\n","protected":false},"excerpt":{"rendered":"<ul>\n<li>V\u00e4ri: savutammi<\/li>\n<li>Materiaali: Tekninen puu<\/li>\n<li>Kokonaismitat: 60 x 31 x 40 cm (L x S x K)<\/li>\n<li>Laatikon mitat (kukin): 56,5 x 23,5 x 18 cm (L x S x K)<\/li>\n<li>Laatikoiden lukum\u00e4\u00e4r\u00e4: 2<\/li>\n<li>Painokapasiteetti per laatikko: 5 kg<\/li>\n<li>Asennus vaaditaan: Kyll\u00e4<\/li>\n<\/ul>\n","protected":false},"featured_media":100000102671,"comment_status":"closed","ping_status":"closed","template":"","meta":[],"product_brand":[],"product_cat":[84,8563],"product_tag":[],"class_list":{"0":"post-102671","1":"product","2":"type-product","3":"status-publish","4":"has-post-thumbnail","6":"product_cat-huonekalut","7":"product_cat-laatikkoarkut","9":"first","10":"instock","11":"taxable","12":"shipping-taxable","13":"purchasable","14":"product-type-simple"},"_links":{"self":[{"href":"https:\/\/www.otiumhome.fi\/index.php\/wp-json\/wp\/v2\/product\/102671","targetHints":{"allow":["GET"]}}],"collection":[{"href":"https:\/\/www.otiumhome.fi\/index.php\/wp-json\/wp\/v2\/product"}],"about":[{"href":"https:\/\/www.otiumhome.fi\/index.php\/wp-json\/wp\/v2\/types\/product"}],"replies":[{"embeddable":true,"href":"https:\/\/www.otiumhome.fi\/index.php\/wp-json\/wp\/v2\/comments?post=102671"}],"wp:featuredmedia":[{"embeddable":true,"href":"https:\/\/www.otiumhome.fi\/index.php\/wp-json\/"}],"wp:attachment":[{"href":"https:\/\/www.otiumhome.fi\/index.php\/wp-json\/wp\/v2\/media?parent=102671"}],"wp:term":[{"taxonomy":"product_brand","embeddable":true,"href":"https:\/\/www.otiumhome.fi\/index.php\/wp-json\/wp\/v2\/product_brand?post=102671"},{"taxonomy":"product_cat","embeddable":true,"href":"https:\/\/www.otiumhome.fi\/index.php\/wp-json\/wp\/v2\/product_cat?post=102671"},{"taxonomy":"product_tag","embeddable":true,"href":"https:\/\/www.otiumhome.fi\/index.php\/wp-json\/wp\/v2\/product_tag?post=102671"}],"curies":[{"name":"wp","href":"https:\/\/api.w.org\/{rel}","templated":true}]}}