{"id":102534,"date":"2024-12-15T13:54:19","date_gmt":"2024-12-15T13:54:19","guid":{"rendered":"https:\/\/www.otiumhome.fi\/?p=102534"},"modified":"2025-06-06T16:03:48","modified_gmt":"2025-06-06T16:03:48","slug":"sivukaappi-pyorilla-70x40x75-cm-taysi-mangopuu","status":"publish","type":"product","link":"https:\/\/www.otiumhome.fi\/index.php\/tuote\/sivukaappi-pyorilla-70x40x75-cm-taysi-mangopuu\/","title":{"rendered":"Sivukaappi py\u00f6rill\u00e4 70x40x75 cm t\u00e4ysi mangopuu"},"content":{"rendered":"<p>Hienostunut ja tyylik\u00e4s sivukaappi huokuu vintagetunnelmaa sek\u00e4 teollista tyyli\u00e4 ja koostuu t\u00e4ydest\u00e4 mangopuusta ja ter\u00e4spy\u00f6rist\u00e4.<\/p>\n<\/p>\n<p>T\u00e4m\u00e4 vintagetyylinen sivukaappi on varustettu kolmella laatikolla, joten siin\u00e4 on runsaasti tilaa henkil\u00f6kohtaisten esineiden s\u00e4ilytt\u00e4miseen. Kest\u00e4v\u00e4 sivukaappi on valmistettu t\u00e4ydest\u00e4 karkeasta mangopuusta, tihe\u00e4st\u00e4 ja kest\u00e4v\u00e4st\u00e4 kovapuusta, jonka pinnalla on kauniita ruskeita tai kultaisia raitoja ja muotoja.<\/p>\n<\/p>\n<p>Korkealaatuinen k\u00e4sity\u00f6 ja esteettisesti houkuttelevat puun pintakuviot tekev\u00e4t jokaisesta huonekalusta ainutlaatuisen ja hieman erilaisen kuin muut. Varastokaappi on t\u00e4ysin k\u00e4sintehty ja jokainen ty\u00f6vaihe suoritetaan eritt\u00e4in huolellisesti, olipa kyse sitten kiillotuksesta, maalaamisesta tai lakkaamisesta. Lis\u00e4ksi jauhemaalatut ter\u00e4spy\u00f6r\u00e4t edesauttavat sen liikuttamista ja lis\u00e4\u00e4v\u00e4t my\u00f6s puukaapin teollista vieh\u00e4tysvoimaa. T\u00e4m\u00e4 kaappi on helppo koota.<\/p>\n<\/p>\n<p>T\u00e4rke\u00e4 huomio: V\u00e4rit vaihtelevat kappaleittain, mik\u00e4 tekee jokaisesta kaapista ainutlaatuisen; toimitus on sattumanvarainen.<\/p>\n<ul>\n<li>Materiaali: t\u00e4ysi mangopuu, ter\u00e4spy\u00f6r\u00e4t<\/li>\n<li>Mitat: 70 x 40 x 75 cm (L x S x K)<\/li>\n<li>3 vetolaatikkoa<\/li>\n<li>Hiottu, maalattu ja lakattu<\/li>\n<li>T\u00e4ysin k\u00e4sintehty<\/li>\n<li>Asennus vaaditaan: kyll\u00e4<\/li>\n<\/ul>\n","protected":false},"excerpt":{"rendered":"<ul>\n<li>Materiaali: t\u00e4ysi mangopuu, ter\u00e4spy\u00f6r\u00e4t<\/li>\n<li>Mitat: 70 x 40 x 75 cm (L x S x K)<\/li>\n<li>3 vetolaatikkoa<\/li>\n<li>Hiottu, maalattu ja lakattu<\/li>\n<li>T\u00e4ysin k\u00e4sintehty<\/li>\n<li>Asennus vaaditaan: kyll\u00e4<\/li>\n<\/ul>\n","protected":false},"featured_media":100000102534,"comment_status":"closed","ping_status":"closed","template":"","meta":[],"product_brand":[],"product_cat":[84,8563],"product_tag":[],"class_list":{"0":"post-102534","1":"product","2":"type-product","3":"status-publish","4":"has-post-thumbnail","6":"product_cat-huonekalut","7":"product_cat-laatikkoarkut","9":"first","10":"outofstock","11":"taxable","12":"shipping-taxable","13":"purchasable","14":"product-type-simple"},"_links":{"self":[{"href":"https:\/\/www.otiumhome.fi\/index.php\/wp-json\/wp\/v2\/product\/102534","targetHints":{"allow":["GET"]}}],"collection":[{"href":"https:\/\/www.otiumhome.fi\/index.php\/wp-json\/wp\/v2\/product"}],"about":[{"href":"https:\/\/www.otiumhome.fi\/index.php\/wp-json\/wp\/v2\/types\/product"}],"replies":[{"embeddable":true,"href":"https:\/\/www.otiumhome.fi\/index.php\/wp-json\/wp\/v2\/comments?post=102534"}],"wp:featuredmedia":[{"embeddable":true,"href":"https:\/\/www.otiumhome.fi\/index.php\/wp-json\/"}],"wp:attachment":[{"href":"https:\/\/www.otiumhome.fi\/index.php\/wp-json\/wp\/v2\/media?parent=102534"}],"wp:term":[{"taxonomy":"product_brand","embeddable":true,"href":"https:\/\/www.otiumhome.fi\/index.php\/wp-json\/wp\/v2\/product_brand?post=102534"},{"taxonomy":"product_cat","embeddable":true,"href":"https:\/\/www.otiumhome.fi\/index.php\/wp-json\/wp\/v2\/product_cat?post=102534"},{"taxonomy":"product_tag","embeddable":true,"href":"https:\/\/www.otiumhome.fi\/index.php\/wp-json\/wp\/v2\/product_tag?post=102534"}],"curies":[{"name":"wp","href":"https:\/\/api.w.org\/{rel}","templated":true}]}}