{"id":102531,"date":"2024-12-15T13:54:19","date_gmt":"2024-12-15T13:54:19","guid":{"rendered":"https:\/\/www.otiumhome.fi\/?p=102531"},"modified":"2025-06-06T16:03:48","modified_gmt":"2025-06-06T16:03:48","slug":"sivukaappi-35x25x57-cm-keisaripuu","status":"publish","type":"product","link":"https:\/\/www.otiumhome.fi\/index.php\/tuote\/sivukaappi-35x25x57-cm-keisaripuu\/","title":{"rendered":"Sivukaappi 35x25x57 cm keisaripuu"},"content":{"rendered":"<p>Puinen sivukaappimme on k\u00e4yt\u00e4nn\u00f6llinen ja koristeellinen lis\u00e4 sisustukseesi. Sit\u00e4 voidaan k\u00e4ytt\u00e4\u00e4 my\u00f6s puhelinp\u00f6yt\u00e4n\u00e4, makuuhuoneen kaappina jne.<\/p>\n<\/p>\n<p>Keisaripuusta valmistettu sivukaappi on kest\u00e4v\u00e4 ja vankka. Kaapissa on 3 vetolaatikkoa, joten se tarjoaa runsaasti s\u00e4ilytystilaa. Lis\u00e4ksi vankalle p\u00f6yt\u00e4levylle voi asettaa koriste-esineit\u00e4, valokuvakehyksi\u00e4 tai ruukkukasveja. P\u00f6yt\u00e4 on helppo puhdistaa kostealla liinalla pyyhkien. Sivukaappi on helppo koota.<\/p>\n<ul>\n<li>V\u00e4ri: valkoinen ja puunv\u00e4ri<\/li>\n<li>Materiaali: keisaripuu<\/li>\n<li>Mitat: 35 x 25 x 57 cm (L x S x K)<\/li>\n<li>3 vetolaatikkoa<\/li>\n<li>Maksimikantavuus (yhteens\u00e4): 50 kg<\/li>\n<li>Enimm\u00e4iskantavuus per laatikko: 2,5 kg<\/li>\n<li>VAROITUS! Kaatumisen est\u00e4miseksi t\u00e4t\u00e4 tuotetta on k\u00e4ytett\u00e4v\u00e4 mukana toimitetun sein\u00e4kiinnityslaitteen kanssa.<\/li>\n<li>Legal Documents:\n<p><span>Lis\u00e4tietoja huonekalujesi kaatumisen est\u00e4misest\u00e4 voit l\u00f6yt\u00e4\u00e4 <span style=\"text-decoration: underline\"><strong><a title=\"https:\/\/bit.ly\/3bVwkQp\" href=\"https:\/\/bit.ly\/3bVwkQp\" target=\"_blank\">t\u00e4\u00e4lt\u00e4<\/a><\/strong><\/span><\/span><\/p>\n<\/li>\n<\/ul>\n","protected":false},"excerpt":{"rendered":"<ul>\n<li>V\u00e4ri: valkoinen ja puunv\u00e4ri<\/li>\n<li>Materiaali: keisaripuu<\/li>\n<li>Mitat: 35 x 25 x 57 cm (L x S x K)<\/li>\n<li>3 vetolaatikkoa<\/li>\n<li>Maksimikantavuus (yhteens\u00e4): 50 kg<\/li>\n<li>Enimm\u00e4iskantavuus per laatikko: 2,5 kg<\/li>\n<li>VAROITUS! Kaatumisen est\u00e4miseksi t\u00e4t\u00e4 tuotetta on k\u00e4ytett\u00e4v\u00e4 mukana toimitetun sein\u00e4kiinnityslaitteen kanssa.<\/li>\n<li>Legal Documents:\n<p><span>Lis\u00e4tietoja huonekalujesi kaatumisen est\u00e4misest\u00e4 voit l\u00f6yt\u00e4\u00e4 <span style=\"text-decoration: underline\"><strong><a title=\"https:\/\/bit.ly\/3bVwkQp\" href=\"https:\/\/bit.ly\/3bVwkQp\" target=\"_blank\">t\u00e4\u00e4lt\u00e4<\/a><\/strong><\/span><\/span><\/p>\n<\/li>\n<\/ul>\n","protected":false},"featured_media":100000102531,"comment_status":"closed","ping_status":"closed","template":"","meta":[],"product_brand":[],"product_cat":[84,8563],"product_tag":[],"class_list":{"0":"post-102531","1":"product","2":"type-product","3":"status-publish","4":"has-post-thumbnail","6":"product_cat-huonekalut","7":"product_cat-laatikkoarkut","9":"first","10":"instock","11":"taxable","12":"shipping-taxable","13":"purchasable","14":"product-type-simple"},"_links":{"self":[{"href":"https:\/\/www.otiumhome.fi\/index.php\/wp-json\/wp\/v2\/product\/102531","targetHints":{"allow":["GET"]}}],"collection":[{"href":"https:\/\/www.otiumhome.fi\/index.php\/wp-json\/wp\/v2\/product"}],"about":[{"href":"https:\/\/www.otiumhome.fi\/index.php\/wp-json\/wp\/v2\/types\/product"}],"replies":[{"embeddable":true,"href":"https:\/\/www.otiumhome.fi\/index.php\/wp-json\/wp\/v2\/comments?post=102531"}],"wp:featuredmedia":[{"embeddable":true,"href":"https:\/\/www.otiumhome.fi\/index.php\/wp-json\/"}],"wp:attachment":[{"href":"https:\/\/www.otiumhome.fi\/index.php\/wp-json\/wp\/v2\/media?parent=102531"}],"wp:term":[{"taxonomy":"product_brand","embeddable":true,"href":"https:\/\/www.otiumhome.fi\/index.php\/wp-json\/wp\/v2\/product_brand?post=102531"},{"taxonomy":"product_cat","embeddable":true,"href":"https:\/\/www.otiumhome.fi\/index.php\/wp-json\/wp\/v2\/product_cat?post=102531"},{"taxonomy":"product_tag","embeddable":true,"href":"https:\/\/www.otiumhome.fi\/index.php\/wp-json\/wp\/v2\/product_tag?post=102531"}],"curies":[{"name":"wp","href":"https:\/\/api.w.org\/{rel}","templated":true}]}}