{"id":102529,"date":"2024-12-15T13:54:19","date_gmt":"2024-12-15T13:54:19","guid":{"rendered":"https:\/\/www.otiumhome.fi\/?p=102529"},"modified":"2025-06-06T16:03:48","modified_gmt":"2025-06-06T16:03:48","slug":"senkki-korkeakiilto-harmaa-60x35x80-cm-tekninen-puu","status":"publish","type":"product","link":"https:\/\/www.otiumhome.fi\/index.php\/tuote\/senkki-korkeakiilto-harmaa-60x35x80-cm-tekninen-puu\/","title":{"rendered":"Senkki korkeakiilto harmaa 60x35x80 cm tekninen puu"},"content":{"rendered":"<p>Senkki on erinomainen lis\u00e4 huoneeseesi sen k\u00e4yt\u00e4nn\u00f6llisyytens\u00e4 ansiosta.<\/p>\n<\/p>\n<p>Lastulevyst\u00e4 valmistettu kaappi korkeakiiltoisella viimeistelyll\u00e4 on hienostuneen n\u00e4k\u00f6inen ja eritt\u00e4in vakaa sek\u00e4 kest\u00e4v\u00e4. Lis\u00e4ksi kahdeksalla vetolaatikolla varustettu sivup\u00f6yt\u00e4 tarjoaa runsaasti s\u00e4ilytystilaa esineillesi, mik\u00e4 auttaa pit\u00e4m\u00e4\u00e4n huoneesi siistin\u00e4 ja puhtaana. T\u00e4m\u00e4 korkeakiiltoinen s\u00e4ilytyskaappi on helppo puhdistaa.<\/p>\n<ul>\n<li>V\u00e4ri: harmaa<\/li>\n<li>Materiaali: Tekninen puu korkeakiilto pinnoitteella<\/li>\n<li>Mitat: 60 x 35 x 80 cm (L x S x K)<\/li>\n<li>Vetolaatikon mitat: 22 x 28,5 x 8,5 cm (L x S x K)<\/li>\n<li>Sis\u00e4lt\u00e4\u00e4 8 vetolaatikkoa<\/li>\n<li>VAROITUS! Kaatumisen est\u00e4miseksi t\u00e4t\u00e4 tuotetta on k\u00e4ytett\u00e4v\u00e4 mukana toimitetun sein\u00e4kiinnityslaitteen kanssa.<\/li>\n<li>Legal Documents:\n<p><span>Lis\u00e4tietoja huonekalujesi kaatumisen est\u00e4misest\u00e4 voit l\u00f6yt\u00e4\u00e4 <span style=\"text-decoration: underline\"><strong><a title=\"https:\/\/bit.ly\/3bVwkQp\" href=\"https:\/\/bit.ly\/3bVwkQp\" target=\"_blank\">t\u00e4\u00e4lt\u00e4<\/a><\/strong><\/span><\/span><\/p>\n<\/li>\n<\/ul>\n","protected":false},"excerpt":{"rendered":"<ul>\n<li>V\u00e4ri: harmaa<\/li>\n<li>Materiaali: Tekninen puu korkeakiilto pinnoitteella<\/li>\n<li>Mitat: 60 x 35 x 80 cm (L x S x K)<\/li>\n<li>Vetolaatikon mitat: 22 x 28,5 x 8,5 cm (L x S x K)<\/li>\n<li>Sis\u00e4lt\u00e4\u00e4 8 vetolaatikkoa<\/li>\n<li>VAROITUS! Kaatumisen est\u00e4miseksi t\u00e4t\u00e4 tuotetta on k\u00e4ytett\u00e4v\u00e4 mukana toimitetun sein\u00e4kiinnityslaitteen kanssa.<\/li>\n<li>Legal Documents:\n<p><span>Lis\u00e4tietoja huonekalujesi kaatumisen est\u00e4misest\u00e4 voit l\u00f6yt\u00e4\u00e4 <span style=\"text-decoration: underline\"><strong><a title=\"https:\/\/bit.ly\/3bVwkQp\" href=\"https:\/\/bit.ly\/3bVwkQp\" target=\"_blank\">t\u00e4\u00e4lt\u00e4<\/a><\/strong><\/span><\/span><\/p>\n<\/li>\n<\/ul>\n","protected":false},"featured_media":100000102529,"comment_status":"closed","ping_status":"closed","template":"","meta":[],"product_brand":[],"product_cat":[84,8563],"product_tag":[],"class_list":{"0":"post-102529","1":"product","2":"type-product","3":"status-publish","4":"has-post-thumbnail","6":"product_cat-huonekalut","7":"product_cat-laatikkoarkut","9":"first","10":"instock","11":"taxable","12":"shipping-taxable","13":"purchasable","14":"product-type-simple"},"_links":{"self":[{"href":"https:\/\/www.otiumhome.fi\/index.php\/wp-json\/wp\/v2\/product\/102529","targetHints":{"allow":["GET"]}}],"collection":[{"href":"https:\/\/www.otiumhome.fi\/index.php\/wp-json\/wp\/v2\/product"}],"about":[{"href":"https:\/\/www.otiumhome.fi\/index.php\/wp-json\/wp\/v2\/types\/product"}],"replies":[{"embeddable":true,"href":"https:\/\/www.otiumhome.fi\/index.php\/wp-json\/wp\/v2\/comments?post=102529"}],"wp:featuredmedia":[{"embeddable":true,"href":"https:\/\/www.otiumhome.fi\/index.php\/wp-json\/"}],"wp:attachment":[{"href":"https:\/\/www.otiumhome.fi\/index.php\/wp-json\/wp\/v2\/media?parent=102529"}],"wp:term":[{"taxonomy":"product_brand","embeddable":true,"href":"https:\/\/www.otiumhome.fi\/index.php\/wp-json\/wp\/v2\/product_brand?post=102529"},{"taxonomy":"product_cat","embeddable":true,"href":"https:\/\/www.otiumhome.fi\/index.php\/wp-json\/wp\/v2\/product_cat?post=102529"},{"taxonomy":"product_tag","embeddable":true,"href":"https:\/\/www.otiumhome.fi\/index.php\/wp-json\/wp\/v2\/product_tag?post=102529"}],"curies":[{"name":"wp","href":"https:\/\/api.w.org\/{rel}","templated":true}]}}