{"id":102502,"date":"2024-12-15T13:54:17","date_gmt":"2024-12-15T13:54:17","guid":{"rendered":"https:\/\/www.otiumhome.fi\/?p=102502"},"modified":"2025-06-06T16:00:29","modified_gmt":"2025-06-06T16:00:29","slug":"kylpyhuoneen-kaappi-vanha-puu-33x33x1205-cm-tekninen-puu","status":"publish","type":"product","link":"https:\/\/www.otiumhome.fi\/index.php\/tuote\/kylpyhuoneen-kaappi-vanha-puu-33x33x1205-cm-tekninen-puu\/","title":{"rendered":"Kylpyhuoneen kaappi vanha puu 33x33x120,5 cm tekninen puu"},"content":{"rendered":"<p>T\u00e4m\u00e4 kylpyhuoneen kaappi on loistava lis\u00e4 kylpyhuoneeseesi, antaen sille siistin ja upean ulkon\u00e4\u00f6n!<\/p>\n<ul>\n<li>Tukeva rakenne: Jauhemaalattu ter\u00e4s ja tekninen puu takaavat tukevan rakenteen ja antavat tavaroillesi lujan tuen.<\/li>\n<li>Tilaa s\u00e4\u00e4st\u00e4v\u00e4 muotoilu: Kylpyhuoneen kaappi hy\u00f6dynt\u00e4\u00e4 ihanteellisesti pystysuoraa tilaa ja se vie vain v\u00e4h\u00e4n lattiatilaa, mik\u00e4 tekee siit\u00e4 erityisen sopivan pieniin huoneisiin.<\/li>\n<li>Runsaasti s\u00e4ilytystilaa: Kylpyhuoneen s\u00e4ilytyskaappi tarjoaa runsaasti tilaa t\u00e4rkeille hygienia- ja kylpytuotteillesi, kuten saippuoille, shampoille, hammastahnalle, jne.<\/li>\n<li><span style=\"font-size: 13.12px\">Joustava oviasennus: Osaston ovi voidaan asentaa vasemmalle tai oikealle puolelle, t\u00e4ysi henkil\u00f6kohtaisten tottumusten ja mukavuutesi mukaan.<\/span><\/li>\n<\/ul>\n<p>Varoitus:<\/p>\n<ul>\n<li>Kaatumisen est\u00e4miseksi t\u00e4t\u00e4 tuotetta on k\u00e4ytett\u00e4v\u00e4 mukana toimitetun sein\u00e4kiinnityslaitteen kanssa.<\/li>\n<\/ul>\n<ul>\n<li>V\u00e4ri: Vanha puu<\/li>\n<li>Materiaali: Tekninen puu, jauhemaalattu ter\u00e4s<\/li>\n<li>Mitat: 33 x 33 x 120,5 cm (P x L x K)<\/li>\n<li>Yhdell\u00e4 ovella ja kahdella lokerolla<\/li>\n<li>Asennus vaaditaan: Kyll\u00e4<\/li>\n<li>Legal Documents:\n<p><span>Lis\u00e4tietoja huonekalujesi kaatumisen est\u00e4misest\u00e4 voit l\u00f6yt\u00e4\u00e4 <span style=\"text-decoration: underline\"><strong><a title=\"https:\/\/bit.ly\/3bVwkQp\" href=\"https:\/\/bit.ly\/3bVwkQp\" target=\"_blank\">t\u00e4\u00e4lt\u00e4<\/a><\/strong><\/span><\/span><\/p>\n<\/li>\n<\/ul>\n","protected":false},"excerpt":{"rendered":"<ul>\n<li>V\u00e4ri: Vanha puu<\/li>\n<li>Materiaali: Tekninen puu, jauhemaalattu ter\u00e4s<\/li>\n<li>Mitat: 33 x 33 x 120,5 cm (P x L x K)<\/li>\n<li>Yhdell\u00e4 ovella ja kahdella lokerolla<\/li>\n<li>Asennus vaaditaan: Kyll\u00e4<\/li>\n<li>Legal Documents:\n<p><span>Lis\u00e4tietoja huonekalujesi kaatumisen est\u00e4misest\u00e4 voit l\u00f6yt\u00e4\u00e4 <span style=\"text-decoration: underline\"><strong><a title=\"https:\/\/bit.ly\/3bVwkQp\" href=\"https:\/\/bit.ly\/3bVwkQp\" target=\"_blank\">t\u00e4\u00e4lt\u00e4<\/a><\/strong><\/span><\/span><\/p>\n<\/li>\n<\/ul>\n","protected":false},"featured_media":100000102502,"comment_status":"closed","ping_status":"closed","template":"","meta":[],"product_brand":[],"product_cat":[84,8561,8562],"product_tag":[],"class_list":{"0":"post-102502","1":"product","2":"type-product","3":"status-publish","4":"has-post-thumbnail","6":"product_cat-huonekalut","7":"product_cat-kampauspoydat","8":"product_cat-kylpyhuoneen-kampauspoydat","10":"first","11":"instock","12":"taxable","13":"shipping-taxable","14":"purchasable","15":"product-type-simple"},"_links":{"self":[{"href":"https:\/\/www.otiumhome.fi\/index.php\/wp-json\/wp\/v2\/product\/102502","targetHints":{"allow":["GET"]}}],"collection":[{"href":"https:\/\/www.otiumhome.fi\/index.php\/wp-json\/wp\/v2\/product"}],"about":[{"href":"https:\/\/www.otiumhome.fi\/index.php\/wp-json\/wp\/v2\/types\/product"}],"replies":[{"embeddable":true,"href":"https:\/\/www.otiumhome.fi\/index.php\/wp-json\/wp\/v2\/comments?post=102502"}],"wp:featuredmedia":[{"embeddable":true,"href":"https:\/\/www.otiumhome.fi\/index.php\/wp-json\/"}],"wp:attachment":[{"href":"https:\/\/www.otiumhome.fi\/index.php\/wp-json\/wp\/v2\/media?parent=102502"}],"wp:term":[{"taxonomy":"product_brand","embeddable":true,"href":"https:\/\/www.otiumhome.fi\/index.php\/wp-json\/wp\/v2\/product_brand?post=102502"},{"taxonomy":"product_cat","embeddable":true,"href":"https:\/\/www.otiumhome.fi\/index.php\/wp-json\/wp\/v2\/product_cat?post=102502"},{"taxonomy":"product_tag","embeddable":true,"href":"https:\/\/www.otiumhome.fi\/index.php\/wp-json\/wp\/v2\/product_tag?post=102502"}],"curies":[{"name":"wp","href":"https:\/\/api.w.org\/{rel}","templated":true}]}}