{"id":102493,"date":"2024-12-15T13:54:16","date_gmt":"2024-12-15T13:54:16","guid":{"rendered":"https:\/\/www.otiumhome.fi\/?p=102493"},"modified":"2025-12-14T06:32:38","modified_gmt":"2025-12-14T06:32:38","slug":"led-peilikaappi-savutammi-40x12x45-cm-tekninen-puu","status":"publish","type":"product","link":"https:\/\/www.otiumhome.fi\/index.php\/tuote\/led-peilikaappi-savutammi-40x12x45-cm-tekninen-puu\/","title":{"rendered":"LED peilikaappi savutammi 40x12x45 cm tekninen puu"},"content":{"rendered":"<p>Lis\u00e4\u00e4 hieman kaunista estetiikkaa t\u00e4ll\u00e4 LED peilikaapilla, joka sopii t\u00e4ydellisesti kylpyhuoneesi!<\/p>\n<\/p>\n<ul>\n<li> Kest\u00e4v\u00e4 materiaali: Tekninen puu on poikkeuksellisen laadukasta ja sile\u00e4pintaista. Se on luja, vakaa ja kosteudelle vastustuskykyinen. Teknisest\u00e4 puusta valmistettu kylpyhuoneen LED peilikaappi on helppo puhdistaa.<\/li>\n<li> Runsaasti s\u00e4ilytystilaa: T\u00e4m\u00e4 LED-peilikaappi tarjoaa lis\u00e4tilaa t\u00e4rkeille hygienia- ja kylpytuotteillesi, kuten saippuoille, shampoille, hammastahnalle, jne. <\/li>\n<li> Sein\u00e4lle kiinnitett\u00e4v\u00e4 malli: Kylpyhuoneen peilikaappi voidaan kiinnitt\u00e4\u00e4 sein\u00e4lle. Voit t\u00e4ll\u00e4 tavoin maksimoida lattiatilasi ja pit\u00e4\u00e4 alueen siistin\u00e4. <\/li>\n<li>Meikkipeili: Kaunis meikkipeili takaa selke\u00e4n n\u00e4kym\u00e4n meikkauksen aikana. Se lis\u00e4\u00e4 my\u00f6s tyylikk\u00e4\u00e4n ilmeen kylpyhuoneen meikkipeilille. <\/li>\n<li>RGB-valo: Kylpyhuoneen kaapissa on RGB-valo, joten LED-valojen v\u00e4ri\u00e4 voidaan muuttaa. <\/li>\n<\/ul>\n<p>Hyv\u00e4 tiet\u00e4\u00e4:<\/p>\n<ul>\n<li>Peili on valmistettu kevyest\u00e4 ja laadukkaasta akryylimateriaalista, joka on turvallisempaa ja kest\u00e4v\u00e4mp\u00e4\u00e4 kuin lasi. Sinun pit\u00e4\u00e4 poistaa suojakalvo ennen peilin k\u00e4ytt\u00f6\u00e4. <\/li>\n<li> Tuotteessa on USB-liitin, mutta sertifioitu 5 V USB virtal\u00e4hde ei sis\u00e4lly toimitukseen.<\/li>\n<li> Sein\u00e4\u00e4n kiinnitett\u00e4v\u00e4t ruuvit ja tulpat eiv\u00e4t sis\u00e4lly toimitukseen. Suosittelemme etsim\u00e4\u00e4n ja k\u00e4ytt\u00e4m\u00e4\u00e4n sein\u00e4\u00e4si sopivia ruuveja ja tulppia. Jos olet ep\u00e4varma, kysy ammattilaisen neuvoa. Lue ja noudata ohjeiden jokaista vaihetta.<\/li>\n<\/ul>\n<ul>\n<li>V\u00e4ri: savutammi<\/li>\n<li>Materiaali: Tekninen puu, akryyli<\/li>\n<li>Mitat: 40 x 12 x 45 cm (L x S x K)<\/li>\n<li>RGB-valolla<\/li>\n<li>Maksimikantavuus (yhteens\u00e4): 60 kg<\/li>\n<li>Asennus vaaditaan: Kyll\u00e4<\/li>\n<\/ul>\n","protected":false},"excerpt":{"rendered":"<ul>\n<li>V\u00e4ri: savutammi<\/li>\n<li>Materiaali: Tekninen puu, akryyli<\/li>\n<li>Mitat: 40 x 12 x 45 cm (L x S x K)<\/li>\n<li>RGB-valolla<\/li>\n<li>Maksimikantavuus (yhteens\u00e4): 60 kg<\/li>\n<li>Asennus vaaditaan: Kyll\u00e4<\/li>\n<\/ul>\n","protected":false},"featured_media":100000102493,"comment_status":"closed","ping_status":"closed","template":"","meta":[],"product_brand":[],"product_cat":[84,8561,8562],"product_tag":[],"class_list":{"0":"post-102493","1":"product","2":"type-product","3":"status-publish","4":"has-post-thumbnail","6":"product_cat-huonekalut","7":"product_cat-kampauspoydat","8":"product_cat-kylpyhuoneen-kampauspoydat","10":"first","11":"instock","12":"taxable","13":"shipping-taxable","14":"purchasable","15":"product-type-simple"},"_links":{"self":[{"href":"https:\/\/www.otiumhome.fi\/index.php\/wp-json\/wp\/v2\/product\/102493","targetHints":{"allow":["GET"]}}],"collection":[{"href":"https:\/\/www.otiumhome.fi\/index.php\/wp-json\/wp\/v2\/product"}],"about":[{"href":"https:\/\/www.otiumhome.fi\/index.php\/wp-json\/wp\/v2\/types\/product"}],"replies":[{"embeddable":true,"href":"https:\/\/www.otiumhome.fi\/index.php\/wp-json\/wp\/v2\/comments?post=102493"}],"wp:featuredmedia":[{"embeddable":true,"href":"https:\/\/www.otiumhome.fi\/index.php\/wp-json\/"}],"wp:attachment":[{"href":"https:\/\/www.otiumhome.fi\/index.php\/wp-json\/wp\/v2\/media?parent=102493"}],"wp:term":[{"taxonomy":"product_brand","embeddable":true,"href":"https:\/\/www.otiumhome.fi\/index.php\/wp-json\/wp\/v2\/product_brand?post=102493"},{"taxonomy":"product_cat","embeddable":true,"href":"https:\/\/www.otiumhome.fi\/index.php\/wp-json\/wp\/v2\/product_cat?post=102493"},{"taxonomy":"product_tag","embeddable":true,"href":"https:\/\/www.otiumhome.fi\/index.php\/wp-json\/wp\/v2\/product_tag?post=102493"}],"curies":[{"name":"wp","href":"https:\/\/api.w.org\/{rel}","templated":true}]}}