{"id":101965,"date":"2024-12-15T13:40:40","date_gmt":"2024-12-15T13:40:40","guid":{"rendered":"https:\/\/www.otiumhome.fi\/?p=101965"},"modified":"2025-12-14T06:32:03","modified_gmt":"2025-12-14T06:32:03","slug":"led-kylpyhuonepeili-musta-100x85x37-cm-akryyli","status":"publish","type":"product","link":"https:\/\/www.otiumhome.fi\/index.php\/tuote\/led-kylpyhuonepeili-musta-100x85x37-cm-akryyli\/","title":{"rendered":"LED-kylpyhuonepeili musta 100&#215;8,5&#215;37 cm akryyli"},"content":{"rendered":"<p>Lis\u00e4\u00e4 hieman kaunista estetiikkaa kylpyhuoneeseesi t\u00e4ll\u00e4 LED-peilill\u00e4. Se tuo modernia tyyli\u00e4 mihin tahansa huoneeseen!<\/p>\n<\/p>\n<p>Kest\u00e4v\u00e4 ja vakaa sein\u00e4peili on valmistettu teknisest\u00e4 puusta ja akryylist\u00e4. T\u00e4ss\u00e4 peiliss\u00e4 on RGB-valo, joten LED-valojen v\u00e4ri\u00e4 voidaan vaihdella. Peili on helppo puhdistaa kostealla liinalla.<\/p>\n<\/p>\n<p>Tyylikk\u00e4\u00e4n ja k\u00e4yt\u00e4nn\u00f6llisen peilin tarkoitus on tehd\u00e4 huoneesi sisustuksesta autenttinen ja ainutlaatuinen!<\/p>\n<\/p>\n<p>Peili voidaan ripustaa vaaka- tai pystysuoraan<\/p>\n<\/p>\n<p>Huomioi:<\/p>\n<p>Peili on valmistettu kevyest\u00e4 ja laadukkaasta akryylimateriaalista, joka on turvallisempaa ja kest\u00e4v\u00e4mp\u00e4\u00e4 kuin lasi. Sinun pit\u00e4\u00e4 poistaa suojakalvo ennen peilin k\u00e4ytt\u00f6\u00e4.<\/p>\n<p>Tuotteessa on USB-liitin, mutta sertifioitu 5 V USB virtal\u00e4hde ei sis\u00e4lly toimitukseen.<\/p>\n<ul>\n<li>V\u00e4ri: musta<\/li>\n<li>Materiaali: Tekninen puu, akryyli<\/li>\n<li>Mitat: 100 x 8,5 x 37 cm (L x S x K)<\/li>\n<li>RGB-valolla<\/li>\n<li>Asennus vaaditaan: kyll\u00e4<\/li>\n<li><strong>Huomio: <\/strong>Sein\u00e4\u00e4n kiinnitett\u00e4v\u00e4t ruuvit ja tulpat eiv\u00e4t sis\u00e4lly toimitukseen. Etsi ja k\u00e4yt\u00e4 sein\u00e4\u00e4si sopivia ruuveja ja tulppia. Jos olet ep\u00e4varma, kysy ammattilaisen neuvoa. Lue ja seuraa asennusohjeiden jokaista vaihetta huolella.<\/li>\n<\/ul>\n","protected":false},"excerpt":{"rendered":"<ul>\n<li>V\u00e4ri: musta<\/li>\n<li>Materiaali: Tekninen puu, akryyli<\/li>\n<li>Mitat: 100 x 8,5 x 37 cm (L x S x K)<\/li>\n<li>RGB-valolla<\/li>\n<li>Asennus vaaditaan: kyll\u00e4<\/li>\n<li><strong>Huomio: <\/strong>Sein\u00e4\u00e4n kiinnitett\u00e4v\u00e4t ruuvit ja tulpat eiv\u00e4t sis\u00e4lly toimitukseen. Etsi ja k\u00e4yt\u00e4 sein\u00e4\u00e4si sopivia ruuveja ja tulppia. Jos olet ep\u00e4varma, kysy ammattilaisen neuvoa. Lue ja seuraa asennusohjeiden jokaista vaihetta huolella.<\/li>\n<\/ul>\n","protected":false},"featured_media":100000101965,"comment_status":"closed","ping_status":"closed","template":"","meta":[],"product_brand":[],"product_cat":[84,8561,8562],"product_tag":[],"class_list":{"0":"post-101965","1":"product","2":"type-product","3":"status-publish","4":"has-post-thumbnail","6":"product_cat-huonekalut","7":"product_cat-kampauspoydat","8":"product_cat-kylpyhuoneen-kampauspoydat","10":"first","11":"instock","12":"taxable","13":"shipping-taxable","14":"purchasable","15":"product-type-simple"},"_links":{"self":[{"href":"https:\/\/www.otiumhome.fi\/index.php\/wp-json\/wp\/v2\/product\/101965","targetHints":{"allow":["GET"]}}],"collection":[{"href":"https:\/\/www.otiumhome.fi\/index.php\/wp-json\/wp\/v2\/product"}],"about":[{"href":"https:\/\/www.otiumhome.fi\/index.php\/wp-json\/wp\/v2\/types\/product"}],"replies":[{"embeddable":true,"href":"https:\/\/www.otiumhome.fi\/index.php\/wp-json\/wp\/v2\/comments?post=101965"}],"wp:featuredmedia":[{"embeddable":true,"href":"https:\/\/www.otiumhome.fi\/index.php\/wp-json\/"}],"wp:attachment":[{"href":"https:\/\/www.otiumhome.fi\/index.php\/wp-json\/wp\/v2\/media?parent=101965"}],"wp:term":[{"taxonomy":"product_brand","embeddable":true,"href":"https:\/\/www.otiumhome.fi\/index.php\/wp-json\/wp\/v2\/product_brand?post=101965"},{"taxonomy":"product_cat","embeddable":true,"href":"https:\/\/www.otiumhome.fi\/index.php\/wp-json\/wp\/v2\/product_cat?post=101965"},{"taxonomy":"product_tag","embeddable":true,"href":"https:\/\/www.otiumhome.fi\/index.php\/wp-json\/wp\/v2\/product_tag?post=101965"}],"curies":[{"name":"wp","href":"https:\/\/api.w.org\/{rel}","templated":true}]}}