{"id":101637,"date":"2024-12-15T13:29:58","date_gmt":"2024-12-15T13:29:58","guid":{"rendered":"https:\/\/www.otiumhome.fi\/?p=101637"},"modified":"2025-12-14T06:30:26","modified_gmt":"2025-12-14T06:30:26","slug":"led-kylpyhuoneen-peilikaappi-musta-80x15x60-cm-mdf","status":"publish","type":"product","link":"https:\/\/www.otiumhome.fi\/index.php\/tuote\/led-kylpyhuoneen-peilikaappi-musta-80x15x60-cm-mdf\/","title":{"rendered":"LED kylpyhuoneen peilikaappi musta 80x15x60 cm MDF"},"content":{"rendered":"<p>Tuo esteettist\u00e4 mukavuutta kylpyhuoneeseesi LED-meikkipeilikaapillamme! LED-peilikaappimme lis\u00e4\u00e4 hieman modernia tyyli\u00e4 ja pehme\u00e4\u00e4 valaistusta mihin tahansa huoneeseen!<\/p>\n<\/p>\n<p>Kaappi on valmistettu laadukkaasta melamiinilla p\u00e4\u00e4llystetyst\u00e4 MDF-levyst\u00e4, joten se on pitk\u00e4ik\u00e4inen. Valot on helppo kytke\u00e4 p\u00e4\u00e4lle tai pois painikkeesta. Energiatehokkaalla LED-valonauhalla n\u00e4et itsesi aina aidoimmassa valossa meikkausta, kauneudenhoitoa ja ihonhoitoa varten. Kaapin kahden oven sis\u00e4ll\u00e4 olevat kolme hylly\u00e4 tarjoavat runsaasti s\u00e4ilytystilaa. Niill\u00e4 voit s\u00e4ilytt\u00e4\u00e4 t\u00e4rke\u00e4t kylpytarvikkeet, kuten saippuat, shampoot ja hammastahnat. Kaapin keskell\u00e4 on siirrelt\u00e4v\u00e4 tilanjakaja. Voit asentaa sen haluamaasi paikkaan. Kaappi on lis\u00e4ksi helppo puhdistaa kostealla liinalla.<\/p>\n<\/p>\n<p>Tyylik\u00e4s ja k\u00e4yt\u00e4nn\u00f6llinen kaappi tekee huoneesi sisustuksesta aidon ja ainutlaatuisen!<\/p>\n<\/p>\n<p><strong>Huomio:<\/strong> Tuotteessa on USB-liitin, mutta sertifioitu 5 V USB virtal\u00e4hde ei sis\u00e4lly toimitukseen.<\/p>\n<ul>\n<li>V\u00e4ri: musta ja hopea<\/li>\n<li>Materiaali: MDF melamiinipinnalla, lasi<\/li>\n<li>Kokonaismitat: 80 x 15 x 60 cm (L x S x K)<\/li>\n<li>Oven takana olevan hyllyn koko: 76,8 x 11,2 cm (L x S)<\/li>\n<li>Alahyllyn koko: 77 x 11,8 x 13 cm (L x S x K)<\/li>\n<li>Lasin koko (kukin): 39,5 x 46,5 cm (L x S)<\/li>\n<li>On\/off-painikkeella<\/li>\n<li>Teho: 1,6 W<\/li>\n<li>USB pituus: 1 m<\/li>\n<li>Enimm\u00e4iskantavuus: 20 kg<\/li>\n<li>USB-k\u00e4ytt\u00f6liittym\u00e4ll\u00e4<\/li>\n<li>J\u00e4nnite: 5 V<\/li>\n<li>Maksimikantavuus (yhteens\u00e4): 10 kg<\/li>\n<li>Enimm\u00e4iskantavuus (alahylly): 2,5 kg<\/li>\n<li>Enimm\u00e4iskantavuus (toinen hylly): 2,5 kg<\/li>\n<li>Asennus vaaditaan: kyll\u00e4<\/li>\n<\/ul>\n","protected":false},"excerpt":{"rendered":"<ul>\n<li>V\u00e4ri: musta ja hopea<\/li>\n<li>Materiaali: MDF melamiinipinnalla, lasi<\/li>\n<li>Kokonaismitat: 80 x 15 x 60 cm (L x S x K)<\/li>\n<li>Oven takana olevan hyllyn koko: 76,8 x 11,2 cm (L x S)<\/li>\n<li>Alahyllyn koko: 77 x 11,8 x 13 cm (L x S x K)<\/li>\n<li>Lasin koko (kukin): 39,5 x 46,5 cm (L x S)<\/li>\n<li>On\/off-painikkeella<\/li>\n<li>Teho: 1,6 W<\/li>\n<li>USB pituus: 1 m<\/li>\n<li>Enimm\u00e4iskantavuus: 20 kg<\/li>\n<li>USB-k\u00e4ytt\u00f6liittym\u00e4ll\u00e4<\/li>\n<li>J\u00e4nnite: 5 V<\/li>\n<li>Maksimikantavuus (yhteens\u00e4): 10 kg<\/li>\n<li>Enimm\u00e4iskantavuus (alahylly): 2,5 kg<\/li>\n<li>Enimm\u00e4iskantavuus (toinen hylly): 2,5 kg<\/li>\n<li>Asennus vaaditaan: kyll\u00e4<\/li>\n<\/ul>\n","protected":false},"featured_media":100000101637,"comment_status":"closed","ping_status":"closed","template":"","meta":[],"product_brand":[],"product_cat":[84,8561,8562],"product_tag":[],"class_list":{"0":"post-101637","1":"product","2":"type-product","3":"status-publish","4":"has-post-thumbnail","6":"product_cat-huonekalut","7":"product_cat-kampauspoydat","8":"product_cat-kylpyhuoneen-kampauspoydat","10":"first","11":"instock","12":"taxable","13":"shipping-taxable","14":"purchasable","15":"product-type-simple"},"_links":{"self":[{"href":"https:\/\/www.otiumhome.fi\/index.php\/wp-json\/wp\/v2\/product\/101637","targetHints":{"allow":["GET"]}}],"collection":[{"href":"https:\/\/www.otiumhome.fi\/index.php\/wp-json\/wp\/v2\/product"}],"about":[{"href":"https:\/\/www.otiumhome.fi\/index.php\/wp-json\/wp\/v2\/types\/product"}],"replies":[{"embeddable":true,"href":"https:\/\/www.otiumhome.fi\/index.php\/wp-json\/wp\/v2\/comments?post=101637"}],"wp:featuredmedia":[{"embeddable":true,"href":"https:\/\/www.otiumhome.fi\/index.php\/wp-json\/"}],"wp:attachment":[{"href":"https:\/\/www.otiumhome.fi\/index.php\/wp-json\/wp\/v2\/media?parent=101637"}],"wp:term":[{"taxonomy":"product_brand","embeddable":true,"href":"https:\/\/www.otiumhome.fi\/index.php\/wp-json\/wp\/v2\/product_brand?post=101637"},{"taxonomy":"product_cat","embeddable":true,"href":"https:\/\/www.otiumhome.fi\/index.php\/wp-json\/wp\/v2\/product_cat?post=101637"},{"taxonomy":"product_tag","embeddable":true,"href":"https:\/\/www.otiumhome.fi\/index.php\/wp-json\/wp\/v2\/product_tag?post=101637"}],"curies":[{"name":"wp","href":"https:\/\/api.w.org\/{rel}","templated":true}]}}